{"id":217,"date":"2017-04-22T06:55:01","date_gmt":"2017-04-22T06:55:01","guid":{"rendered":"https:\/\/www.therespiratorysystem.com\/?page_id=217"},"modified":"2022-09-20T09:48:12","modified_gmt":"2022-09-20T09:48:12","slug":"about-us","status":"publish","type":"page","link":"https:\/\/www.therespiratorysystem.com\/de\/about-us\/","title":{"rendered":"\u00dcber uns"},"content":{"rendered":"<p>Atmen mag einer der m\u00fchelosesten biologischen Vorg\u00e4nge sein, aber die Funktionsweise des Atmungssystems zu verstehen, kann etwas schwieriger sein. Hier auf TheRespiratorySystem.com finden Sie ausf\u00fchrliche, aber dennoch verst\u00e4ndliche Artikel \u00fcber die Anatomie und die Funktionen der Atemwege und aller anderen K\u00f6rperteile, die bei der Atmung helfen. Es gibt zahlreiche handgefertigte Bilder, die das Lernen f\u00fcr jeden noch einfacher machen, egal ob Sie ein Student, ein Lehrer oder einfach jemand sind, der sich f\u00fcr die menschliche Physiologie interessiert.<\/p>\n<p>Sie k\u00f6nnen <span style=\"text-decoration: underline;\"><strong><a href=\"https:\/\/www.therespiratorysystem.com\/de\/contact-us\/\">kontaktieren Sie unser Team hier &gt;&gt;<\/a><\/strong><\/span><\/p>\n<p>Bitte lesen Sie unser <span style=\"text-decoration: underline;\"><strong><a href=\"https:\/\/www.therespiratorysystem.com\/de\/privacy-policy-2\/\">Datenschutzbestimmungen hier &gt;&gt;<\/a><\/strong><\/span><\/p>\n<p>Die Nutzer k\u00f6nnen auch ihre eigenen Inhalte auf <strong><a href=\"https:\/\/www.therespiratorysystem.com\/de\/contact-us\/\">unsere Webseite<\/a><\/strong>!<\/p>","protected":false},"excerpt":{"rendered":"<p>Breathing may be one of the most effortless biological processes, but understanding the workings of the respiratory system can be a bit trickier. Here at TheRespiratorySystem.com, you can find detailed, yet intelligible articles on the anatomy and functions of the respiratory tract and all the other body parts that help with respiration. There are numerous [&hellip;]<\/p>\n","protected":false},"author":1,"featured_media":0,"parent":0,"menu_order":0,"comment_status":"closed","ping_status":"closed","template":"","meta":{"footnotes":""},"class_list":["post-217","page","type-page","status-publish","hentry"],"yoast_head":"<!-- This site is optimized with the Yoast SEO plugin v27.4 - https:\/\/yoast.com\/product\/yoast-seo-wordpress\/ -->\n<title>About Us - The Respiratory System<\/title>\n<meta name=\"robots\" content=\"index, follow, max-snippet:-1, max-image-preview:large, max-video-preview:-1\" \/>\n<link rel=\"canonical\" href=\"https:\/\/www.therespiratorysystem.com\/de\/about-us\/\" \/>\n<meta property=\"og:locale\" content=\"de_DE\" \/>\n<meta property=\"og:type\" content=\"article\" \/>\n<meta property=\"og:title\" content=\"About Us - The Respiratory System\" \/>\n<meta property=\"og:description\" content=\"Breathing may be one of the most effortless biological processes, but understanding the workings of the respiratory system can be a bit trickier. Here at TheRespiratorySystem.com, you can find detailed, yet intelligible articles on the anatomy and functions of the respiratory tract and all the other body parts that help with respiration. There are numerous [&hellip;]\" \/>\n<meta property=\"og:url\" content=\"https:\/\/www.therespiratorysystem.com\/de\/about-us\/\" \/>\n<meta property=\"og:site_name\" content=\"The Respiratory System\" \/>\n<meta property=\"article:modified_time\" content=\"2022-09-20T09:48:12+00:00\" \/>\n<meta name=\"twitter:card\" content=\"summary_large_image\" \/>\n<meta name=\"twitter:label1\" content=\"Gesch\u00e4tzte Lesezeit\" \/>\n\t<meta name=\"twitter:data1\" content=\"1\u00a0Minute\" \/>\n<script type=\"application\/ld+json\" class=\"yoast-schema-graph\">{\"@context\":\"https:\\\/\\\/schema.org\",\"@graph\":[{\"@type\":\"WebPage\",\"@id\":\"https:\\\/\\\/www.therespiratorysystem.com\\\/about-us\\\/\",\"url\":\"https:\\\/\\\/www.therespiratorysystem.com\\\/about-us\\\/\",\"name\":\"About Us - The Respiratory System\",\"isPartOf\":{\"@id\":\"https:\\\/\\\/www.therespiratorysystem.com\\\/#website\"},\"datePublished\":\"2017-04-22T06:55:01+00:00\",\"dateModified\":\"2022-09-20T09:48:12+00:00\",\"breadcrumb\":{\"@id\":\"https:\\\/\\\/www.therespiratorysystem.com\\\/about-us\\\/#breadcrumb\"},\"inLanguage\":\"de\",\"potentialAction\":[{\"@type\":\"ReadAction\",\"target\":[\"https:\\\/\\\/www.therespiratorysystem.com\\\/about-us\\\/\"]}]},{\"@type\":\"BreadcrumbList\",\"@id\":\"https:\\\/\\\/www.therespiratorysystem.com\\\/about-us\\\/#breadcrumb\",\"itemListElement\":[{\"@type\":\"ListItem\",\"position\":1,\"name\":\"Home\",\"item\":\"https:\\\/\\\/www.therespiratorysystem.com\\\/\"},{\"@type\":\"ListItem\",\"position\":2,\"name\":\"About Us\"}]},{\"@type\":\"WebSite\",\"@id\":\"https:\\\/\\\/www.therespiratorysystem.com\\\/#website\",\"url\":\"https:\\\/\\\/www.therespiratorysystem.com\\\/\",\"name\":\"The Respiratory System\",\"description\":\"\",\"potentialAction\":[{\"@type\":\"SearchAction\",\"target\":{\"@type\":\"EntryPoint\",\"urlTemplate\":\"https:\\\/\\\/www.therespiratorysystem.com\\\/?s={search_term_string}\"},\"query-input\":{\"@type\":\"PropertyValueSpecification\",\"valueRequired\":true,\"valueName\":\"search_term_string\"}}],\"inLanguage\":\"de\"}]}<\/script>\n<!-- \/ Yoast SEO plugin. -->","yoast_head_json":{"title":"\u00dcber uns - Das Atmungssystem","robots":{"index":"index","follow":"follow","max-snippet":"max-snippet:-1","max-image-preview":"max-image-preview:large","max-video-preview":"max-video-preview:-1"},"canonical":"https:\/\/www.therespiratorysystem.com\/de\/about-us\/","og_locale":"de_DE","og_type":"article","og_title":"About Us - The Respiratory System","og_description":"Breathing may be one of the most effortless biological processes, but understanding the workings of the respiratory system can be a bit trickier. Here at TheRespiratorySystem.com, you can find detailed, yet intelligible articles on the anatomy and functions of the respiratory tract and all the other body parts that help with respiration. There are numerous [&hellip;]","og_url":"https:\/\/www.therespiratorysystem.com\/de\/about-us\/","og_site_name":"The Respiratory System","article_modified_time":"2022-09-20T09:48:12+00:00","twitter_card":"summary_large_image","twitter_misc":{"Gesch\u00e4tzte Lesezeit":"1\u00a0Minute"},"schema":{"@context":"https:\/\/schema.org","@graph":[{"@type":"WebPage","@id":"https:\/\/www.therespiratorysystem.com\/about-us\/","url":"https:\/\/www.therespiratorysystem.com\/about-us\/","name":"\u00dcber uns - Das Atmungssystem","isPartOf":{"@id":"https:\/\/www.therespiratorysystem.com\/#website"},"datePublished":"2017-04-22T06:55:01+00:00","dateModified":"2022-09-20T09:48:12+00:00","breadcrumb":{"@id":"https:\/\/www.therespiratorysystem.com\/about-us\/#breadcrumb"},"inLanguage":"de","potentialAction":[{"@type":"ReadAction","target":["https:\/\/www.therespiratorysystem.com\/about-us\/"]}]},{"@type":"BreadcrumbList","@id":"https:\/\/www.therespiratorysystem.com\/about-us\/#breadcrumb","itemListElement":[{"@type":"ListItem","position":1,"name":"Home","item":"https:\/\/www.therespiratorysystem.com\/"},{"@type":"ListItem","position":2,"name":"About Us"}]},{"@type":"WebSite","@id":"https:\/\/www.therespiratorysystem.com\/#website","url":"https:\/\/www.therespiratorysystem.com\/","name":"Das Atmungssystem","description":"","potentialAction":[{"@type":"SearchAction","target":{"@type":"EntryPoint","urlTemplate":"https:\/\/www.therespiratorysystem.com\/?s={search_term_string}"},"query-input":{"@type":"PropertyValueSpecification","valueRequired":true,"valueName":"search_term_string"}}],"inLanguage":"de"}]}},"_links":{"self":[{"href":"https:\/\/www.therespiratorysystem.com\/de\/wp-json\/wp\/v2\/pages\/217","targetHints":{"allow":["GET"]}}],"collection":[{"href":"https:\/\/www.therespiratorysystem.com\/de\/wp-json\/wp\/v2\/pages"}],"about":[{"href":"https:\/\/www.therespiratorysystem.com\/de\/wp-json\/wp\/v2\/types\/page"}],"author":[{"embeddable":true,"href":"https:\/\/www.therespiratorysystem.com\/de\/wp-json\/wp\/v2\/users\/1"}],"replies":[{"embeddable":true,"href":"https:\/\/www.therespiratorysystem.com\/de\/wp-json\/wp\/v2\/comments?post=217"}],"version-history":[{"count":5,"href":"https:\/\/www.therespiratorysystem.com\/de\/wp-json\/wp\/v2\/pages\/217\/revisions"}],"predecessor-version":[{"id":669,"href":"https:\/\/www.therespiratorysystem.com\/de\/wp-json\/wp\/v2\/pages\/217\/revisions\/669"}],"wp:attachment":[{"href":"https:\/\/www.therespiratorysystem.com\/de\/wp-json\/wp\/v2\/media?parent=217"}],"curies":[{"name":"wp","href":"https:\/\/api.w.org\/{rel}","templated":true}]}}