{"id":325,"date":"2017-09-12T12:12:54","date_gmt":"2017-09-12T12:12:54","guid":{"rendered":"https:\/\/www.therespiratorysystem.com\/?page_id=325"},"modified":"2017-09-12T12:45:35","modified_gmt":"2017-09-12T12:45:35","slug":"respiratory-diseases","status":"publish","type":"page","link":"https:\/\/www.therespiratorysystem.com\/de\/respiratory-diseases\/","title":{"rendered":"Krankheiten und St\u00f6rungen der Atemwege"},"content":{"rendered":"<p>There are hundreds of different diseases and conditions that can affect the respiratory system, ranging from common cold and flu to pneumonia and COPD. Many of these are chronic in nature, as they develop gradually over time, becoming life threatening in some cases.<\/p>\n<p>A <a href=\"http:\/\/www.atsjournals.org\/doi\/full\/10.1513\/AnnalsATS.201311-405PS\">study<\/a> published by The Forum of International Respiratory Societies shows hundreds of millions of people around the world suffering from one or more types of chronic respiratory disorders, while there are over four million deaths every year, caused by such diseases. However, with proper treatment, and follow-up care, these conditions can be cured or kept in check.<\/p>\n<table style=\"height: 1515px;\" width=\"695\">\n<tbody>\n<tr>\n<td colspan=\"2\" width=\"480\">\n<h2 style=\"text-align: center;\">List of Diseases of the Respiratory System<\/h2>\n<\/td>\n<\/tr>\n<tr>\n<td colspan=\"2\" width=\"480\">\n<h3 style=\"text-align: center;\">Upper Respiratory Diseases<\/h3>\n<\/td>\n<\/tr>\n<tr>\n<td style=\"text-align: center;\" colspan=\"2\" width=\"480\">\n<h4>Common Short-Term Curable Conditions<\/h4>\n<\/td>\n<\/tr>\n<tr>\n<td width=\"240\">\n<ul>\n<li>Common cold or upper respiratory infection (URI)<\/li>\n<\/ul>\n<\/td>\n<td width=\"240\">\n<ul>\n<li>Croup (common respiratory disease in infants and small children)<\/li>\n<\/ul>\n<\/td>\n<\/tr>\n<tr>\n<td width=\"240\">\n<ul>\n<li>Influenza or flu (contagious viral disease)<\/li>\n<\/ul>\n<\/td>\n<td width=\"240\">\n<ul>\n<li>Allergic rhinitis<\/li>\n<\/ul>\n<\/td>\n<\/tr>\n<tr>\n<td width=\"240\">\n<ul>\n<li>Diphtheria<\/li>\n<\/ul>\n<\/td>\n<td width=\"240\"><\/td>\n<\/tr>\n<tr>\n<td style=\"text-align: center;\" colspan=\"2\" width=\"480\">\n<h4>Chronic Diseases<\/h4>\n<\/td>\n<\/tr>\n<tr>\n<td width=\"240\">\n<ul>\n<li>Sinusitis<\/li>\n<\/ul>\n<\/td>\n<td width=\"240\">\n<ul>\n<li>Stridor (e.g. Congenital Laryngeal Stridor or Laryngomalacia)<\/li>\n<\/ul>\n<\/td>\n<\/tr>\n<tr>\n<td width=\"240\">\n<ul>\n<li>Epiglottitis<\/li>\n<\/ul>\n<\/td>\n<td width=\"240\">\n<ul>\n<li>Whooping Cough<\/li>\n<\/ul>\n<\/td>\n<\/tr>\n<tr>\n<td width=\"240\">\n<ul>\n<li>Pharyngitis<\/li>\n<\/ul>\n<\/td>\n<td width=\"240\">\n<ul>\n<li>Tonsillitis<\/li>\n<\/ul>\n<\/td>\n<\/tr>\n<tr>\n<td style=\"text-align: center;\" colspan=\"2\" width=\"480\">\n<h4>Acute Disorder<\/h4>\n<\/td>\n<\/tr>\n<tr>\n<td width=\"240\">\n<ul>\n<li>Acute upper respiratory infections<\/li>\n<\/ul>\n<\/td>\n<td width=\"240\"><\/td>\n<\/tr>\n<tr>\n<td colspan=\"2\" width=\"480\">\n<h3 style=\"text-align: center;\">Lower Respiratory Tract Diseases<\/h3>\n<\/td>\n<\/tr>\n<tr>\n<td style=\"text-align: center;\" colspan=\"2\" width=\"480\">\n<h4>Short-Term Conditions and Complications<\/h4>\n<\/td>\n<\/tr>\n<tr>\n<td width=\"240\">\n<ul>\n<li>Pneumonia (chronic and acute forms also present)<\/li>\n<\/ul>\n<\/td>\n<td width=\"240\">\n<ul>\n<li>Pleural effusion<\/li>\n<\/ul>\n<\/td>\n<\/tr>\n<tr>\n<td width=\"240\">\n<ul>\n<li>Collapsed lung (pneumothorax)<\/li>\n<\/ul>\n<\/td>\n<td width=\"240\"><\/td>\n<\/tr>\n<tr>\n<td style=\"text-align: center;\" colspan=\"2\" width=\"480\">\n<h4>Chronic Disorders<\/h4>\n<\/td>\n<\/tr>\n<tr>\n<td width=\"240\">\n<ul>\n<li>Chronic Obstructive Pulmonary Diseases or COPD (chronic bronchitis, emphysema, bronchiolitis, non-reversible asthma, and specific types of bronchiectasis) <sup>[10]<\/sup><\/li>\n<\/ul>\n<\/td>\n<td width=\"240\">\n<ul>\n<li>Interstitial lung disease (some forms of ILD are short lived, while those like idiopathic pulmonary fibrosis and nonspecific interstitial pneumonitis are chronic)\u00a0<sup>[11]<\/sup><\/li>\n<\/ul>\n<\/td>\n<\/tr>\n<tr>\n<td width=\"240\">\n<ul>\n<li>Cystic fibrosis<\/li>\n<\/ul>\n<\/td>\n<td width=\"240\">\n<ul>\n<li>Lung cancer<\/li>\n<\/ul>\n<\/td>\n<\/tr>\n<tr>\n<td width=\"240\">\n<ul>\n<li>Tuberculosis (TB)<\/li>\n<\/ul>\n<\/td>\n<td width=\"240\">\n<ul>\n<li>Mesothelioma (rare<span style=\"font-family: inherit; font-size: inherit;\"> cancer affecting the pleura)<\/span><\/li>\n<\/ul>\n<\/td>\n<\/tr>\n<tr>\n<td width=\"240\">\n<ul>\n<li>Chronic pulmonary edema<\/li>\n<\/ul>\n<\/td>\n<td width=\"240\">\n<ul>\n<li>Obesity hypoventilation syndrome<\/li>\n<\/ul>\n<\/td>\n<\/tr>\n<tr>\n<td width=\"240\">\n<ul>\n<li>Neuromuscular lung disorders (e.g. myasthenia gravis and amyotrophic lateral sclerosis)<\/li>\n<\/ul>\n<\/td>\n<td width=\"240\">\n<ul>\n<li>Pneumoconiosis (group of occupational diseases like black lung disease and asbestosis)<\/li>\n<\/ul>\n<\/td>\n<\/tr>\n<tr>\n<td width=\"240\">\n<ul>\n<li>Pulmonary MAC infection\/ MAC lung disease<\/li>\n<\/ul>\n<\/td>\n<td width=\"240\">\n<ul>\n<li>Pediatric reactive airway disease<\/li>\n<\/ul>\n<\/td>\n<\/tr>\n<tr>\n<td style=\"text-align: center;\" colspan=\"2\" width=\"480\">\n<h4>Acute Diseases<\/h4>\n<\/td>\n<\/tr>\n<tr>\n<td width=\"240\">\n<ul>\n<li>Acute bronchitis<\/li>\n<\/ul>\n<\/td>\n<td width=\"240\">\n<ul>\n<li>Acute pneumonia<\/li>\n<\/ul>\n<\/td>\n<\/tr>\n<tr>\n<td width=\"240\">\n<ul>\n<li>Acute respiratory distress syndrome (ARDS)<\/li>\n<\/ul>\n<\/td>\n<td width=\"240\">\n<ul>\n<li>Pulmonary hypertension (including pulmonary arterial hypertension and chronic thromboembolic pulmonary hypertension)<\/li>\n<\/ul>\n<\/td>\n<\/tr>\n<tr>\n<td width=\"240\">\n<ul>\n<li>Pulmonary embolism<\/li>\n<\/ul>\n<\/td>\n<td width=\"240\">\n<ul>\n<li>Acute pulmonary edema<\/li>\n<\/ul>\n<\/td>\n<\/tr>\n<tr>\n<td width=\"240\">\n<ul>\n<li>Middle East respiratory syndrome<\/li>\n<\/ul>\n<\/td>\n<td width=\"240\"><\/td>\n<\/tr>\n<\/tbody>\n<\/table>\n<h2>Causes and Risk Factors for Respiratory Tract Diseases<\/h2>\n<p>Each different condition has its own causative factor, and the same disorder may result from a number of factors too. The common causes may include viral\/bacterial infections, smoking tobacco, allergic reaction to something, inhaling substances harmful for the lungs (coal, asbestos) over long periods <sup>[1]<\/sup>, congenital malformation of one or more parts of the respiratory tract, abnormal autoimmune response <sup>[2]<\/sup>, genetic\/hereditary factors, and air pollution. Among these, the viral and bacterial infections account for most of the common diseases, including influenza, pneumonia, and tonsillitis <sup>[3]<\/sup>. Respiratory infections are usually common among elderly people and those with a weak immune system <sup>[9]<\/sup>.<\/p>\n<p>Pulmonary diseases are a common complication in pregnancy as well, with <a href=\"http:\/\/svimstpt.ap.nic.in\/jcsr\/apr-jun15_files\/ra215.pdf\">studies<\/a> showing it to be a significant factor responsible for maternal death after childbirth.<\/p>\n<h2>Common Signs and Symptoms of Diseases Affecting the Respiratory System<\/h2>\n<p>Following are the common symptoms present in most respiratory diseases <sup>[4]<\/sup>:<\/p>\n<ul>\n<li>Shortness of breath<\/li>\n<li>Chest pain and tightness<\/li>\n<li>Wheezing<\/li>\n<li>Chronic cough<\/li>\n<li>Coughing up mucus<\/li>\n<\/ul>\n<h2>Preventive Measures for Respiratory Conditions<\/h2>\n<ul>\n<li>Quitting smoking as both active and passive smoking are a major risk factor for a number of breathing and respiratory tract disorders, including asthma, COPD, and lung cancer <sup>[5]<\/sup>.<\/li>\n<li>Washing hands with antibacterial soap, especially before eating or touching food.<\/li>\n<li>Not touching your face or nose with unclean hands as this is one of the primary ways for communicable diseases to spread.<\/li>\n<li>Avoiding going near someone with influenza or any similar bacterial or viral condition as these germs are often airborne, meaning one can get infected by inhaling contaminated air <sup>[6]<\/sup>.<\/li>\n<li>Getting flu vaccines, especially during flu seasons <sup>[7]<\/sup>. Few other conditions like diphtheria may also be prevented with vaccines <sup>[8]<\/sup>.<\/li>\n<li>Following a nutritious diet and drinking plenty of water as they help to strengthen your immunity and flush out toxins.<\/li>\n<\/ul>\n<div class=\"accordion\">\n\t<h3 class=\"panel-title\">References <\/h3>\n<div class=\"panel-content\"><ol><\/p>\n<ol>\n<li><a href=\"http:\/\/www.clevelandclinicmeded.com\/medicalpubs\/diseasemanagement\/pulmonary\/occupational-lung-disease\/\">http:\/\/www.clevelandclinicmeded.com\/medicalpubs\/diseasemanagement\/pulmonary\/occupational-lung-disease\/<\/a><\/li>\n<li><a href=\"http:\/\/www.merckmanuals.com\/home\/lung-and-airway-disorders\/autoimmune-disorders-of-the-lungs\/introduction-to-autoimmune-disorders-of-the-lungs\">http:\/\/www.merckmanuals.com\/home\/lung-and-airway-disorders\/autoimmune-disorders-of-the-lungs\/introduction-to-autoimmune-disorders-of-the-lungs<\/a><\/li>\n<li><a href=\"http:\/\/www.webmd.com\/lung\/bacterial-or-viral-infections-of-the-respiratory-tract\">http:\/\/www.webmd.com\/lung\/bacterial-or-viral-infections-of-the-respiratory-tract<\/a><\/li>\n<li><a href=\"http:\/\/www.sciencedirect.com\/science\/article\/pii\/S1357303907004100\">http:\/\/www.sciencedirect.com\/science\/article\/pii\/S1357303907004100<\/a><\/li>\n<li><a href=\"https:\/\/www.cdc.gov\/tobacco\/data_statistics\/sgr\/50th-anniversary\/pdfs\/fs_smoking_respiratory_508.pdf\">https:\/\/www.cdc.gov\/tobacco\/data_statistics\/sgr\/50th-anniversary\/pdfs\/fs_smoking_respiratory_508.pdf<\/a><\/li>\n<li><a href=\"https:\/\/my.clevelandclinic.org\/health\/articles\/preventing-respiratory-infection-and-avoiding-irritants\">https:\/\/my.clevelandclinic.org\/health\/articles\/preventing-respiratory-infection-and-avoiding-irritants<\/a><\/li>\n<li><a href=\"http:\/\/www.webmd.com\/lung\/tc\/respiratory-problems-age-12-and-older-prevention\">http:\/\/www.webmd.com\/lung\/tc\/respiratory-problems-age-12-and-older-prevention<\/a><\/li>\n<li><a href=\"http:\/\/www.medicinenet.com\/diphtheria_facts\/article.htm\">http:\/\/www.medicinenet.com\/diphtheria_facts\/article.htm<\/a><\/li>\n<li><a href=\"https:\/\/medlineplus.gov\/ency\/article\/004011.htm\">https:\/\/medlineplus.gov\/ency\/article\/004011.htm<\/a><\/li>\n<li><a href=\"https:\/\/www.copdfoundation.org\/What-is-COPD\/Understanding-COPD\/What-is-COPD.aspx\">https:\/\/www.copdfoundation.org\/What-is-COPD\/Understanding-COPD\/What-is-COPD.aspx<\/a><\/li>\n<li><a href=\"http:\/\/www.webmd.com\/lung\/interstitial-lung-disease#1\">http:\/\/www.webmd.com\/lung\/interstitial-lung-disease#1<\/a><\/li>\n<\/ol>\n<p><\/ol>\n<\/div>\n<\/div>\n","protected":false},"excerpt":{"rendered":"<p>There are hundreds of different diseases and conditions that can affect the respiratory system, ranging from common cold and flu to pneumonia and COPD. Many of these are chronic in nature, as they develop gradually over time, becoming life threatening in some cases. A study published by The Forum of International Respiratory Societies shows hundreds [&hellip;]<\/p>\n","protected":false},"author":1,"featured_media":0,"parent":0,"menu_order":0,"comment_status":"closed","ping_status":"closed","template":"","meta":{"footnotes":""},"class_list":["post-325","page","type-page","status-publish","hentry"],"yoast_head":"<!-- This site is optimized with the Yoast SEO plugin v27.5 - https:\/\/yoast.com\/product\/yoast-seo-wordpress\/ -->\n<title>List of Respiratory Diseases<\/title>\n<meta name=\"description\" content=\"Common diseases of the respiratory system, types of chronic, acute upper and lower respiratory diseases and disorders, risk factors, prevention\" \/>\n<meta name=\"robots\" content=\"index, follow, max-snippet:-1, max-image-preview:large, max-video-preview:-1\" \/>\n<link rel=\"canonical\" href=\"https:\/\/www.therespiratorysystem.com\/de\/respiratory-diseases\/\" \/>\n<meta property=\"og:locale\" content=\"de_DE\" \/>\n<meta property=\"og:type\" content=\"article\" \/>\n<meta property=\"og:title\" content=\"List of Respiratory Diseases\" \/>\n<meta property=\"og:description\" content=\"Common diseases of the respiratory system, types of chronic, acute upper and lower respiratory diseases and disorders, risk factors, prevention\" \/>\n<meta property=\"og:url\" content=\"https:\/\/www.therespiratorysystem.com\/de\/respiratory-diseases\/\" \/>\n<meta property=\"og:site_name\" content=\"The Respiratory System\" \/>\n<meta property=\"article:modified_time\" content=\"2017-09-12T12:45:35+00:00\" \/>\n<meta name=\"twitter:card\" content=\"summary_large_image\" \/>\n<meta name=\"twitter:label1\" content=\"Gesch\u00e4tzte Lesezeit\" \/>\n\t<meta name=\"twitter:data1\" content=\"3\u00a0Minuten\" \/>\n<script type=\"application\/ld+json\" class=\"yoast-schema-graph\">{\"@context\":\"https:\\\/\\\/schema.org\",\"@graph\":[{\"@type\":\"WebPage\",\"@id\":\"https:\\\/\\\/www.therespiratorysystem.com\\\/respiratory-diseases\\\/\",\"url\":\"https:\\\/\\\/www.therespiratorysystem.com\\\/respiratory-diseases\\\/\",\"name\":\"List of Respiratory Diseases\",\"isPartOf\":{\"@id\":\"https:\\\/\\\/www.therespiratorysystem.com\\\/#website\"},\"datePublished\":\"2017-09-12T12:12:54+00:00\",\"dateModified\":\"2017-09-12T12:45:35+00:00\",\"description\":\"Common diseases of the respiratory system, types of chronic, acute upper and lower respiratory diseases and disorders, risk factors, prevention\",\"breadcrumb\":{\"@id\":\"https:\\\/\\\/www.therespiratorysystem.com\\\/respiratory-diseases\\\/#breadcrumb\"},\"inLanguage\":\"de\",\"potentialAction\":[{\"@type\":\"ReadAction\",\"target\":[\"https:\\\/\\\/www.therespiratorysystem.com\\\/respiratory-diseases\\\/\"]}]},{\"@type\":\"BreadcrumbList\",\"@id\":\"https:\\\/\\\/www.therespiratorysystem.com\\\/respiratory-diseases\\\/#breadcrumb\",\"itemListElement\":[{\"@type\":\"ListItem\",\"position\":1,\"name\":\"Home\",\"item\":\"https:\\\/\\\/www.therespiratorysystem.com\\\/\"},{\"@type\":\"ListItem\",\"position\":2,\"name\":\"Respiratory Diseases and Disorders\"}]},{\"@type\":\"WebSite\",\"@id\":\"https:\\\/\\\/www.therespiratorysystem.com\\\/#website\",\"url\":\"https:\\\/\\\/www.therespiratorysystem.com\\\/\",\"name\":\"The Respiratory System\",\"description\":\"\",\"potentialAction\":[{\"@type\":\"SearchAction\",\"target\":{\"@type\":\"EntryPoint\",\"urlTemplate\":\"https:\\\/\\\/www.therespiratorysystem.com\\\/?s={search_term_string}\"},\"query-input\":{\"@type\":\"PropertyValueSpecification\",\"valueRequired\":true,\"valueName\":\"search_term_string\"}}],\"inLanguage\":\"de\"}]}<\/script>\n<!-- \/ Yoast SEO plugin. -->","yoast_head_json":{"title":"Liste der Krankheiten der Atemwege","description":"H\u00e4ufige Erkrankungen der Atemwege, Arten von chronischen und akuten Erkrankungen und St\u00f6rungen der oberen und unteren Atemwege, Risikofaktoren, Pr\u00e4vention","robots":{"index":"index","follow":"follow","max-snippet":"max-snippet:-1","max-image-preview":"max-image-preview:large","max-video-preview":"max-video-preview:-1"},"canonical":"https:\/\/www.therespiratorysystem.com\/de\/respiratory-diseases\/","og_locale":"de_DE","og_type":"article","og_title":"List of Respiratory Diseases","og_description":"Common diseases of the respiratory system, types of chronic, acute upper and lower respiratory diseases and disorders, risk factors, prevention","og_url":"https:\/\/www.therespiratorysystem.com\/de\/respiratory-diseases\/","og_site_name":"The Respiratory System","article_modified_time":"2017-09-12T12:45:35+00:00","twitter_card":"summary_large_image","twitter_misc":{"Gesch\u00e4tzte Lesezeit":"3\u00a0Minuten"},"schema":{"@context":"https:\/\/schema.org","@graph":[{"@type":"WebPage","@id":"https:\/\/www.therespiratorysystem.com\/respiratory-diseases\/","url":"https:\/\/www.therespiratorysystem.com\/respiratory-diseases\/","name":"Liste der Krankheiten der Atemwege","isPartOf":{"@id":"https:\/\/www.therespiratorysystem.com\/#website"},"datePublished":"2017-09-12T12:12:54+00:00","dateModified":"2017-09-12T12:45:35+00:00","description":"H\u00e4ufige Erkrankungen der Atemwege, Arten von chronischen und akuten Erkrankungen und St\u00f6rungen der oberen und unteren Atemwege, Risikofaktoren, Pr\u00e4vention","breadcrumb":{"@id":"https:\/\/www.therespiratorysystem.com\/respiratory-diseases\/#breadcrumb"},"inLanguage":"de","potentialAction":[{"@type":"ReadAction","target":["https:\/\/www.therespiratorysystem.com\/respiratory-diseases\/"]}]},{"@type":"BreadcrumbList","@id":"https:\/\/www.therespiratorysystem.com\/respiratory-diseases\/#breadcrumb","itemListElement":[{"@type":"ListItem","position":1,"name":"Home","item":"https:\/\/www.therespiratorysystem.com\/"},{"@type":"ListItem","position":2,"name":"Respiratory Diseases and Disorders"}]},{"@type":"WebSite","@id":"https:\/\/www.therespiratorysystem.com\/#website","url":"https:\/\/www.therespiratorysystem.com\/","name":"Das Atmungssystem","description":"","potentialAction":[{"@type":"SearchAction","target":{"@type":"EntryPoint","urlTemplate":"https:\/\/www.therespiratorysystem.com\/?s={search_term_string}"},"query-input":{"@type":"PropertyValueSpecification","valueRequired":true,"valueName":"search_term_string"}}],"inLanguage":"de"}]}},"_links":{"self":[{"href":"https:\/\/www.therespiratorysystem.com\/de\/wp-json\/wp\/v2\/pages\/325","targetHints":{"allow":["GET"]}}],"collection":[{"href":"https:\/\/www.therespiratorysystem.com\/de\/wp-json\/wp\/v2\/pages"}],"about":[{"href":"https:\/\/www.therespiratorysystem.com\/de\/wp-json\/wp\/v2\/types\/page"}],"author":[{"embeddable":true,"href":"https:\/\/www.therespiratorysystem.com\/de\/wp-json\/wp\/v2\/users\/1"}],"replies":[{"embeddable":true,"href":"https:\/\/www.therespiratorysystem.com\/de\/wp-json\/wp\/v2\/comments?post=325"}],"version-history":[{"count":13,"href":"https:\/\/www.therespiratorysystem.com\/de\/wp-json\/wp\/v2\/pages\/325\/revisions"}],"predecessor-version":[{"id":339,"href":"https:\/\/www.therespiratorysystem.com\/de\/wp-json\/wp\/v2\/pages\/325\/revisions\/339"}],"wp:attachment":[{"href":"https:\/\/www.therespiratorysystem.com\/de\/wp-json\/wp\/v2\/media?parent=325"}],"curies":[{"name":"wp","href":"https:\/\/api.w.org\/{rel}","templated":true}]}}