{"id":496,"date":"2020-02-27T16:01:15","date_gmt":"2020-02-27T16:01:15","guid":{"rendered":"https:\/\/www.therespiratorysystem.com\/?page_id=496"},"modified":"2020-02-27T16:11:16","modified_gmt":"2020-02-27T16:11:16","slug":"privacy-policy","status":"publish","type":"page","link":"https:\/\/www.therespiratorysystem.com\/de\/privacy-policy\/","title":{"rendered":"Datenschutzbestimmungen"},"content":{"rendered":"<p><strong>therespiratorysystem.com<\/strong> ist ein Online-Blog, der von Izik Brans betrieben wird.<\/p>\n<p>Heimatadresse: Bat Yam City, Yoseftal 3.<br \/>\nIsrael<br \/>\nE-Mail: izikads {at} gmail {dot} com<\/p>\n<h2><strong>therespiratorysystem.com - Datenschutzbestimmungen<\/strong><\/h2>\n<p>Diese Datenschutzrichtlinie wurde zusammengestellt, um denjenigen, die sich Sorgen dar\u00fcber machen, wie ihre \"pers\u00f6nlich identifizierbaren Informationen\" (PII) online verwendet werden, besser zu helfen. PII, wie in den US-Datenschutzgesetzen und der Informationssicherheit beschrieben, sind Informationen, die allein oder zusammen mit anderen Informationen verwendet werden k\u00f6nnen, um eine einzelne Person zu identifizieren, zu kontaktieren oder ausfindig zu machen, oder um eine Person im Kontext zu identifizieren. Bitte lesen Sie unsere Datenschutzrichtlinien sorgf\u00e4ltig durch, um sich ein klares Bild davon zu machen, wie wir Ihre personenbezogenen Daten in \u00dcbereinstimmung mit unserer Website erfassen, verwenden, sch\u00fctzen oder anderweitig behandeln.<\/p>\n<p><strong>Welche pers\u00f6nlichen Daten sammeln wir von den Besuchern unseres Blogs, unserer Website oder unserer App?<\/strong><\/p>\n<p>Wir sammeln keine Informationen von Besuchern unserer Website.<br \/>\noder andere Details, die Ihnen bei Ihren Erfahrungen helfen.<\/p>\n<p><strong>Wann sammeln wir Informationen?<\/strong><\/p>\n<p>Wir sammeln Informationen von Ihnen, wenn Sie sich auf unserer Website registrieren oder Informationen auf unserer Website eingeben.<\/p>\n<p><strong>Wie verwenden wir Ihre Informationen?<\/strong><\/p>\n<p>Wir k\u00f6nnen die Informationen, die wir von Ihnen sammeln, wenn Sie sich registrieren, einen Kauf t\u00e4tigen, sich f\u00fcr unseren Newsletter anmelden, auf eine Umfrage oder Marketingmitteilung antworten, auf der Website surfen oder bestimmte andere Funktionen der Website nutzen, wie folgt verwenden:<\/p>\n<p>- Um unsere Website zu verbessern, damit wir Ihnen besser dienen k\u00f6nnen.<\/p>\n<p><strong>Wie sch\u00fctzen wir Ihre Daten?<\/strong><\/p>\n<p>Wir verwenden keine Schwachstellenscans und\/oder Scans nach PCI-Standards.<br \/>\nWir stellen nur Artikel und Informationen zur Verf\u00fcgung. Wir fragen niemals nach Kreditkartennummern.<br \/>\nWir f\u00fchren regelm\u00e4\u00dfig Malware-Scans durch.<\/p>\n<p>Wir verwenden kein SSL-Zertifikat<br \/>\n- Wir stellen nur Artikel und Informationen zur Verf\u00fcgung. Wir fragen niemals nach pers\u00f6nlichen oder privaten Informationen wie Namen, E-Mail-Adressen oder Kreditkartennummern.<\/p>\n<p><strong>Verwenden wir \"Cookies\"?<\/strong><\/p>\n<p>Ja. Cookies sind kleine Dateien, die eine Website oder ihr Dienstanbieter \u00fcber Ihren Webbrowser auf die Festplatte Ihres Computers \u00fcbertr\u00e4gt (sofern Sie dies zulassen) und die es den Systemen der Website oder des Dienstanbieters erm\u00f6glichen, Ihren Browser zu erkennen und bestimmte Informationen zu erfassen und zu speichern. So verwenden wir beispielsweise Cookies, um uns an die Artikel in Ihrem Einkaufswagen zu erinnern und diese zu verarbeiten. Sie helfen uns auch, Ihre Pr\u00e4ferenzen auf der Grundlage fr\u00fcherer oder aktueller Website-Aktivit\u00e4ten zu verstehen, damit wir Ihnen bessere Dienstleistungen anbieten k\u00f6nnen. Wir verwenden Cookies auch, um aggregierte Daten \u00fcber den Website-Verkehr und die Interaktion auf der Website zu sammeln, damit wir in Zukunft bessere Website-Erfahrungen und -Tools anbieten k\u00f6nnen.<\/p>\n<p>Wir verwenden Cookies um:<br \/>\n- Verstehen und speichern Sie die Pr\u00e4ferenzen der Nutzer f\u00fcr zuk\u00fcnftige Besuche.<\/p>\n<p>Sie k\u00f6nnen w\u00e4hlen, ob Ihr Computer Sie jedes Mal warnen soll, wenn ein Cookie gesendet wird, oder ob Sie alle Cookies deaktivieren wollen. Dies geschieht \u00fcber die Einstellungen Ihres Browsers. Da jeder Browser ein wenig anders ist, sollten Sie im Hilfemen\u00fc Ihres Browsers nachsehen, wie Sie Ihre Cookies korrekt \u00e4ndern k\u00f6nnen.<\/p>\n<p>Wenn Sie Cookies deaktivieren, kann es sein, dass einige der Funktionen, die Ihre Website effizienter machen, nicht richtig funktionieren.<br \/>\nOffenlegung durch Dritte<\/p>\n<p>Wir verkaufen, tauschen oder \u00fcbertragen Ihre personenbezogenen Daten nicht an Dritte, es sei denn, wir informieren die Nutzer im Voraus dar\u00fcber. Davon ausgenommen sind Website-Hosting-Partner und andere Parteien, die uns beim Betrieb unserer Website, bei der Abwicklung unserer Gesch\u00e4fte oder bei der Betreuung unserer Nutzer unterst\u00fctzen, sofern diese Parteien sich verpflichten, diese Informationen vertraulich zu behandeln. Wir k\u00f6nnen Informationen auch freigeben, wenn dies zur Einhaltung der Gesetze, zur Durchsetzung unserer Website-Richtlinien oder zum Schutz unserer oder der Rechte, des Eigentums oder der Sicherheit anderer erforderlich ist.<\/p>\n<p>Allerdings k\u00f6nnen nicht pers\u00f6nlich identifizierbare Besucherinformationen an andere Parteien f\u00fcr Marketing, Werbung oder andere Zwecke weitergegeben werden.<\/p>\n<p><strong>Links von Dritten<\/strong><\/p>\n<p>Gelegentlich k\u00f6nnen wir nach eigenem Ermessen Produkte oder Dienstleistungen Dritter auf unserer Website einbinden oder anbieten. Diese Websites von Dritten haben separate und unabh\u00e4ngige Datenschutzrichtlinien. Wir \u00fcbernehmen daher keine Verantwortung oder Haftung f\u00fcr den Inhalt und die Aktivit\u00e4ten dieser verlinkten Websites. Nichtsdestotrotz sind wir bestrebt, die Integrit\u00e4t unserer Website zu sch\u00fctzen und freuen uns \u00fcber jedes Feedback zu diesen Websites.<\/p>\n<h2><strong>Google Adsense Hinweis<\/strong><\/h2>\n<p>Die Anforderungen von Google an die Werbung lassen sich in den Google-Werbegrunds\u00e4tzen zusammenfassen. Sie wurden aufgestellt, um den Nutzern ein positives Erlebnis zu bieten. <a href=\"https:\/\/support.google.com\/adwordspolicy\/answer\/1316548?hl=en\">https:\/\/support.google.com\/adwordspolicy\/answer\/1316548?hl=en<\/a><\/p>\n<p><strong>Wir verwenden Google AdSense-Werbung auf unserer Website.<\/strong><\/p>\n<p>Google, als Drittanbieter, verwendet Cookies, um Anzeigen auf unserer Website zu schalten. Die Verwendung des DART-Cookies durch Google erm\u00f6glicht die Schaltung von Anzeigen f\u00fcr unsere Nutzer auf der Grundlage fr\u00fcherer Besuche auf unserer Website und anderen Websites im Internet. Nutzer k\u00f6nnen die Verwendung des DART-Cookies deaktivieren, indem sie die Datenschutzbestimmungen des Google-Anzeigen- und Content-Netzwerks aufrufen.<\/p>\n<p>Wir haben die folgenden Ma\u00dfnahmen ergriffen:<\/p>\n<ol>\n<li><strong>\u00a0Wiedervermarktung mit Google AdSense<\/strong><\/li>\n<li><strong>\u00a0Google Display-Netzwerk Impression Reporting<\/strong><\/li>\n<li><strong>\u00a0Demografische Daten und Interessensberichte<\/strong><\/li>\n<li><strong>\u00a0Integration der DoubleClick-Plattform<\/strong><\/li>\n<\/ol>\n<p>Wir und Drittanbieter wie Google verwenden Cookies von Erstanbietern (z. B. Google Analytics-Cookies) und Cookies von Drittanbietern (z. B. DoubleClick-Cookies) oder andere Identifikatoren von Drittanbietern, um Daten \u00fcber Nutzerinteraktionen mit Anzeigenimpressionen und anderen Anzeigenservicefunktionen im Zusammenhang mit unserer Website zu sammeln.<\/p>\n<p>Abmeldung:<br \/>\nNutzer k\u00f6nnen auf der Seite Google-Anzeigeneinstellungen festlegen, wie Google f\u00fcr Sie wirbt. Alternativ k\u00f6nnen Sie sich auf der Deaktivierungsseite der Werbenetzwerkinitiative oder mit dem Browser-Add-on Google Analytics Opt Out abmelden.<\/p>\n<p><strong>Lesen Sie mehr bei Google:<\/strong><\/p>\n<p><a href=\"https:\/\/www.google.com\/settings\/ads\">https:\/\/www.google.com\/settings\/ads<\/a><br \/>\n<a href=\"https:\/\/policies.google.com\/technologies\/ads\">https:\/\/policies.google.com\/technologies\/ads<\/a><\/p>\n<h2><span style=\"text-decoration: underline;\"><strong>Google Analytics<\/strong><\/span><\/h2>\n<p>Google Analytics, ein von Google entwickelter und angebotener Webanalysedienst, hilft uns bei der Verfolgung und Meldung des Website-Verkehrs. Die gesammelten Daten werden von Google f\u00fcr die Verfolgung und \u00dcberwachung der breiten Nutzung unserer Dienste verwendet. Diese Informationen werden dann an verschiedene andere Google-Dienste weitergegeben. Dar\u00fcber hinaus kann Google diese Informationen auch verwenden, um die Werbung in seinem Netzwerk zu kontextualisieren und sogar zu personalisieren.<\/p>\n<p>Sie haben jedoch das Recht, die \u00dcbermittlung Ihrer Daten abzulehnen und Ihre Aktivit\u00e4ten auf dem Google Analytics zur Verf\u00fcgung gestellten Service zu registrieren, indem Sie einfach das Google-Analytics-Opt-out-Browser-Add-on installieren. Dieses Add-on verhindert, dass Google Analytics Javascript (ga.js, dc.js und analytics.js) diese Besuchsaktivit\u00e4tsdaten an Google Analytics weitergibt.<\/p>\n<p>Weitere Informationen \u00fcber die Datenschutzpraktiken von Google finden Sie auf der Webseite mit den Datenschutzbestimmungen von Google: https:\/\/www.google.com\/intl\/en\/policies\/privacy\/<\/p>\n<p><span style=\"text-decoration: underline;\"><strong>Kalifornisches Gesetz zum Schutz der Privatsph\u00e4re im Internet<\/strong><\/span><\/p>\n<p>CalOPPA ist landesweit das erste Gesetz, das kommerzielle Websites und Online-Dienste dazu verpflichtet, eine Datenschutzrichtlinie zu ver\u00f6ffentlichen. Der Geltungsbereich des Gesetzes geht weit \u00fcber Kalifornien hinaus und verlangt von jeder Person oder jedem Unternehmen in den Vereinigten Staaten (und m\u00f6glicherweise weltweit), die Websites betreiben, auf denen personenbezogene Daten von kalifornischen Verbrauchern erhoben werden, eine gut sichtbare Datenschutzerkl\u00e4rung auf ihrer Website zu ver\u00f6ffentlichen, in der genau angegeben wird, welche Daten erhoben werden und mit welchen Personen oder Unternehmen sie ausgetauscht werden. - Weitere Informationen finden Sie unter: https:\/\/consumercal.org\/california-online-privacy-protection-act-caloppa\/#sthash.0FdRbT51.dpuf<\/p>\n<p><span style=\"text-decoration: underline;\"><strong>Laut CalOPPA sind wir mit Folgendem einverstanden:<\/strong><\/span><\/p>\n<p>Die Nutzer k\u00f6nnen unsere Website anonym besuchen.<br \/>\nSobald diese Datenschutzerkl\u00e4rung erstellt ist, werden wir einen Link zu ihr auf unserer Homepage oder zumindest auf der ersten wichtigen Seite nach dem Betreten unserer Website einf\u00fcgen.<br \/>\nDer Link zu unserer Datenschutzrichtlinie enth\u00e4lt das Wort \"Datenschutz\" und kann leicht auf der oben genannten Seite gefunden werden.<\/p>\n<p><strong>Sie werden \u00fcber alle \u00c4nderungen der Datenschutzbestimmungen informiert:<\/strong><\/p>\n<p>- Auf unserer Seite zum Datenschutz<br \/>\nSie k\u00f6nnen Ihre pers\u00f6nlichen Daten \u00e4ndern:<br \/>\n- Per E-Mail an uns<\/p>\n<p><span style=\"text-decoration: underline;\"><strong>Wie behandelt unsere Website \"Do Not Track\"-Signale?<\/strong><\/span><\/p>\n<p>Wir respektieren Do Not Track-Signale und Do Not Track, pflanzen Cookies oder verwenden Werbung, wenn ein Do Not Track (DNT) Browser-Mechanismus vorhanden ist.<\/p>\n<p><span style=\"text-decoration: underline;\"><strong>Erlaubt unsere Website die Verfolgung des Verhaltens von Dritten?<\/strong><\/span><\/p>\n<p>Es ist auch wichtig zu wissen, dass wir das Tracking von Verhaltensdaten durch Dritte nicht zulassen.<\/p>\n<p>COPPA (Gesetz zum Schutz der Privatsph\u00e4re von Kindern im Internet)<\/p>\n<p>Wenn es um die Erhebung personenbezogener Daten von Kindern unter 13 Jahren geht, gibt der Children's Online Privacy Protection Act (COPPA) den Eltern die Kontrolle. Die Federal Trade Commission, die Verbraucherschutzbeh\u00f6rde der Vereinigten Staaten, setzt die COPPA-Regel durch, in der festgelegt ist, was Betreiber von Websites und Online-Diensten tun m\u00fcssen, um die Privatsph\u00e4re und Sicherheit von Kindern im Internet zu sch\u00fctzen.<\/p>\n<p>Wir wenden uns nicht speziell an Kinder unter 13 Jahren.<\/p>\n<p>Erlauben wir Dritten, einschlie\u00dflich Werbenetzwerken oder Plug-ins, personenbezogene Daten von Kindern unter 13 Jahren zu sammeln?<\/p>\n<p><span style=\"text-decoration: underline;\"><strong>Faire Informationspraktiken<\/strong><\/span><\/p>\n<p>Die Fair Information Practices Principles bilden das R\u00fcckgrat des Datenschutzrechts in den Vereinigten Staaten, und die darin enthaltenen Konzepte haben bei der Entwicklung von Datenschutzgesetzen auf der ganzen Welt eine wichtige Rolle gespielt. Das Verst\u00e4ndnis der Fair Information Practice Principles und ihrer Umsetzung ist entscheidend f\u00fcr die Einhaltung der verschiedenen Datenschutzgesetze zum Schutz personenbezogener Daten.<\/p>\n<p>Um den fairen Informationspraktiken gerecht zu werden, werden wir im Falle einer Datenverletzung die folgenden Ma\u00dfnahmen ergreifen:<br \/>\nWir werden Sie per E-Mail benachrichtigen<br \/>\n- Innerhalb von 7 Werktagen<\/p>\n<p>Wir stimmen auch dem Grundsatz des individuellen Rechtsbehelfs zu, der vorsieht, dass Einzelpersonen das Recht haben, einklagbare Rechte gegen Datenerheber und -verarbeiter geltend zu machen, die sich nicht an das Gesetz halten. Dieser Grundsatz setzt nicht nur voraus, dass Einzelpersonen durchsetzbare Rechte gegen\u00fcber Datennutzern haben, sondern auch, dass Einzelpersonen sich an Gerichte oder Regierungsbeh\u00f6rden wenden k\u00f6nnen, um die Nichteinhaltung von Vorschriften durch Datenverarbeiter zu untersuchen und\/oder zu verfolgen.<\/p>\n<p><span style=\"text-decoration: underline;\"><strong>CAN SPAM-Gesetz<\/strong><\/span><\/p>\n<p>Der CAN-SPAM Act ist ein Gesetz, das die Regeln f\u00fcr kommerzielle E-Mails festlegt, Anforderungen f\u00fcr kommerzielle Nachrichten aufstellt, den Empf\u00e4ngern das Recht einr\u00e4umt, den Versand von E-Mails an sie zu unterbinden, und harte Strafen f\u00fcr Verst\u00f6\u00dfe vorsieht.<\/p>\n<p>Wir erfassen Ihre E-Mail-Adresse, um:<br \/>\n- Versenden von Informationen, Beantworten von Anfragen und\/oder anderen Ersuchen oder Fragen<\/p>\n<p>Um die CANSPAM-Vorschriften einzuhalten, stimmen wir dem Folgenden zu:<br \/>\n- Verwenden Sie keine falschen oder irref\u00fchrenden Betreffe oder E-Mail-Adressen.<\/p>\n<p>Wenn Sie den Erhalt zuk\u00fcnftiger E-Mails jederzeit abbestellen m\u00f6chten, k\u00f6nnen Sie uns eine E-Mail an<br \/>\nund wir werden Sie umgehend aus dem gesamten Schriftverkehr entfernen.<\/p>\n<p>Kennen Sie Ihre Datenschutzrechte auf der Grundlage der Allgemeinen Datenschutzverordnung (GDPR)<br \/>\nEs gibt eine Reihe von Datenschutzrechten f\u00fcr Sie, wenn Sie im Europ\u00e4ischen Wirtschaftsraum (EWR) ans\u00e4ssig sind. therespiratorysystem ist bestrebt, Sie bei der Ergreifung angemessener Ma\u00dfnahmen zu unterst\u00fctzen, die es Ihnen erm\u00f6glichen, alle von Ihnen bereitgestellten personenbezogenen Daten zu \u00e4ndern, zu korrigieren, zu l\u00f6schen und auch deren Verwendung einzuschr\u00e4nken.<\/p>\n<p>Wenden Sie sich an uns, wenn Sie wissen m\u00f6chten, welche pers\u00f6nlichen Daten \u00fcber Sie in unserem System gespeichert sind und wenn Sie Ihre Daten aus unseren Systemen entfernen lassen m\u00f6chten.<\/p>\n<p><span style=\"text-decoration: underline;\"><strong>Unter bestimmten Umst\u00e4nden haben Sie die unten aufgef\u00fchrten Datenschutzrechte:<\/strong><\/span><\/p>\n<p>Ihr Recht, Ihre Daten zu verwenden, zu aktualisieren oder sogar aus unserem System zu l\u00f6schen: In den Einstellungen Ihres Kontos haben Sie einfachen Zugang zu Ihren pers\u00f6nlichen Daten, um diese zu aktualisieren oder zu l\u00f6schen. Sollte Ihnen jedoch eine dieser Handlungen untersagt sein, k\u00f6nnen Sie sich von uns bei diesem Verfahren unterst\u00fctzen lassen. Sie brauchen uns nur HIER zu kontaktieren.<\/p>\n<p>Ihr Recht auf Berichtigung: Gem\u00e4\u00df den Vorschriften haben Sie das Recht, Ihre eigenen personenbezogenen Daten berichtigen zu lassen, wenn Sie feststellen, dass diese unvollst\u00e4ndig oder unrichtig sind.<\/p>\n<p>Ihr Recht auf Widerspruch: Gem\u00e4\u00df den Vorschriften haben Sie das Recht, der Verarbeitung oder Nutzung Ihrer personenbezogenen Daten durch uns zu widersprechen.<\/p>\n<p>Recht auf Einschr\u00e4nkung: Mit diesem Recht k\u00f6nnen Sie von uns verlangen, dass wir die Nutzung und Verarbeitung Ihrer personenbezogenen Daten einschr\u00e4nken.<\/p>\n<p>Ihr Recht auf Daten\u00fcbertragbarkeit: Gem\u00e4\u00df diesem Recht haben Sie das Recht, eine Kopie der personenbezogenen Daten, die wir \u00fcber Sie gespeichert haben, in einem maschinenlesbaren, strukturierten und g\u00e4ngigen Format zu erhalten.<\/p>\n<p>Ihr Recht, Ihre Einwilligung zu widerrufen: Auf der Grundlage dieses Rechts k\u00f6nnen Sie Ihre Einwilligung jederzeit widerrufen, wenn therespiratorysystem von Ihrer Einwilligung zur Verarbeitung Ihrer personenbezogenen Daten abh\u00e4ngig war.<\/p>\n<p><strong>Hinweis<\/strong>: Wir k\u00f6nnen Sie um die \u00dcberpr\u00fcfung Ihrer Identit\u00e4t bitten, bevor wir auf solche R\u00fccknahmeantr\u00e4ge reagieren.<\/p>\n<p>Recht auf Beschwerde bei der Datenschutzbeh\u00f6rde: Sie haben das Recht, sich \u00fcber die Erhebung und Verwendung Ihrer personenbezogenen Daten durch uns zu beschweren. Um mehr dar\u00fcber zu erfahren, wenden Sie sich an die \u00f6rtliche Datenschutzbeh\u00f6rde im Europ\u00e4ischen Wirtschaftsraum (EWR).<\/p>\n<p>Analytik<\/p>\n<p>Bei therespiratorysystem nutzen wir Drittanbieter, um die Nutzung unserer Dienste zu \u00fcberwachen und auch zu analysieren.<\/p>\n<p>Kontaktaufnahme mit uns - izikads2 (at) gmail.com<\/p>\n<p>Sollten Sie Fragen zu dieser Datenschutzerkl\u00e4rung haben, k\u00f6nnen Sie sich an uns wenden.<\/p>\n<p>Zuletzt bearbeitet am 2020-02-27<\/p>","protected":false},"excerpt":{"rendered":"<p>therespiratorysystem.com is an online blog owned and operated by Izik Brans. Home Address: Bat Yam City, Yoseftal 3th Israel Email: izikads {at} gmail {dot} com therespiratorysystem.com &#8211; Privacy Policy This privacy policy has been compiled to better serve those who are concerned with how their \u2018Personally Identifiable Information\u2019 (PII) is being used online. PII, as [&hellip;]<\/p>\n","protected":false},"author":1,"featured_media":0,"parent":0,"menu_order":0,"comment_status":"closed","ping_status":"closed","template":"","meta":{"footnotes":""},"class_list":["post-496","page","type-page","status-publish","hentry"],"yoast_head":"<!-- This site is optimized with the Yoast SEO plugin v27.4 - https:\/\/yoast.com\/product\/yoast-seo-wordpress\/ -->\n<title>Privacy Policy - The Respiratory System<\/title>\n<meta name=\"robots\" content=\"noindex, follow\" \/>\n<meta property=\"og:locale\" content=\"de_DE\" \/>\n<meta property=\"og:type\" content=\"article\" \/>\n<meta property=\"og:title\" content=\"Privacy Policy - The Respiratory System\" \/>\n<meta property=\"og:description\" content=\"therespiratorysystem.com is an online blog owned and operated by Izik Brans. Home Address: Bat Yam City, Yoseftal 3th Israel Email: izikads {at} gmail {dot} com therespiratorysystem.com &#8211; Privacy Policy This privacy policy has been compiled to better serve those who are concerned with how their \u2018Personally Identifiable Information\u2019 (PII) is being used online. PII, as [&hellip;]\" \/>\n<meta property=\"og:url\" content=\"https:\/\/www.therespiratorysystem.com\/de\/privacy-policy\/\" \/>\n<meta property=\"og:site_name\" content=\"The Respiratory System\" \/>\n<meta property=\"article:modified_time\" content=\"2020-02-27T16:11:16+00:00\" \/>\n<meta name=\"twitter:card\" content=\"summary_large_image\" \/>\n<meta name=\"twitter:label1\" content=\"Gesch\u00e4tzte Lesezeit\" \/>\n\t<meta name=\"twitter:data1\" content=\"10\u00a0Minuten\" \/>\n<script type=\"application\/ld+json\" class=\"yoast-schema-graph\">{\"@context\":\"https:\\\/\\\/schema.org\",\"@graph\":[{\"@type\":\"WebPage\",\"@id\":\"https:\\\/\\\/www.therespiratorysystem.com\\\/privacy-policy\\\/\",\"url\":\"https:\\\/\\\/www.therespiratorysystem.com\\\/privacy-policy\\\/\",\"name\":\"Privacy Policy - The Respiratory System\",\"isPartOf\":{\"@id\":\"https:\\\/\\\/www.therespiratorysystem.com\\\/#website\"},\"datePublished\":\"2020-02-27T16:01:15+00:00\",\"dateModified\":\"2020-02-27T16:11:16+00:00\",\"breadcrumb\":{\"@id\":\"https:\\\/\\\/www.therespiratorysystem.com\\\/privacy-policy\\\/#breadcrumb\"},\"inLanguage\":\"de\",\"potentialAction\":[{\"@type\":\"ReadAction\",\"target\":[\"https:\\\/\\\/www.therespiratorysystem.com\\\/privacy-policy\\\/\"]}]},{\"@type\":\"BreadcrumbList\",\"@id\":\"https:\\\/\\\/www.therespiratorysystem.com\\\/privacy-policy\\\/#breadcrumb\",\"itemListElement\":[{\"@type\":\"ListItem\",\"position\":1,\"name\":\"Home\",\"item\":\"https:\\\/\\\/www.therespiratorysystem.com\\\/\"},{\"@type\":\"ListItem\",\"position\":2,\"name\":\"Privacy Policy\"}]},{\"@type\":\"WebSite\",\"@id\":\"https:\\\/\\\/www.therespiratorysystem.com\\\/#website\",\"url\":\"https:\\\/\\\/www.therespiratorysystem.com\\\/\",\"name\":\"The Respiratory System\",\"description\":\"\",\"potentialAction\":[{\"@type\":\"SearchAction\",\"target\":{\"@type\":\"EntryPoint\",\"urlTemplate\":\"https:\\\/\\\/www.therespiratorysystem.com\\\/?s={search_term_string}\"},\"query-input\":{\"@type\":\"PropertyValueSpecification\",\"valueRequired\":true,\"valueName\":\"search_term_string\"}}],\"inLanguage\":\"de\"}]}<\/script>\n<!-- \/ Yoast SEO plugin. -->","yoast_head_json":{"title":"Datenschutzrichtlinie - Das Atmungssystem","robots":{"index":"noindex","follow":"follow"},"og_locale":"de_DE","og_type":"article","og_title":"Privacy Policy - The Respiratory System","og_description":"therespiratorysystem.com is an online blog owned and operated by Izik Brans. Home Address: Bat Yam City, Yoseftal 3th Israel Email: izikads {at} gmail {dot} com therespiratorysystem.com &#8211; Privacy Policy This privacy policy has been compiled to better serve those who are concerned with how their \u2018Personally Identifiable Information\u2019 (PII) is being used online. PII, as [&hellip;]","og_url":"https:\/\/www.therespiratorysystem.com\/de\/privacy-policy\/","og_site_name":"The Respiratory System","article_modified_time":"2020-02-27T16:11:16+00:00","twitter_card":"summary_large_image","twitter_misc":{"Gesch\u00e4tzte Lesezeit":"10\u00a0Minuten"},"schema":{"@context":"https:\/\/schema.org","@graph":[{"@type":"WebPage","@id":"https:\/\/www.therespiratorysystem.com\/privacy-policy\/","url":"https:\/\/www.therespiratorysystem.com\/privacy-policy\/","name":"Datenschutzrichtlinie - Das Atmungssystem","isPartOf":{"@id":"https:\/\/www.therespiratorysystem.com\/#website"},"datePublished":"2020-02-27T16:01:15+00:00","dateModified":"2020-02-27T16:11:16+00:00","breadcrumb":{"@id":"https:\/\/www.therespiratorysystem.com\/privacy-policy\/#breadcrumb"},"inLanguage":"de","potentialAction":[{"@type":"ReadAction","target":["https:\/\/www.therespiratorysystem.com\/privacy-policy\/"]}]},{"@type":"BreadcrumbList","@id":"https:\/\/www.therespiratorysystem.com\/privacy-policy\/#breadcrumb","itemListElement":[{"@type":"ListItem","position":1,"name":"Home","item":"https:\/\/www.therespiratorysystem.com\/"},{"@type":"ListItem","position":2,"name":"Privacy Policy"}]},{"@type":"WebSite","@id":"https:\/\/www.therespiratorysystem.com\/#website","url":"https:\/\/www.therespiratorysystem.com\/","name":"Das Atmungssystem","description":"","potentialAction":[{"@type":"SearchAction","target":{"@type":"EntryPoint","urlTemplate":"https:\/\/www.therespiratorysystem.com\/?s={search_term_string}"},"query-input":{"@type":"PropertyValueSpecification","valueRequired":true,"valueName":"search_term_string"}}],"inLanguage":"de"}]}},"_links":{"self":[{"href":"https:\/\/www.therespiratorysystem.com\/de\/wp-json\/wp\/v2\/pages\/496","targetHints":{"allow":["GET"]}}],"collection":[{"href":"https:\/\/www.therespiratorysystem.com\/de\/wp-json\/wp\/v2\/pages"}],"about":[{"href":"https:\/\/www.therespiratorysystem.com\/de\/wp-json\/wp\/v2\/types\/page"}],"author":[{"embeddable":true,"href":"https:\/\/www.therespiratorysystem.com\/de\/wp-json\/wp\/v2\/users\/1"}],"replies":[{"embeddable":true,"href":"https:\/\/www.therespiratorysystem.com\/de\/wp-json\/wp\/v2\/comments?post=496"}],"version-history":[{"count":8,"href":"https:\/\/www.therespiratorysystem.com\/de\/wp-json\/wp\/v2\/pages\/496\/revisions"}],"predecessor-version":[{"id":507,"href":"https:\/\/www.therespiratorysystem.com\/de\/wp-json\/wp\/v2\/pages\/496\/revisions\/507"}],"wp:attachment":[{"href":"https:\/\/www.therespiratorysystem.com\/de\/wp-json\/wp\/v2\/media?parent=496"}],"curies":[{"name":"wp","href":"https:\/\/api.w.org\/{rel}","templated":true}]}}