{"id":659,"date":"2022-09-17T07:34:09","date_gmt":"2022-09-17T07:34:09","guid":{"rendered":"https:\/\/www.therespiratorysystem.com\/?page_id=659"},"modified":"2022-09-17T07:35:05","modified_gmt":"2022-09-17T07:35:05","slug":"dmca","status":"publish","type":"page","link":"https:\/\/www.therespiratorysystem.com\/de\/dmca\/","title":{"rendered":"DMCA"},"content":{"rendered":"<p>Diese Seite dient nur zu Bildungszwecken!!<\/p>\n<p>**FAIR USE**<\/p>\n<h2>Gesetz zur gerechten Nutzung Disclamer<\/h2>\n<p>Gem\u00e4\u00df Abschnitt 107 des Copyright Act 1976 ist die \"faire Nutzung\" zu Zwecken wie Kritik, Kommentaren, Nachrichtenberichterstattung, Unterricht, Wissenschaft, Bildung und Forschung gestattet.<\/p>\n<p>Fair Use ist eine durch das Urheberrechtsgesetz erlaubte Nutzung, die andernfalls eine Verletzung darstellen w\u00fcrde.<\/p>\n<p>Gemeinn\u00fctzig, <strong>Bildung<\/strong> oder die pers\u00f6nliche Nutzung den Ausschlag zugunsten der fairen Nutzung gibt.<\/p>\n<p>(Quelle: http:\/\/en.wikipedia.org\/wiki\/Fair_use)<\/p>\n<p>Fair Use ist eine Doktrin im US-amerikanischen Urheberrecht, die eine begrenzte Nutzung von urheberrechtlich gesch\u00fctztem Material erlaubt, ohne dass eine Erlaubnis der Rechteinhaber erforderlich ist, z. B. f\u00fcr Kommentare, Kritik, Nachrichtenberichte, Forschung, Lehre oder Wissenschaft. Sie erm\u00f6glicht das legale, nicht lizenzierte Zitieren oder Einbeziehen von urheberrechtlich gesch\u00fctztem Material in das Werk eines anderen Autors im Rahmen eines Vier-Faktoren-Abw\u00e4gungstests. Der Begriff \"Fair Use\" stammt urspr\u00fcnglich aus den Vereinigten Staaten. Ein \u00e4hnlicher Grundsatz, Fair Dealing, existiert in einigen anderen Rechtsordnungen. Im Zivilrecht gibt es weitere Einschr\u00e4nkungen und Ausnahmen zum Urheberrecht.<\/p>\n<h2><strong>Hinweis zum Digital Millennium Copyright Act (DMCA).<\/strong><\/h2>\n<p>Wir respektieren das Urheberrecht. Wenn Sie feststellen, dass etwas falsch ist, senden Sie bitte eine E-Mail mit allen Details zu H\u00e4nden von \"Copyright Infringement\" \u00fcber <strong>semproz at aol com<\/strong><\/p>\n<p>Einreichen einer DMCA-Meldung zur Entfernung urheberrechtlich gesch\u00fctzter Inhalte:<br \/>\nWenn Sie in gutem Glauben davon ausgehen, dass Ihr Werk in einer Weise kopiert wurde, die eine Verletzung des Urheberrechts darstellt, senden Sie uns bitte eine schriftliche Mitteilung mit den folgenden Informationen:<\/p>\n<p>&nbsp;<\/p>\n<ul>\n<li>Eine Beschreibung des urheberrechtlich gesch\u00fctzten Werks, das Ihrer Ansicht nach verletzt wurde;<\/li>\n<li>Eine Beschreibung, wo auf der Website das Material zu finden ist, das Ihrer Ansicht nach eine Verletzung darstellt, die ausreicht, damit Africa Facts Zone das Material lokalisieren kann (z. B. die URL);<\/li>\n<li>Eine Erkl\u00e4rung, dass Sie in gutem Glauben davon ausgehen, dass die Nutzung des urheberrechtlich gesch\u00fctzten Werks nicht durch das Urheberrecht von Africa Facts Zone, dessen Vertreter oder das Gesetz genehmigt wurde und keine angemessene Nutzung darstellt;<\/li>\n<li>eine Erkl\u00e4rung von Ihnen unter Androhung von Strafe, dass die Informationen in Ihrer Mitteilung richtig sind und dass Sie der Urheberrechtsinhaber sind oder befugt sind, im Namen des Urheberrechtsinhabers zu handeln; und<\/li>\n<li>Ihre elektronische oder physische Unterschrift.<\/li>\n<\/ul>\n<h2>Einreichen einer DMCA-Gegenmitteilung zur Wiederherstellung von Inhalten, die von der Website entfernt wurden<\/h2>\n<p><strong>Wenn Sie der Meinung sind, dass Ihr Material irrt\u00fcmlich entfernt oder falsch identifiziert wurde, \u00fcbermitteln Sie Africa Facts Zone bitte eine schriftliche Gegendarstellung mit den folgenden Informationen:<\/strong><\/p>\n<ul>\n<li>Ihren Namen, Ihre Adresse, Telefonnummer und E-Mail-Adresse (falls vorhanden);<\/li>\n<li>Eine Beschreibung des Materials, das entfernt wurde, und die Stelle auf der Website (z. B. die URL), an der es zuvor erschien;<\/li>\n<li>Eine Erkl\u00e4rung unter Androhung von Strafe, dass Sie in gutem Glauben davon ausgehen, dass das Material aufgrund eines Fehlers oder einer falschen Identifizierung entfernt oder deaktiviert wurde;<\/li>\n<li>Eine Erkl\u00e4rung, dass Sie sich mit der Zust\u00e4ndigkeit des Bundesbezirksgerichts f\u00fcr den Gerichtsbezirk einverstanden erkl\u00e4ren, in dem sich Ihre Adresse befindet, oder, wenn sich Ihre Adresse au\u00dferhalb der Vereinigten Staaten befindet, mit der Zust\u00e4ndigkeit jedes Gerichtsbezirks, in dem sich die Africa Facts Zone befindet (einschlie\u00dflich des US-Bezirksgerichts f\u00fcr den s\u00fcdlichen Bezirk von New York), und dass Sie die Zustellung der Klage durch die Person, die die urspr\u00fcngliche DMCA-Meldung eingereicht hat, oder einen Vertreter dieser Person akzeptieren;<\/li>\n<li>Ihre elektronische oder physische Unterschrift.<\/li>\n<\/ul>","protected":false},"excerpt":{"rendered":"<p>This site is for educational purposes only!! **FAIR USE** Fair Use Act Disclamer Copyright Disclaimer under section 107 of the Copyright Act 1976, allowance is made for \u201cfair use\u201d for purposes such as criticism, comment, news reporting, teaching, scholarship, education and research. Fair use is a use permitted by copyright statute that might otherwise be [&hellip;]<\/p>\n","protected":false},"author":1,"featured_media":0,"parent":0,"menu_order":0,"comment_status":"closed","ping_status":"closed","template":"","meta":{"footnotes":""},"class_list":["post-659","page","type-page","status-publish","hentry"],"yoast_head":"<!-- This site is optimized with the Yoast SEO plugin v27.4 - https:\/\/yoast.com\/product\/yoast-seo-wordpress\/ -->\n<title>DMCA - The Respiratory System<\/title>\n<meta name=\"robots\" content=\"noindex, follow\" \/>\n<meta property=\"og:locale\" content=\"de_DE\" \/>\n<meta property=\"og:type\" content=\"article\" \/>\n<meta property=\"og:title\" content=\"DMCA - The Respiratory System\" \/>\n<meta property=\"og:description\" content=\"This site is for educational purposes only!! **FAIR USE** Fair Use Act Disclamer Copyright Disclaimer under section 107 of the Copyright Act 1976, allowance is made for \u201cfair use\u201d for purposes such as criticism, comment, news reporting, teaching, scholarship, education and research. Fair use is a use permitted by copyright statute that might otherwise be [&hellip;]\" \/>\n<meta property=\"og:url\" content=\"https:\/\/www.therespiratorysystem.com\/de\/dmca\/\" \/>\n<meta property=\"og:site_name\" content=\"The Respiratory System\" \/>\n<meta property=\"article:modified_time\" content=\"2022-09-17T07:35:05+00:00\" \/>\n<meta name=\"twitter:card\" content=\"summary_large_image\" \/>\n<meta name=\"twitter:label1\" content=\"Gesch\u00e4tzte Lesezeit\" \/>\n\t<meta name=\"twitter:data1\" content=\"3\u00a0Minuten\" \/>\n<script type=\"application\/ld+json\" class=\"yoast-schema-graph\">{\"@context\":\"https:\\\/\\\/schema.org\",\"@graph\":[{\"@type\":\"WebPage\",\"@id\":\"https:\\\/\\\/www.therespiratorysystem.com\\\/dmca\\\/\",\"url\":\"https:\\\/\\\/www.therespiratorysystem.com\\\/dmca\\\/\",\"name\":\"DMCA - The Respiratory System\",\"isPartOf\":{\"@id\":\"https:\\\/\\\/www.therespiratorysystem.com\\\/#website\"},\"datePublished\":\"2022-09-17T07:34:09+00:00\",\"dateModified\":\"2022-09-17T07:35:05+00:00\",\"breadcrumb\":{\"@id\":\"https:\\\/\\\/www.therespiratorysystem.com\\\/dmca\\\/#breadcrumb\"},\"inLanguage\":\"de\",\"potentialAction\":[{\"@type\":\"ReadAction\",\"target\":[\"https:\\\/\\\/www.therespiratorysystem.com\\\/dmca\\\/\"]}]},{\"@type\":\"BreadcrumbList\",\"@id\":\"https:\\\/\\\/www.therespiratorysystem.com\\\/dmca\\\/#breadcrumb\",\"itemListElement\":[{\"@type\":\"ListItem\",\"position\":1,\"name\":\"Home\",\"item\":\"https:\\\/\\\/www.therespiratorysystem.com\\\/\"},{\"@type\":\"ListItem\",\"position\":2,\"name\":\"DMCA\"}]},{\"@type\":\"WebSite\",\"@id\":\"https:\\\/\\\/www.therespiratorysystem.com\\\/#website\",\"url\":\"https:\\\/\\\/www.therespiratorysystem.com\\\/\",\"name\":\"The Respiratory System\",\"description\":\"\",\"potentialAction\":[{\"@type\":\"SearchAction\",\"target\":{\"@type\":\"EntryPoint\",\"urlTemplate\":\"https:\\\/\\\/www.therespiratorysystem.com\\\/?s={search_term_string}\"},\"query-input\":{\"@type\":\"PropertyValueSpecification\",\"valueRequired\":true,\"valueName\":\"search_term_string\"}}],\"inLanguage\":\"de\"}]}<\/script>\n<!-- \/ Yoast SEO plugin. -->","yoast_head_json":{"title":"DMCA - Das Atmungssystem","robots":{"index":"noindex","follow":"follow"},"og_locale":"de_DE","og_type":"article","og_title":"DMCA - The Respiratory System","og_description":"This site is for educational purposes only!! **FAIR USE** Fair Use Act Disclamer Copyright Disclaimer under section 107 of the Copyright Act 1976, allowance is made for \u201cfair use\u201d for purposes such as criticism, comment, news reporting, teaching, scholarship, education and research. Fair use is a use permitted by copyright statute that might otherwise be [&hellip;]","og_url":"https:\/\/www.therespiratorysystem.com\/de\/dmca\/","og_site_name":"The Respiratory System","article_modified_time":"2022-09-17T07:35:05+00:00","twitter_card":"summary_large_image","twitter_misc":{"Gesch\u00e4tzte Lesezeit":"3\u00a0Minuten"},"schema":{"@context":"https:\/\/schema.org","@graph":[{"@type":"WebPage","@id":"https:\/\/www.therespiratorysystem.com\/dmca\/","url":"https:\/\/www.therespiratorysystem.com\/dmca\/","name":"DMCA - Das Atmungssystem","isPartOf":{"@id":"https:\/\/www.therespiratorysystem.com\/#website"},"datePublished":"2022-09-17T07:34:09+00:00","dateModified":"2022-09-17T07:35:05+00:00","breadcrumb":{"@id":"https:\/\/www.therespiratorysystem.com\/dmca\/#breadcrumb"},"inLanguage":"de","potentialAction":[{"@type":"ReadAction","target":["https:\/\/www.therespiratorysystem.com\/dmca\/"]}]},{"@type":"BreadcrumbList","@id":"https:\/\/www.therespiratorysystem.com\/dmca\/#breadcrumb","itemListElement":[{"@type":"ListItem","position":1,"name":"Home","item":"https:\/\/www.therespiratorysystem.com\/"},{"@type":"ListItem","position":2,"name":"DMCA"}]},{"@type":"WebSite","@id":"https:\/\/www.therespiratorysystem.com\/#website","url":"https:\/\/www.therespiratorysystem.com\/","name":"Das Atmungssystem","description":"","potentialAction":[{"@type":"SearchAction","target":{"@type":"EntryPoint","urlTemplate":"https:\/\/www.therespiratorysystem.com\/?s={search_term_string}"},"query-input":{"@type":"PropertyValueSpecification","valueRequired":true,"valueName":"search_term_string"}}],"inLanguage":"de"}]}},"_links":{"self":[{"href":"https:\/\/www.therespiratorysystem.com\/de\/wp-json\/wp\/v2\/pages\/659","targetHints":{"allow":["GET"]}}],"collection":[{"href":"https:\/\/www.therespiratorysystem.com\/de\/wp-json\/wp\/v2\/pages"}],"about":[{"href":"https:\/\/www.therespiratorysystem.com\/de\/wp-json\/wp\/v2\/types\/page"}],"author":[{"embeddable":true,"href":"https:\/\/www.therespiratorysystem.com\/de\/wp-json\/wp\/v2\/users\/1"}],"replies":[{"embeddable":true,"href":"https:\/\/www.therespiratorysystem.com\/de\/wp-json\/wp\/v2\/comments?post=659"}],"version-history":[{"count":2,"href":"https:\/\/www.therespiratorysystem.com\/de\/wp-json\/wp\/v2\/pages\/659\/revisions"}],"predecessor-version":[{"id":662,"href":"https:\/\/www.therespiratorysystem.com\/de\/wp-json\/wp\/v2\/pages\/659\/revisions\/662"}],"wp:attachment":[{"href":"https:\/\/www.therespiratorysystem.com\/de\/wp-json\/wp\/v2\/media?parent=659"}],"curies":[{"name":"wp","href":"https:\/\/api.w.org\/{rel}","templated":true}]}}