{"id":217,"date":"2017-04-22T06:55:01","date_gmt":"2017-04-22T06:55:01","guid":{"rendered":"https:\/\/www.therespiratorysystem.com\/?page_id=217"},"modified":"2022-09-20T09:48:12","modified_gmt":"2022-09-20T09:48:12","slug":"about-us","status":"publish","type":"page","link":"https:\/\/www.therespiratorysystem.com\/es\/about-us\/","title":{"rendered":"Sobre nosotros"},"content":{"rendered":"<p>La respiraci\u00f3n puede ser uno de los procesos biol\u00f3gicos que m\u00e1s esfuerzo requiere, pero entender el funcionamiento del sistema respiratorio puede ser un poco m\u00e1s complicado. Aqu\u00ed, en TheRespiratorySystem.com, puedes encontrar art\u00edculos detallados, pero inteligibles, sobre la anatom\u00eda y las funciones del tracto respiratorio y todas las dem\u00e1s partes del cuerpo que ayudan a la respiraci\u00f3n. Hay numerosas im\u00e1genes hechas a mano para facilitar a\u00fan m\u00e1s el aprendizaje a todo el mundo, ya sea un estudiante, un profesor o simplemente alguien interesado en aprender sobre fisiolog\u00eda humana.<\/p>\n<p>Si\u00e9ntase libre de <span style=\"text-decoration: underline;\"><strong><a href=\"https:\/\/www.therespiratorysystem.com\/es\/contact-us\/\">contacte con nuestro equipo aqu\u00ed &gt;&gt;<\/a><\/strong><\/span><\/p>\n<p>Por favor, lea nuestro <span style=\"text-decoration: underline;\"><strong><a href=\"https:\/\/www.therespiratorysystem.com\/es\/privacy-policy-2\/\">pol\u00edtica de privacidad aqu\u00ed &gt;&gt;<\/a><\/strong><\/span><\/p>\n<p>Los usuarios tambi\u00e9n pueden subir sus propios contenidos a <strong><a href=\"https:\/\/www.therespiratorysystem.com\/es\/contact-us\/\">nuestro sitio web<\/a><\/strong>!<\/p>","protected":false},"excerpt":{"rendered":"<p>Breathing may be one of the most effortless biological processes, but understanding the workings of the respiratory system can be a bit trickier. Here at TheRespiratorySystem.com, you can find detailed, yet intelligible articles on the anatomy and functions of the respiratory tract and all the other body parts that help with respiration. There are numerous [&hellip;]<\/p>\n","protected":false},"author":1,"featured_media":0,"parent":0,"menu_order":0,"comment_status":"closed","ping_status":"closed","template":"","meta":{"footnotes":""},"class_list":["post-217","page","type-page","status-publish","hentry"],"yoast_head":"<!-- This site is optimized with the Yoast SEO plugin v27.3 - https:\/\/yoast.com\/product\/yoast-seo-wordpress\/ -->\n<title>About Us - The Respiratory System<\/title>\n<meta name=\"robots\" content=\"index, follow, max-snippet:-1, max-image-preview:large, max-video-preview:-1\" \/>\n<link rel=\"canonical\" href=\"https:\/\/www.therespiratorysystem.com\/es\/about-us\/\" \/>\n<meta property=\"og:locale\" content=\"es_ES\" \/>\n<meta property=\"og:type\" content=\"article\" \/>\n<meta property=\"og:title\" content=\"About Us - The Respiratory System\" \/>\n<meta property=\"og:description\" content=\"Breathing may be one of the most effortless biological processes, but understanding the workings of the respiratory system can be a bit trickier. Here at TheRespiratorySystem.com, you can find detailed, yet intelligible articles on the anatomy and functions of the respiratory tract and all the other body parts that help with respiration. There are numerous [&hellip;]\" \/>\n<meta property=\"og:url\" content=\"https:\/\/www.therespiratorysystem.com\/es\/about-us\/\" \/>\n<meta property=\"og:site_name\" content=\"The Respiratory System\" \/>\n<meta property=\"article:modified_time\" content=\"2022-09-20T09:48:12+00:00\" \/>\n<meta name=\"twitter:card\" content=\"summary_large_image\" \/>\n<meta name=\"twitter:label1\" content=\"Tiempo de lectura\" \/>\n\t<meta name=\"twitter:data1\" content=\"1 minuto\" \/>\n<script type=\"application\/ld+json\" class=\"yoast-schema-graph\">{\"@context\":\"https:\\\/\\\/schema.org\",\"@graph\":[{\"@type\":\"WebPage\",\"@id\":\"https:\\\/\\\/www.therespiratorysystem.com\\\/about-us\\\/\",\"url\":\"https:\\\/\\\/www.therespiratorysystem.com\\\/about-us\\\/\",\"name\":\"About Us - The Respiratory System\",\"isPartOf\":{\"@id\":\"https:\\\/\\\/www.therespiratorysystem.com\\\/#website\"},\"datePublished\":\"2017-04-22T06:55:01+00:00\",\"dateModified\":\"2022-09-20T09:48:12+00:00\",\"breadcrumb\":{\"@id\":\"https:\\\/\\\/www.therespiratorysystem.com\\\/about-us\\\/#breadcrumb\"},\"inLanguage\":\"es\",\"potentialAction\":[{\"@type\":\"ReadAction\",\"target\":[\"https:\\\/\\\/www.therespiratorysystem.com\\\/about-us\\\/\"]}]},{\"@type\":\"BreadcrumbList\",\"@id\":\"https:\\\/\\\/www.therespiratorysystem.com\\\/about-us\\\/#breadcrumb\",\"itemListElement\":[{\"@type\":\"ListItem\",\"position\":1,\"name\":\"Home\",\"item\":\"https:\\\/\\\/www.therespiratorysystem.com\\\/\"},{\"@type\":\"ListItem\",\"position\":2,\"name\":\"About Us\"}]},{\"@type\":\"WebSite\",\"@id\":\"https:\\\/\\\/www.therespiratorysystem.com\\\/#website\",\"url\":\"https:\\\/\\\/www.therespiratorysystem.com\\\/\",\"name\":\"The Respiratory System\",\"description\":\"\",\"potentialAction\":[{\"@type\":\"SearchAction\",\"target\":{\"@type\":\"EntryPoint\",\"urlTemplate\":\"https:\\\/\\\/www.therespiratorysystem.com\\\/?s={search_term_string}\"},\"query-input\":{\"@type\":\"PropertyValueSpecification\",\"valueRequired\":true,\"valueName\":\"search_term_string\"}}],\"inLanguage\":\"es\"}]}<\/script>\n<!-- \/ Yoast SEO plugin. -->","yoast_head_json":{"title":"Acerca de nosotros - El sistema respiratorio","robots":{"index":"index","follow":"follow","max-snippet":"max-snippet:-1","max-image-preview":"max-image-preview:large","max-video-preview":"max-video-preview:-1"},"canonical":"https:\/\/www.therespiratorysystem.com\/es\/about-us\/","og_locale":"es_ES","og_type":"article","og_title":"About Us - The Respiratory System","og_description":"Breathing may be one of the most effortless biological processes, but understanding the workings of the respiratory system can be a bit trickier. Here at TheRespiratorySystem.com, you can find detailed, yet intelligible articles on the anatomy and functions of the respiratory tract and all the other body parts that help with respiration. There are numerous [&hellip;]","og_url":"https:\/\/www.therespiratorysystem.com\/es\/about-us\/","og_site_name":"The Respiratory System","article_modified_time":"2022-09-20T09:48:12+00:00","twitter_card":"summary_large_image","twitter_misc":{"Tiempo de lectura":"1 minuto"},"schema":{"@context":"https:\/\/schema.org","@graph":[{"@type":"WebPage","@id":"https:\/\/www.therespiratorysystem.com\/about-us\/","url":"https:\/\/www.therespiratorysystem.com\/about-us\/","name":"Acerca de nosotros - El sistema respiratorio","isPartOf":{"@id":"https:\/\/www.therespiratorysystem.com\/#website"},"datePublished":"2017-04-22T06:55:01+00:00","dateModified":"2022-09-20T09:48:12+00:00","breadcrumb":{"@id":"https:\/\/www.therespiratorysystem.com\/about-us\/#breadcrumb"},"inLanguage":"es","potentialAction":[{"@type":"ReadAction","target":["https:\/\/www.therespiratorysystem.com\/about-us\/"]}]},{"@type":"BreadcrumbList","@id":"https:\/\/www.therespiratorysystem.com\/about-us\/#breadcrumb","itemListElement":[{"@type":"ListItem","position":1,"name":"Home","item":"https:\/\/www.therespiratorysystem.com\/"},{"@type":"ListItem","position":2,"name":"About Us"}]},{"@type":"WebSite","@id":"https:\/\/www.therespiratorysystem.com\/#website","url":"https:\/\/www.therespiratorysystem.com\/","name":"El sistema respiratorio","description":"","potentialAction":[{"@type":"SearchAction","target":{"@type":"EntryPoint","urlTemplate":"https:\/\/www.therespiratorysystem.com\/?s={search_term_string}"},"query-input":{"@type":"PropertyValueSpecification","valueRequired":true,"valueName":"search_term_string"}}],"inLanguage":"es"}]}},"_links":{"self":[{"href":"https:\/\/www.therespiratorysystem.com\/es\/wp-json\/wp\/v2\/pages\/217","targetHints":{"allow":["GET"]}}],"collection":[{"href":"https:\/\/www.therespiratorysystem.com\/es\/wp-json\/wp\/v2\/pages"}],"about":[{"href":"https:\/\/www.therespiratorysystem.com\/es\/wp-json\/wp\/v2\/types\/page"}],"author":[{"embeddable":true,"href":"https:\/\/www.therespiratorysystem.com\/es\/wp-json\/wp\/v2\/users\/1"}],"replies":[{"embeddable":true,"href":"https:\/\/www.therespiratorysystem.com\/es\/wp-json\/wp\/v2\/comments?post=217"}],"version-history":[{"count":5,"href":"https:\/\/www.therespiratorysystem.com\/es\/wp-json\/wp\/v2\/pages\/217\/revisions"}],"predecessor-version":[{"id":669,"href":"https:\/\/www.therespiratorysystem.com\/es\/wp-json\/wp\/v2\/pages\/217\/revisions\/669"}],"wp:attachment":[{"href":"https:\/\/www.therespiratorysystem.com\/es\/wp-json\/wp\/v2\/media?parent=217"}],"curies":[{"name":"wp","href":"https:\/\/api.w.org\/{rel}","templated":true}]}}