{"id":367,"date":"2017-11-13T08:51:34","date_gmt":"2017-11-13T08:51:34","guid":{"rendered":"https:\/\/www.therespiratorysystem.com\/?page_id=367"},"modified":"2018-05-28T06:13:30","modified_gmt":"2018-05-28T06:13:30","slug":"glossary","status":"publish","type":"page","link":"https:\/\/www.therespiratorysystem.com\/es\/glossary\/","title":{"rendered":"Glosario"},"content":{"rendered":"<p>Los l\u00f3bulos pulmonares son las secciones separadas dentro de los pulmones humanos.<\/p>\n<p>Las fosas nasales son las aberturas externas de la nariz.<\/p>\n<p><a href=\"https:\/\/www.therespiratorysystem.com\/es\/glossary\/choanae\/\">Choanae<\/a>\u00a0o narinas internas son las aberturas posteriores de las fosas nasales.<\/p>\n<p>La nasofaringe es la parte de la faringe que interviene en la respiraci\u00f3n.<\/p>\n<p>La cavidad oral es la entrada secundaria al tracto respiratorio.<\/p>\n<p>Los m\u00fasculos intercostales son un grupo de m\u00fasculos vitales para la respiraci\u00f3n.<\/p>","protected":false},"excerpt":{"rendered":"<p>Lung Lobes are the separate sections within the human lungs. Nostrils are the external openings of the nose. Choanae\u00a0or internal nares are the posterior openings of the nasal passages. The Nasopharynx is the part of the pharynx involved in respiration. The Oral Cavity is the secondary entrance to the respiratory tract. The Intercostal Muscles are [&hellip;]<\/p>\n","protected":false},"author":1,"featured_media":0,"parent":0,"menu_order":0,"comment_status":"closed","ping_status":"closed","template":"","meta":{"footnotes":""},"class_list":["post-367","page","type-page","status-publish","hentry"],"yoast_head":"<!-- This site is optimized with the Yoast SEO plugin v27.5 - https:\/\/yoast.com\/product\/yoast-seo-wordpress\/ -->\n<title>Glossary - The Respiratory System<\/title>\n<meta name=\"robots\" content=\"index, follow, max-snippet:-1, max-image-preview:large, max-video-preview:-1\" \/>\n<link rel=\"canonical\" href=\"https:\/\/www.therespiratorysystem.com\/es\/glossary\/\" \/>\n<meta property=\"og:locale\" content=\"es_ES\" \/>\n<meta property=\"og:type\" content=\"article\" \/>\n<meta property=\"og:title\" content=\"Glossary - The Respiratory System\" \/>\n<meta property=\"og:description\" content=\"Lung Lobes are the separate sections within the human lungs. Nostrils are the external openings of the nose. Choanae\u00a0or internal nares are the posterior openings of the nasal passages. The Nasopharynx is the part of the pharynx involved in respiration. The Oral Cavity is the secondary entrance to the respiratory tract. The Intercostal Muscles are [&hellip;]\" \/>\n<meta property=\"og:url\" content=\"https:\/\/www.therespiratorysystem.com\/es\/glossary\/\" \/>\n<meta property=\"og:site_name\" content=\"The Respiratory System\" \/>\n<meta property=\"article:modified_time\" content=\"2018-05-28T06:13:30+00:00\" \/>\n<meta name=\"twitter:card\" content=\"summary_large_image\" \/>\n<script type=\"application\/ld+json\" class=\"yoast-schema-graph\">{\"@context\":\"https:\\\/\\\/schema.org\",\"@graph\":[{\"@type\":\"WebPage\",\"@id\":\"https:\\\/\\\/www.therespiratorysystem.com\\\/glossary\\\/\",\"url\":\"https:\\\/\\\/www.therespiratorysystem.com\\\/glossary\\\/\",\"name\":\"Glossary - The Respiratory System\",\"isPartOf\":{\"@id\":\"https:\\\/\\\/www.therespiratorysystem.com\\\/#website\"},\"datePublished\":\"2017-11-13T08:51:34+00:00\",\"dateModified\":\"2018-05-28T06:13:30+00:00\",\"breadcrumb\":{\"@id\":\"https:\\\/\\\/www.therespiratorysystem.com\\\/glossary\\\/#breadcrumb\"},\"inLanguage\":\"es\",\"potentialAction\":[{\"@type\":\"ReadAction\",\"target\":[\"https:\\\/\\\/www.therespiratorysystem.com\\\/glossary\\\/\"]}]},{\"@type\":\"BreadcrumbList\",\"@id\":\"https:\\\/\\\/www.therespiratorysystem.com\\\/glossary\\\/#breadcrumb\",\"itemListElement\":[{\"@type\":\"ListItem\",\"position\":1,\"name\":\"Home\",\"item\":\"https:\\\/\\\/www.therespiratorysystem.com\\\/\"},{\"@type\":\"ListItem\",\"position\":2,\"name\":\"Glossary\"}]},{\"@type\":\"WebSite\",\"@id\":\"https:\\\/\\\/www.therespiratorysystem.com\\\/#website\",\"url\":\"https:\\\/\\\/www.therespiratorysystem.com\\\/\",\"name\":\"The Respiratory System\",\"description\":\"\",\"potentialAction\":[{\"@type\":\"SearchAction\",\"target\":{\"@type\":\"EntryPoint\",\"urlTemplate\":\"https:\\\/\\\/www.therespiratorysystem.com\\\/?s={search_term_string}\"},\"query-input\":{\"@type\":\"PropertyValueSpecification\",\"valueRequired\":true,\"valueName\":\"search_term_string\"}}],\"inLanguage\":\"es\"}]}<\/script>\n<!-- \/ Yoast SEO plugin. -->","yoast_head_json":{"title":"Glosario - El sistema respiratorio","robots":{"index":"index","follow":"follow","max-snippet":"max-snippet:-1","max-image-preview":"max-image-preview:large","max-video-preview":"max-video-preview:-1"},"canonical":"https:\/\/www.therespiratorysystem.com\/es\/glossary\/","og_locale":"es_ES","og_type":"article","og_title":"Glossary - The Respiratory System","og_description":"Lung Lobes are the separate sections within the human lungs. Nostrils are the external openings of the nose. Choanae\u00a0or internal nares are the posterior openings of the nasal passages. The Nasopharynx is the part of the pharynx involved in respiration. The Oral Cavity is the secondary entrance to the respiratory tract. The Intercostal Muscles are [&hellip;]","og_url":"https:\/\/www.therespiratorysystem.com\/es\/glossary\/","og_site_name":"The Respiratory System","article_modified_time":"2018-05-28T06:13:30+00:00","twitter_card":"summary_large_image","schema":{"@context":"https:\/\/schema.org","@graph":[{"@type":"WebPage","@id":"https:\/\/www.therespiratorysystem.com\/glossary\/","url":"https:\/\/www.therespiratorysystem.com\/glossary\/","name":"Glosario - El sistema respiratorio","isPartOf":{"@id":"https:\/\/www.therespiratorysystem.com\/#website"},"datePublished":"2017-11-13T08:51:34+00:00","dateModified":"2018-05-28T06:13:30+00:00","breadcrumb":{"@id":"https:\/\/www.therespiratorysystem.com\/glossary\/#breadcrumb"},"inLanguage":"es","potentialAction":[{"@type":"ReadAction","target":["https:\/\/www.therespiratorysystem.com\/glossary\/"]}]},{"@type":"BreadcrumbList","@id":"https:\/\/www.therespiratorysystem.com\/glossary\/#breadcrumb","itemListElement":[{"@type":"ListItem","position":1,"name":"Home","item":"https:\/\/www.therespiratorysystem.com\/"},{"@type":"ListItem","position":2,"name":"Glossary"}]},{"@type":"WebSite","@id":"https:\/\/www.therespiratorysystem.com\/#website","url":"https:\/\/www.therespiratorysystem.com\/","name":"El sistema respiratorio","description":"","potentialAction":[{"@type":"SearchAction","target":{"@type":"EntryPoint","urlTemplate":"https:\/\/www.therespiratorysystem.com\/?s={search_term_string}"},"query-input":{"@type":"PropertyValueSpecification","valueRequired":true,"valueName":"search_term_string"}}],"inLanguage":"es"}]}},"_links":{"self":[{"href":"https:\/\/www.therespiratorysystem.com\/es\/wp-json\/wp\/v2\/pages\/367","targetHints":{"allow":["GET"]}}],"collection":[{"href":"https:\/\/www.therespiratorysystem.com\/es\/wp-json\/wp\/v2\/pages"}],"about":[{"href":"https:\/\/www.therespiratorysystem.com\/es\/wp-json\/wp\/v2\/types\/page"}],"author":[{"embeddable":true,"href":"https:\/\/www.therespiratorysystem.com\/es\/wp-json\/wp\/v2\/users\/1"}],"replies":[{"embeddable":true,"href":"https:\/\/www.therespiratorysystem.com\/es\/wp-json\/wp\/v2\/comments?post=367"}],"version-history":[{"count":12,"href":"https:\/\/www.therespiratorysystem.com\/es\/wp-json\/wp\/v2\/pages\/367\/revisions"}],"predecessor-version":[{"id":472,"href":"https:\/\/www.therespiratorysystem.com\/es\/wp-json\/wp\/v2\/pages\/367\/revisions\/472"}],"wp:attachment":[{"href":"https:\/\/www.therespiratorysystem.com\/es\/wp-json\/wp\/v2\/media?parent=367"}],"curies":[{"name":"wp","href":"https:\/\/api.w.org\/{rel}","templated":true}]}}