{"id":466,"date":"2018-05-28T05:48:27","date_gmt":"2018-05-28T05:48:27","guid":{"rendered":"https:\/\/www.therespiratorysystem.com\/?page_id=466"},"modified":"2022-09-16T16:33:12","modified_gmt":"2022-09-16T16:33:12","slug":"intercostal-muscles","status":"publish","type":"page","link":"https:\/\/www.therespiratorysystem.com\/es\/glossary\/intercostal-muscles\/","title":{"rendered":"M\u00fasculos intercostales"},"content":{"rendered":"<h2>What Are the Intercostal Muscles<\/h2>\n<p>The small muscles located in the intercostal spaces between each of the 12 ribs in the human body are known as the intercostal muscles <sup>[1, 2]<\/sup>.<\/p>\n<h2>Anatomy and Structure of Intercostal Muscles<\/h2>\n<p>These muscles are divided into three layers <sup>[3]<\/sup>:<\/p>\n<div id=\"attachment_477\" style=\"width: 561px\" class=\"wp-caption aligncenter\"><a href=\"https:\/\/www.therespiratorysystem.com\/wp-content\/uploads\/2018\/05\/Intercostal-Muscles.jpg\"><img loading=\"lazy\" decoding=\"async\" aria-describedby=\"caption-attachment-477\" class=\" wp-image-477\" src=\"https:\/\/www.therespiratorysystem.com\/wp-content\/uploads\/2018\/05\/Intercostal-Muscles.jpg\" alt=\"\" width=\"551\" height=\"392\" \/><\/a><p id=\"caption-attachment-477\" class=\"wp-caption-text\">Intercostal Muscles<\/p><\/div>\n<h3>1. External Intercostal Muscles<\/h3>\n<p>The most superficial of all the intercostal muscles, there are 11 pairs of external intercostal muscles in the human body <sup>[4]<\/sup>.<\/p>\n<p><strong>Origin:<\/strong> The inferior or lower border of each rib <sup>[5]<\/sup><\/p>\n<p><strong>Insertion:<\/strong> The superior or upper border of the rib below <sup>[5]<\/sup><\/p>\n<p>The muscle fibers run slantingly, in an inward (toward the center of the body) and downward direction <sup>[2]<\/sup>, connecting the 12 ribs to each other. The external intercostal muscles form the external intercostal membrane that extends to attach to the sternum <sup>[6]<\/sup>.<\/p>\n<h3>2. Internal Intercostal Muscles<\/h3>\n<p>There are 11 internal intercostal muscles located on each side of the rib cage <sup>[7]<\/sup>, forming the second or middle layer of the intercostal muscles <sup>[8]<\/sup>.<\/p>\n<p><strong>Origin:<\/strong> The superior or upper border of each rib, at the costal groove <sup>[9]<\/sup><\/p>\n<p><strong>Insertion:<\/strong> The inferior or lower border of the rib above <sup>[9]<\/sup><\/p>\n<p>The fibers of the internal intercostals lie perpendicular to those of the external intercostal muscles, running down in a sideways and backward direction (opposite to the external intercostals) <sup>[7, 10]<\/sup>.<\/p>\n<h3>3. Innermost Intercostal Muscles<\/h3>\n<p>As the name suggests, these form the innermost layer of the intercostal muscles. They are poorly developed in the upper parts of the rib cage, becoming more pronounced toward the lower levels <sup>[4]<\/sup>, with the muscle fibers at the lateral thoracic wall being most prominent.<\/p>\n<p><strong>Origin: <\/strong>The inner border of the ribs, at the costal groove <sup>[11]<\/sup><\/p>\n<p><strong>Insertion: <\/strong>The upper border of the next rib below <sup>[12]<\/sup><\/p>\n<p>The innermost intercostal muscle fibers have the similar alignment as the internal intercostal muscles, also running in the same direction <sup>[11, 13]<\/sup>.<\/p>\n<h3>Innervation and Blood Supply<\/h3>\n<p>All the three layers of the intercostal muscles are innervated by the <strong>intercostal nerves<\/strong> arising from thoracic nerves T1 to T11 <sup>[14]<\/sup>. The blood supply in this area is carried out by the <strong>intercostal arteries and veins<\/strong> <sup>[15]<\/sup>.<\/p>\n<h2>Function: What Do the Intercostal Muscles Do in the Respiratory System<\/h2>\n<p>Along with the diaphragm, these three muscles play a vital role in respiration, with the three layers serving their own purpose during breathing in and out <sup>[16]<\/sup>.<\/p>\n<div id=\"attachment_476\" style=\"width: 612px\" class=\"wp-caption aligncenter\"><a href=\"https:\/\/www.therespiratorysystem.com\/wp-content\/uploads\/2018\/05\/Intercostal-Muscles-Function.jpg\"><img loading=\"lazy\" decoding=\"async\" aria-describedby=\"caption-attachment-476\" class=\" wp-image-476\" src=\"https:\/\/www.therespiratorysystem.com\/wp-content\/uploads\/2018\/05\/Intercostal-Muscles-Function.jpg\" alt=\"\" width=\"602\" height=\"446\" \/><\/a><p id=\"caption-attachment-476\" class=\"wp-caption-text\">Intercostal Muscles Function<\/p><\/div>\n<p><strong>During Inhalation:<\/strong> The external intercostals connect all the ribs in such a way that when these muscles contract, the ribs are lifted up (they have no other way to move in as they are fixed to the vertebral column at the back) <sup>[17]<\/sup>. The diaphragm also contracts at the same time, flattening towards the abdominal cavity <sup>[13]<\/sup>. This expands the thoracic cavity, causing air to rush into the lungs <sup>[17]<\/sup>. Being the strongest of all the three intercostal muscles <sup>[18]<\/sup>, these are the primary intercostal muscles used in regular breathing <sup>[16]<\/sup>. The internal muscles remain in a relaxed position during inhalation <sup>[19]<\/sup>.<\/p>\n<p><strong>During Exhalation<\/strong>: As the internal intercostals are perpendicular to the external intercostals, the ribcage comes down when the former contracts and the latter relaxes. This reduces the volume of the chest cavity, putting pressure on the lungs so the air can be expelled (following gas exchange) <sup>[7]<\/sup>. The diaphragm also relaxes during this time, applying more pressure on the rib cage.<\/p>\n<p>The innermost intercostals are the weakest of the three <sup>[11]<\/sup>, and are used only during deep breathing. As they run in a similar direction as the innermost intercostals, they work similarly as well\u00a0<sup>[20]<\/sup>.<\/p>\n<p><strong>They also assist in protecting the lungs and solidifying the thoracic region<\/strong> <sup>[2]<\/sup>.<\/p>\n<h2>Associated Conditions<\/h2>\n<p>An intercostal muscle strain is the most common associated condition. Apart from that, intercostal pain or spasms may occur due to certain underlying problems like multiple sclerosis, or some chest trauma.<\/p>\n<div class=\"accordion\">\n\t<h3 class=\"panel-title\">References <\/h3>\n<div class=\"panel-content\"><ol><\/p>\n<ol>\n<li><a href=\"https:\/\/www.medicinenet.com\/script\/main\/art.asp?articlekey=3991\">https:\/\/www.medicinenet.com\/script\/main\/art.asp?articlekey=3991<\/a><\/li>\n<li><a href=\"http:\/\/www.innerbody.com\/image_chest1\/chest01.html\">http:\/\/www.innerbody.com\/image_chest1\/chest01.html<\/a><\/li>\n<li><a href=\"https:\/\/www.healthline.com\/health\/intercostal-muscle-strain\">https:\/\/www.healthline.com\/health\/intercostal-muscle-strain<\/a><\/li>\n<li><a href=\"https:\/\/www.sciencedirect.com\/topics\/neuroscience\/innermost-intercostal-muscle\">https:\/\/www.sciencedirect.com\/topics\/neuroscience\/innermost-intercostal-muscle<\/a><\/li>\n<li>https:\/\/www.getbodysmart.com\/muscles-that-act-on-the-chest\/external-intercostal-muscles<\/li>\n<li><a href=\"https:\/\/www.imaios.com\/en\/e-Anatomy\/Anatomical-Parts\/External-intercostal-membrane\">https:\/\/www.imaios.com\/en\/e-Anatomy\/Anatomical-Parts\/External-intercostal-membrane<\/a><\/li>\n<li><a href=\"https:\/\/radiopaedia.org\/articles\/internal-intercostal-muscle\">https:\/\/radiopaedia.org\/articles\/internal-intercostal-muscle<\/a><\/li>\n<li><a href=\"http:\/\/anatomyzone.com\/anatomy-feed\/internal-intercostal-muscle\/\">http:\/\/anatomyzone.com\/anatomy-feed\/internal-intercostal-muscle\/<\/a><\/li>\n<li>http:\/\/gmch.gov.in\/e-study\/e%20lectures\/Anatomy\/Intercostal%20Spaces%20-%20Avinash.pdf<\/li>\n<li><a href=\"https:\/\/www.sciencedirect.com\/topics\/neuroscience\/external-intercostal-muscles\">https:\/\/www.sciencedirect.com\/topics\/neuroscience\/external-intercostal-muscles<\/a><\/li>\n<li><a href=\"https:\/\/radiopaedia.org\/articles\/innermost-intercostal-muscles\">https:\/\/radiopaedia.org\/articles\/innermost-intercostal-muscles<\/a><\/li>\n<li><a href=\"https:\/\/www.earthslab.com\/anatomy\/innermost-intercostal-muscles\/\">https:\/\/www.earthslab.com\/anatomy\/innermost-intercostal-muscles\/<\/a><\/li>\n<li><a href=\"http:\/\/anatomy.uams.edu\/muscles_thorax.html\">http:\/\/anatomy.uams.edu\/muscles_thorax.html<\/a><\/li>\n<li><a href=\"http:\/\/teachmeanatomy.info\/thorax\/muscles\/thoracic-cage\/\">http:\/\/teachmeanatomy.info\/thorax\/muscles\/thoracic-cage\/<\/a><\/li>\n<li><a href=\"https:\/\/www.kenhub.com\/en\/library\/anatomy\/intercostal-arteries-and-veins\">https:\/\/www.kenhub.com\/en\/library\/anatomy\/intercostal-arteries-and-veins<\/a><\/li>\n<li><a href=\"https:\/\/study.com\/academy\/lesson\/intercostal-muscles-definition-function-location.html\">https:\/\/study.com\/academy\/lesson\/intercostal-muscles-definition-function-location.html<\/a><\/li>\n<li><a href=\"http:\/\/www.yorku.ca\/earmstro\/journey\/external.html\">http:\/\/www.yorku.ca\/earmstro\/journey\/external.html<\/a><\/li>\n<li><a href=\"https:\/\/radiopaedia.org\/articles\/external-intercostal-muscle\">https:\/\/radiopaedia.org\/articles\/external-intercostal-muscle<\/a><\/li>\n<li><a href=\"https:\/\/www.bbc.com\/education\/guides\/z6h4jxs\/revision\/2\">https:\/\/www.bbc.com\/education\/guides\/z6h4jxs\/revision<\/a><\/li>\n<li><a href=\"https:\/\/www.kenhub.com\/en\/library\/anatomy\/intercostal-muscles\">https:\/\/www.kenhub.com\/en\/library\/anatomy\/intercostal-muscles<\/a><\/li>\n<\/ol>\n<p><\/ol>\n<\/div>\n<\/div>\n","protected":false},"excerpt":{"rendered":"<p>What Are the Intercostal Muscles The small muscles located in the intercostal spaces between each of the 12 ribs in the human body are known as the intercostal muscles [1, 2]. Anatomy and Structure of Intercostal Muscles These muscles are divided into three layers [3]: 1. External Intercostal Muscles The most superficial of all the [&hellip;]<\/p>\n","protected":false},"author":1,"featured_media":477,"parent":367,"menu_order":0,"comment_status":"closed","ping_status":"closed","template":"","meta":{"footnotes":""},"class_list":["post-466","page","type-page","status-publish","has-post-thumbnail","hentry"],"yoast_head":"<!-- This site is optimized with the Yoast SEO plugin v27.3 - https:\/\/yoast.com\/product\/yoast-seo-wordpress\/ -->\n<title>Intercostal Muscles: Definition, Location, Anatomy, Functions<\/title>\n<meta name=\"description\" content=\"What are the intercostal muscles, where are they located, their structure, external, internal, innermost intercostal muscle functions in breathing, diagram\" \/>\n<meta name=\"robots\" content=\"index, follow, max-snippet:-1, max-image-preview:large, max-video-preview:-1\" \/>\n<link rel=\"canonical\" href=\"https:\/\/www.therespiratorysystem.com\/es\/glossary\/intercostal-muscles\/\" \/>\n<meta property=\"og:locale\" content=\"es_ES\" \/>\n<meta property=\"og:type\" content=\"article\" \/>\n<meta property=\"og:title\" content=\"Intercostal Muscles: Definition, Location, Anatomy, Functions\" \/>\n<meta property=\"og:description\" content=\"What are the intercostal muscles, where are they located, their structure, external, internal, innermost intercostal muscle functions in breathing, diagram\" \/>\n<meta property=\"og:url\" content=\"https:\/\/www.therespiratorysystem.com\/es\/glossary\/intercostal-muscles\/\" \/>\n<meta property=\"og:site_name\" content=\"The Respiratory System\" \/>\n<meta property=\"article:modified_time\" content=\"2022-09-16T16:33:12+00:00\" \/>\n<meta property=\"og:image\" content=\"https:\/\/www.therespiratorysystem.com\/wp-content\/uploads\/2018\/05\/Intercostal-Muscles.jpg\" \/>\n\t<meta property=\"og:image:width\" content=\"750\" \/>\n\t<meta property=\"og:image:height\" content=\"558\" \/>\n\t<meta property=\"og:image:type\" content=\"image\/jpeg\" \/>\n<meta name=\"twitter:card\" content=\"summary_large_image\" \/>\n<meta name=\"twitter:label1\" content=\"Tiempo de lectura\" \/>\n\t<meta name=\"twitter:data1\" content=\"4 minutos\" \/>\n<script type=\"application\/ld+json\" class=\"yoast-schema-graph\">{\"@context\":\"https:\\\/\\\/schema.org\",\"@graph\":[{\"@type\":\"WebPage\",\"@id\":\"https:\\\/\\\/www.therespiratorysystem.com\\\/glossary\\\/intercostal-muscles\\\/\",\"url\":\"https:\\\/\\\/www.therespiratorysystem.com\\\/glossary\\\/intercostal-muscles\\\/\",\"name\":\"Intercostal Muscles: Definition, Location, Anatomy, Functions\",\"isPartOf\":{\"@id\":\"https:\\\/\\\/www.therespiratorysystem.com\\\/#website\"},\"primaryImageOfPage\":{\"@id\":\"https:\\\/\\\/www.therespiratorysystem.com\\\/glossary\\\/intercostal-muscles\\\/#primaryimage\"},\"image\":{\"@id\":\"https:\\\/\\\/www.therespiratorysystem.com\\\/glossary\\\/intercostal-muscles\\\/#primaryimage\"},\"thumbnailUrl\":\"https:\\\/\\\/www.therespiratorysystem.com\\\/wp-content\\\/uploads\\\/2018\\\/05\\\/Intercostal-Muscles.jpg\",\"datePublished\":\"2018-05-28T05:48:27+00:00\",\"dateModified\":\"2022-09-16T16:33:12+00:00\",\"description\":\"What are the intercostal muscles, where are they located, their structure, external, internal, innermost intercostal muscle functions in breathing, diagram\",\"breadcrumb\":{\"@id\":\"https:\\\/\\\/www.therespiratorysystem.com\\\/glossary\\\/intercostal-muscles\\\/#breadcrumb\"},\"inLanguage\":\"es\",\"potentialAction\":[{\"@type\":\"ReadAction\",\"target\":[\"https:\\\/\\\/www.therespiratorysystem.com\\\/glossary\\\/intercostal-muscles\\\/\"]}]},{\"@type\":\"ImageObject\",\"inLanguage\":\"es\",\"@id\":\"https:\\\/\\\/www.therespiratorysystem.com\\\/glossary\\\/intercostal-muscles\\\/#primaryimage\",\"url\":\"https:\\\/\\\/www.therespiratorysystem.com\\\/wp-content\\\/uploads\\\/2018\\\/05\\\/Intercostal-Muscles.jpg\",\"contentUrl\":\"https:\\\/\\\/www.therespiratorysystem.com\\\/wp-content\\\/uploads\\\/2018\\\/05\\\/Intercostal-Muscles.jpg\",\"width\":750,\"height\":558,\"caption\":\"Intercostal Muscles\"},{\"@type\":\"BreadcrumbList\",\"@id\":\"https:\\\/\\\/www.therespiratorysystem.com\\\/glossary\\\/intercostal-muscles\\\/#breadcrumb\",\"itemListElement\":[{\"@type\":\"ListItem\",\"position\":1,\"name\":\"Home\",\"item\":\"https:\\\/\\\/www.therespiratorysystem.com\\\/\"},{\"@type\":\"ListItem\",\"position\":2,\"name\":\"Glossary\",\"item\":\"https:\\\/\\\/www.therespiratorysystem.com\\\/glossary\\\/\"},{\"@type\":\"ListItem\",\"position\":3,\"name\":\"Intercostal Muscles\"}]},{\"@type\":\"WebSite\",\"@id\":\"https:\\\/\\\/www.therespiratorysystem.com\\\/#website\",\"url\":\"https:\\\/\\\/www.therespiratorysystem.com\\\/\",\"name\":\"The Respiratory System\",\"description\":\"\",\"potentialAction\":[{\"@type\":\"SearchAction\",\"target\":{\"@type\":\"EntryPoint\",\"urlTemplate\":\"https:\\\/\\\/www.therespiratorysystem.com\\\/?s={search_term_string}\"},\"query-input\":{\"@type\":\"PropertyValueSpecification\",\"valueRequired\":true,\"valueName\":\"search_term_string\"}}],\"inLanguage\":\"es\"}]}<\/script>\n<!-- \/ Yoast SEO plugin. -->","yoast_head_json":{"title":"M\u00fasculos intercostales: Definici\u00f3n, localizaci\u00f3n, anatom\u00eda y funciones","description":"Qu\u00e9 son los m\u00fasculos intercostales, d\u00f3nde est\u00e1n ubicados, su estructura, funciones del m\u00fasculo intercostal externo, interno, interno en la respiraci\u00f3n, diagrama","robots":{"index":"index","follow":"follow","max-snippet":"max-snippet:-1","max-image-preview":"max-image-preview:large","max-video-preview":"max-video-preview:-1"},"canonical":"https:\/\/www.therespiratorysystem.com\/es\/glossary\/intercostal-muscles\/","og_locale":"es_ES","og_type":"article","og_title":"Intercostal Muscles: Definition, Location, Anatomy, Functions","og_description":"What are the intercostal muscles, where are they located, their structure, external, internal, innermost intercostal muscle functions in breathing, diagram","og_url":"https:\/\/www.therespiratorysystem.com\/es\/glossary\/intercostal-muscles\/","og_site_name":"The Respiratory System","article_modified_time":"2022-09-16T16:33:12+00:00","og_image":[{"width":750,"height":558,"url":"https:\/\/www.therespiratorysystem.com\/wp-content\/uploads\/2018\/05\/Intercostal-Muscles.jpg","type":"image\/jpeg"}],"twitter_card":"summary_large_image","twitter_misc":{"Tiempo de lectura":"4 minutos"},"schema":{"@context":"https:\/\/schema.org","@graph":[{"@type":"WebPage","@id":"https:\/\/www.therespiratorysystem.com\/glossary\/intercostal-muscles\/","url":"https:\/\/www.therespiratorysystem.com\/glossary\/intercostal-muscles\/","name":"M\u00fasculos intercostales: Definici\u00f3n, localizaci\u00f3n, anatom\u00eda y funciones","isPartOf":{"@id":"https:\/\/www.therespiratorysystem.com\/#website"},"primaryImageOfPage":{"@id":"https:\/\/www.therespiratorysystem.com\/glossary\/intercostal-muscles\/#primaryimage"},"image":{"@id":"https:\/\/www.therespiratorysystem.com\/glossary\/intercostal-muscles\/#primaryimage"},"thumbnailUrl":"https:\/\/www.therespiratorysystem.com\/wp-content\/uploads\/2018\/05\/Intercostal-Muscles.jpg","datePublished":"2018-05-28T05:48:27+00:00","dateModified":"2022-09-16T16:33:12+00:00","description":"Qu\u00e9 son los m\u00fasculos intercostales, d\u00f3nde est\u00e1n ubicados, su estructura, funciones del m\u00fasculo intercostal externo, interno, interno en la respiraci\u00f3n, diagrama","breadcrumb":{"@id":"https:\/\/www.therespiratorysystem.com\/glossary\/intercostal-muscles\/#breadcrumb"},"inLanguage":"es","potentialAction":[{"@type":"ReadAction","target":["https:\/\/www.therespiratorysystem.com\/glossary\/intercostal-muscles\/"]}]},{"@type":"ImageObject","inLanguage":"es","@id":"https:\/\/www.therespiratorysystem.com\/glossary\/intercostal-muscles\/#primaryimage","url":"https:\/\/www.therespiratorysystem.com\/wp-content\/uploads\/2018\/05\/Intercostal-Muscles.jpg","contentUrl":"https:\/\/www.therespiratorysystem.com\/wp-content\/uploads\/2018\/05\/Intercostal-Muscles.jpg","width":750,"height":558,"caption":"Intercostal Muscles"},{"@type":"BreadcrumbList","@id":"https:\/\/www.therespiratorysystem.com\/glossary\/intercostal-muscles\/#breadcrumb","itemListElement":[{"@type":"ListItem","position":1,"name":"Home","item":"https:\/\/www.therespiratorysystem.com\/"},{"@type":"ListItem","position":2,"name":"Glossary","item":"https:\/\/www.therespiratorysystem.com\/glossary\/"},{"@type":"ListItem","position":3,"name":"Intercostal Muscles"}]},{"@type":"WebSite","@id":"https:\/\/www.therespiratorysystem.com\/#website","url":"https:\/\/www.therespiratorysystem.com\/","name":"El sistema respiratorio","description":"","potentialAction":[{"@type":"SearchAction","target":{"@type":"EntryPoint","urlTemplate":"https:\/\/www.therespiratorysystem.com\/?s={search_term_string}"},"query-input":{"@type":"PropertyValueSpecification","valueRequired":true,"valueName":"search_term_string"}}],"inLanguage":"es"}]}},"_links":{"self":[{"href":"https:\/\/www.therespiratorysystem.com\/es\/wp-json\/wp\/v2\/pages\/466","targetHints":{"allow":["GET"]}}],"collection":[{"href":"https:\/\/www.therespiratorysystem.com\/es\/wp-json\/wp\/v2\/pages"}],"about":[{"href":"https:\/\/www.therespiratorysystem.com\/es\/wp-json\/wp\/v2\/types\/page"}],"author":[{"embeddable":true,"href":"https:\/\/www.therespiratorysystem.com\/es\/wp-json\/wp\/v2\/users\/1"}],"replies":[{"embeddable":true,"href":"https:\/\/www.therespiratorysystem.com\/es\/wp-json\/wp\/v2\/comments?post=466"}],"version-history":[{"count":7,"href":"https:\/\/www.therespiratorysystem.com\/es\/wp-json\/wp\/v2\/pages\/466\/revisions"}],"predecessor-version":[{"id":579,"href":"https:\/\/www.therespiratorysystem.com\/es\/wp-json\/wp\/v2\/pages\/466\/revisions\/579"}],"up":[{"embeddable":true,"href":"https:\/\/www.therespiratorysystem.com\/es\/wp-json\/wp\/v2\/pages\/367"}],"wp:featuredmedia":[{"embeddable":true,"href":"https:\/\/www.therespiratorysystem.com\/es\/wp-json\/wp\/v2\/media\/477"}],"wp:attachment":[{"href":"https:\/\/www.therespiratorysystem.com\/es\/wp-json\/wp\/v2\/media?parent=466"}],"curies":[{"name":"wp","href":"https:\/\/api.w.org\/{rel}","templated":true}]}}