{"id":496,"date":"2020-02-27T16:01:15","date_gmt":"2020-02-27T16:01:15","guid":{"rendered":"https:\/\/www.therespiratorysystem.com\/?page_id=496"},"modified":"2020-02-27T16:11:16","modified_gmt":"2020-02-27T16:11:16","slug":"privacy-policy","status":"publish","type":"page","link":"https:\/\/www.therespiratorysystem.com\/es\/privacy-policy\/","title":{"rendered":"Pol\u00edtica de privacidad"},"content":{"rendered":"<p><strong>therespiratorysystem.com<\/strong> es un blog en l\u00ednea dirigido por Izik Brans.<\/p>\n<p>Direcci\u00f3n de la casa: Ciudad de Bat Yam, Yoseftal 3<br \/>\nIsrael<br \/>\nCorreo electr\u00f3nico: izikads {at} gmail {dot} com<\/p>\n<h2><strong>therespiratorysystem.com - Pol\u00edtica de privacidad<\/strong><\/h2>\n<p>Esta pol\u00edtica de privacidad ha sido elaborada para servir mejor a aquellos que est\u00e1n preocupados por el uso de su \"Informaci\u00f3n Personal Identificable\" (PII) en l\u00ednea. La IIP, tal y como se describe en la ley de privacidad y seguridad de la informaci\u00f3n de EE.UU., es informaci\u00f3n que puede utilizarse por s\u00ed sola o junto con otra informaci\u00f3n para identificar, contactar o localizar a una sola persona, o para identificar a un individuo en su contexto. Le rogamos que lea atentamente nuestra pol\u00edtica de privacidad para comprender claramente c\u00f3mo recopilamos, utilizamos, protegemos o tratamos de otro modo su informaci\u00f3n de identificaci\u00f3n personal de acuerdo con nuestro sitio web.<\/p>\n<p><strong>\u00bfQu\u00e9 informaci\u00f3n personal recogemos de las personas que visitan nuestro blog, sitio web o aplicaci\u00f3n?<\/strong><\/p>\n<p>No recogemos informaci\u00f3n de los visitantes de nuestro sitio.<br \/>\nu otros detalles que le ayuden con su experiencia.<\/p>\n<p><strong>\u00bfCu\u00e1ndo recogemos informaci\u00f3n?<\/strong><\/p>\n<p>Recogemos informaci\u00f3n suya cuando se registra en nuestro sitio o introduce informaci\u00f3n en \u00e9l.<\/p>\n<p><strong>\u00bfC\u00f3mo utilizamos su informaci\u00f3n?<\/strong><\/p>\n<p>Podemos utilizar la informaci\u00f3n que recopilamos de usted cuando se registra, realiza una compra, se suscribe a nuestro bolet\u00edn de noticias, responde a una encuesta o a una comunicaci\u00f3n de marketing, navega por el sitio web o utiliza algunas otras funciones del sitio de las siguientes maneras:<\/p>\n<p>- Para mejorar nuestro sitio web con el fin de prestarle un mejor servicio.<\/p>\n<p><strong>\u00bfC\u00f3mo protegemos su informaci\u00f3n?<\/strong><\/p>\n<p>No utilizamos el escaneo de vulnerabilidad y\/o el escaneo seg\u00fan las normas PCI.<br \/>\nS\u00f3lo proporcionamos art\u00edculos e informaci\u00f3n. Nunca pedimos n\u00fameros de tarjetas de cr\u00e9dito.<br \/>\nUsamos el escaneo regular de malware.<\/p>\n<p>No utilizamos un certificado SSL<br \/>\n- S\u00f3lo proporcionamos art\u00edculos e informaci\u00f3n. Nunca pedimos informaci\u00f3n personal o privada como nombres, direcciones de correo electr\u00f3nico o n\u00fameros de tarjetas de cr\u00e9dito.<\/p>\n<p><strong>\u00bfUtilizamos \"cookies\"?<\/strong><\/p>\n<p>S\u00ed. Las cookies son peque\u00f1os archivos que un sitio o su proveedor de servicios transfiere al disco duro de su ordenador a trav\u00e9s de su navegador web (si usted lo permite) y que permiten a los sistemas del sitio o del proveedor de servicios reconocer su navegador y capturar y recordar cierta informaci\u00f3n. Por ejemplo, utilizamos cookies para ayudarnos a recordar y procesar los art\u00edculos de su cesta de la compra. Tambi\u00e9n se utilizan para ayudarnos a entender sus preferencias basadas en la actividad anterior o actual del sitio, lo que nos permite ofrecerle servicios mejorados. Tambi\u00e9n utilizamos cookies para ayudarnos a recopilar datos agregados sobre el tr\u00e1fico del sitio y la interacci\u00f3n con el mismo, de modo que podamos ofrecer mejores experiencias y herramientas en el futuro.<\/p>\n<p>Utilizamos cookies para:<br \/>\n- Comprender y guardar las preferencias del usuario para futuras visitas.<\/p>\n<p>Puede elegir que su ordenador le avise cada vez que se env\u00ede una cookie, o puede elegir desactivar todas las cookies. Esto se hace a trav\u00e9s de la configuraci\u00f3n de su navegador. Como los navegadores son un poco diferentes, mira el men\u00fa de ayuda de tu navegador para saber la forma correcta de modificar tus cookies.<\/p>\n<p>Si desactiva las cookies, es posible que algunas de las caracter\u00edsticas que hacen que la experiencia de su sitio sea m\u00e1s eficiente no funcionen correctamente.<br \/>\nDivulgaci\u00f3n a terceros<\/p>\n<p>No vendemos, comerciamos ni transferimos de ninguna manera a terceros su informaci\u00f3n personal identificable, a menos que se lo notifiquemos a los usuarios por adelantado. Esto no incluye a los socios que alojan el sitio web ni a otras partes que nos ayudan a operar nuestro sitio web, a llevar a cabo nuestro negocio o a servir a nuestros usuarios, siempre y cuando dichas partes se comprometan a mantener la confidencialidad de esta informaci\u00f3n. Tambi\u00e9n podemos divulgar informaci\u00f3n cuando sea apropiado para cumplir con la ley, hacer cumplir las pol\u00edticas de nuestro sitio, o proteger nuestros derechos, propiedad o seguridad o los de otros.<\/p>\n<p>Sin embargo, la informaci\u00f3n no personal de los visitantes puede ser proporcionada a otras partes con fines de marketing, publicidad u otros usos.<\/p>\n<p><strong>Enlaces de terceros<\/strong><\/p>\n<p>Ocasionalmente, a nuestra discreci\u00f3n, podemos incluir u ofrecer productos o servicios de terceros en nuestro sitio web. Estos sitios de terceros tienen pol\u00edticas de privacidad separadas e independientes. Por lo tanto, no tenemos ninguna responsabilidad por el contenido y las actividades de estos sitios enlazados. No obstante, tratamos de proteger la integridad de nuestro sitio y agradecemos cualquier comentario sobre estos sitios.<\/p>\n<h2><strong>Aviso de Google Adsense<\/strong><\/h2>\n<p>Los requisitos de publicidad de Google se pueden resumir en los Principios de Publicidad de Google. Se han establecido para proporcionar una experiencia positiva a los usuarios. <a href=\"https:\/\/support.google.com\/adwordspolicy\/answer\/1316548?hl=en\">https:\/\/support.google.com\/adwordspolicy\/answer\/1316548?hl=en<\/a><\/p>\n<p><strong>Utilizamos la publicidad de Google AdSense en nuestro sitio web.<\/strong><\/p>\n<p>Google, como proveedor externo, utiliza cookies para publicar anuncios en nuestro sitio. El uso de la cookie de DART por parte de Google le permite publicar anuncios a nuestros usuarios en funci\u00f3n de las visitas anteriores a nuestro sitio y a otros sitios de Internet. Los usuarios pueden inhabilitar el uso de la cookie de DART visitando la pol\u00edtica de privacidad de la Red de Anuncios y Contenidos de Google.<\/p>\n<p>Hemos implementado lo siguiente:<\/p>\n<ol>\n<li><strong>\u00a0Remarketing con Google AdSense<\/strong><\/li>\n<li><strong>\u00a0Informes de impresiones de la Red de Display de Google<\/strong><\/li>\n<li><strong>\u00a0Informes demogr\u00e1ficos y de intereses<\/strong><\/li>\n<li><strong>\u00a0Integraci\u00f3n de la plataforma DoubleClick<\/strong><\/li>\n<\/ol>\n<p>Nosotros, junto con proveedores de terceros como Google, utilizamos cookies de origen (como las cookies de Google Analytics) y cookies de terceros (como la cookie de DoubleClick) u otros identificadores de terceros para recopilar datos relativos a las interacciones de los usuarios con las impresiones de anuncios y otras funciones de servicios publicitarios en relaci\u00f3n con nuestro sitio web.<\/p>\n<p>No participar:<br \/>\nLos usuarios pueden establecer sus preferencias sobre el modo en que Google le hace publicidad a trav\u00e9s de la p\u00e1gina de configuraci\u00f3n de anuncios de Google. Tambi\u00e9n puede excluirse visitando la p\u00e1gina de exclusi\u00f3n de la Iniciativa publicitaria de la red o utilizando el complemento de exclusi\u00f3n del navegador de Google Analytics.<\/p>\n<p><strong>Lea m\u00e1s en google:<\/strong><\/p>\n<p><a href=\"https:\/\/www.google.com\/settings\/ads\">https:\/\/www.google.com\/settings\/ads<\/a><br \/>\n<a href=\"https:\/\/policies.google.com\/technologies\/ads\">https:\/\/policies.google.com\/technologies\/ads<\/a><\/p>\n<h2><span style=\"text-decoration: underline;\"><strong>Google Analytics<\/strong><\/span><\/h2>\n<p>Servicio de an\u00e1lisis web dise\u00f1ado y ofrecido por Google, Google Analytics nos ayuda a rastrear y reportar el tr\u00e1fico del sitio web. Los datos recogidos, son utilizados por Google para el seguimiento y tambi\u00e9n la supervisi\u00f3n del amplio uso de nuestros servicios. Esta informaci\u00f3n se comparte con otros servicios de Google. Adem\u00e1s, Google tambi\u00e9n puede utilizar esta informaci\u00f3n para contextualizar e incluso personalizar los anuncios en su red.<\/p>\n<p>Sin embargo, tiene derecho a no proporcionar sus datos y registrar su actividad en el Servicio a disposici\u00f3n de Google Analytics simplemente instalando el complemento de inhabilitaci\u00f3n para navegadores de Google-Analytics. Este complemento impide que el Javascript de Google Analytics (ga.js, dc.js y analytics.js) comparta estos datos de actividad de las visitas con Google Analytics.<\/p>\n<p>Para obtener m\u00e1s informaci\u00f3n sobre las pr\u00e1cticas de privacidad de Google, visite la p\u00e1gina web de las condiciones de privacidad de Google: https:\/\/www.google.com\/intl\/en\/policies\/privacy\/<\/p>\n<p><span style=\"text-decoration: underline;\"><strong>Ley de Protecci\u00f3n de la Privacidad en L\u00ednea de California<\/strong><\/span><\/p>\n<p>La CalOPPA es la primera ley estatal del pa\u00eds que exige que los sitios web comerciales y los servicios en l\u00ednea publiquen una pol\u00edtica de privacidad. El alcance de la ley se extiende m\u00e1s all\u00e1 de California para exigir a cualquier persona o empresa de Estados Unidos (y posiblemente del mundo) que gestione sitios web que recojan informaci\u00f3n de identificaci\u00f3n personal de consumidores californianos que publique en su sitio web una pol\u00edtica de privacidad bien visible en la que se indique exactamente la informaci\u00f3n que se recoge y las personas o empresas con las que se comparte. - M\u00e1s informaci\u00f3n en: https:\/\/consumercal.org\/california-online-privacy-protection-act-caloppa\/#sthash.0FdRbT51.dpuf<\/p>\n<p><span style=\"text-decoration: underline;\"><strong>Seg\u00fan la CalOPPA, estamos de acuerdo con lo siguiente:<\/strong><\/span><\/p>\n<p>Los usuarios pueden visitar nuestro sitio de forma an\u00f3nima.<br \/>\nUna vez creada esta pol\u00edtica de privacidad, a\u00f1adiremos un enlace a la misma en nuestra p\u00e1gina de inicio o, como m\u00ednimo, en la primera p\u00e1gina significativa tras entrar en nuestro sitio web.<br \/>\nNuestro enlace a la Pol\u00edtica de Privacidad incluye la palabra \"Privacidad\" y se puede encontrar f\u00e1cilmente en la p\u00e1gina especificada anteriormente.<\/p>\n<p><strong>Se le notificar\u00e1 cualquier cambio en la pol\u00edtica de privacidad:<\/strong><\/p>\n<p>- En nuestra p\u00e1gina de pol\u00edtica de privacidad<br \/>\nPuede modificar sus datos personales:<br \/>\n- Enviando un correo electr\u00f3nico<\/p>\n<p><span style=\"text-decoration: underline;\"><strong>\u00bfC\u00f3mo gestiona nuestro sitio web las se\u00f1ales de Do Not Track?<\/strong><\/span><\/p>\n<p>Respetamos las se\u00f1ales de Do Not Track y no seguimos el rastro, ni plantamos cookies, ni utilizamos la publicidad cuando existe un mecanismo de navegaci\u00f3n Do Not Track (DNT).<\/p>\n<p><span style=\"text-decoration: underline;\"><strong>\u00bfPermite nuestro sitio web el seguimiento del comportamiento por parte de terceros?<\/strong><\/span><\/p>\n<p>Tambi\u00e9n es importante tener en cuenta que no permitimos el seguimiento del comportamiento por parte de terceros<\/p>\n<p>COPPA (Ley de Protecci\u00f3n de la Privacidad de los Ni\u00f1os en Internet)<\/p>\n<p>Cuando se trata de la recogida de informaci\u00f3n personal de ni\u00f1os menores de 13 a\u00f1os, la Ley de Protecci\u00f3n de la Privacidad de los Ni\u00f1os en Internet (COPPA) pone a los padres en control. La Comisi\u00f3n Federal de Comercio, la agencia de protecci\u00f3n del consumidor de los Estados Unidos, hace cumplir la norma COPPA, que detalla lo que los operadores de sitios web y servicios en l\u00ednea deben hacer para proteger la privacidad y la seguridad de los ni\u00f1os en l\u00ednea.<\/p>\n<p>No comercializamos espec\u00edficamente con ni\u00f1os menores de 13 a\u00f1os.<\/p>\n<p>\u00bfPermitimos que terceros, incluidas las redes publicitarias o los plug-ins, recojan informaci\u00f3n personal de ni\u00f1os menores de 13 a\u00f1os?<\/p>\n<p><span style=\"text-decoration: underline;\"><strong>Pr\u00e1cticas de informaci\u00f3n justas<\/strong><\/span><\/p>\n<p>Los Principios de Pr\u00e1cticas Aceptables de Informaci\u00f3n forman la columna vertebral de la ley de privacidad en Estados Unidos y los conceptos que incluyen han desempe\u00f1ado un papel importante en el desarrollo de las leyes de protecci\u00f3n de datos en todo el mundo. Entender los Principios de Pr\u00e1cticas Aceptables de Informaci\u00f3n y c\u00f3mo deben aplicarse es fundamental para cumplir con las diversas leyes de privacidad que protegen la informaci\u00f3n personal.<\/p>\n<p>Para cumplir con las pr\u00e1cticas de informaci\u00f3n justas, tomaremos las siguientes medidas en caso de que se produzca una violaci\u00f3n de datos:<br \/>\nLe notificaremos por correo electr\u00f3nico<br \/>\n- En un plazo de 7 d\u00edas laborables<\/p>\n<p>Tambi\u00e9n estamos de acuerdo con el principio de reparaci\u00f3n individual, que exige que las personas tengan derecho a ejercer derechos exigibles contra los recopiladores y procesadores de datos que no cumplan la ley. Este principio requiere no s\u00f3lo que los individuos tengan derechos exigibles contra los usuarios de datos, sino tambi\u00e9n que los individuos puedan recurrir a los tribunales o a los organismos gubernamentales para investigar y\/o perseguir el incumplimiento por parte de los procesadores de datos.<\/p>\n<p><span style=\"text-decoration: underline;\"><strong>Ley CAN SPAM<\/strong><\/span><\/p>\n<p>La Ley CAN-SPAM es una ley que establece las normas para el correo electr\u00f3nico comercial, fija los requisitos para los mensajes comerciales, da a los destinatarios el derecho a que se les impida el env\u00edo de correos electr\u00f3nicos y establece duras sanciones en caso de infracci\u00f3n.<\/p>\n<p>Recogemos su direcci\u00f3n de correo electr\u00f3nico para:<br \/>\n- Enviar informaci\u00f3n, responder a consultas y\/o otras peticiones o preguntas<\/p>\n<p>Para estar de acuerdo con el CANSPAM, aceptamos lo siguiente:<br \/>\n- No utilizar asuntos o direcciones de correo electr\u00f3nico falsos o enga\u00f1osos.<\/p>\n<p>Si en alg\u00fan momento desea darse de baja para no recibir futuros correos electr\u00f3nicos, puede enviarnos un correo electr\u00f3nico a<br \/>\ny le eliminaremos r\u00e1pidamente de TODA la correspondencia.<\/p>\n<p>Conozca sus derechos de protecci\u00f3n de datos basados en el Reglamento General de Protecci\u00f3n de Datos (RGPD)<br \/>\nExiste un conjunto de derechos de protecci\u00f3n de datos dise\u00f1ado para usted, si es residente en el Espacio Econ\u00f3mico Europeo (EEE). therespiratorysystem se esfuerza por ayudarle a tomar medidas razonables, permiti\u00e9ndole modificar, corregir, eliminar y tambi\u00e9n limitar el uso de todos sus Datos Personales proporcionados.<\/p>\n<p>No dude en ponerse en contacto con nosotros si desea saber qu\u00e9 datos personales se introducen en nuestro sistema sobre usted y si desea que sus datos se eliminen de nuestros sistemas.<\/p>\n<p><span style=\"text-decoration: underline;\"><strong>Usted tiene los derechos de protecci\u00f3n de datos que se mencionan a continuaci\u00f3n en determinadas circunstancias:<\/strong><\/span><\/p>\n<p>Su derecho a utilizar, actualizar o incluso eliminar su informaci\u00f3n de nuestro sistema: Se le proporciona un f\u00e1cil acceso a sus propios datos personales para actualizarlos o eliminarlos directamente desde la secci\u00f3n de configuraci\u00f3n de su cuenta. Sin embargo, en caso de que se le proh\u00edba realizar alguna de estas acciones, perm\u00edtanos ayudarle en el procedimiento. Todo lo que tiene que hacer es ponerse en contacto con nosotros AQU\u00cd.<\/p>\n<p>Su derecho a la rectificaci\u00f3n: De acuerdo con la normativa, usted tiene derecho a obtener la rectificaci\u00f3n de sus datos personales, en caso de que los encuentre incompletos o inexactos.<\/p>\n<p>Su derecho de oposici\u00f3n: De acuerdo con la normativa, tiene derecho a oponerse a que tratemos o utilicemos sus Datos Personales.<\/p>\n<p>Derecho de restricci\u00f3n: Este derecho le permite solicitarnos que restrinjamos el uso y el tratamiento de sus datos personales.<\/p>\n<p>Su derecho a la portabilidad de los datos: De acuerdo con este derecho, usted tiene la facultad de disponer de una copia de los datos personales que tenemos sobre usted en un formato legible por m\u00e1quina, estructurado y de uso habitual.<\/p>\n<p>Su derecho a retirar su consentimiento: En base a este derecho, puedes retirar tu consentimiento cuando lo desees en las situaciones en las que therespiratorysystem depend\u00eda de ti para el tratamiento de tus datos personales.<\/p>\n<p><strong>Nota<\/strong>: Podemos solicitar la verificaci\u00f3n de su identidad antes de responder a dichas solicitudes de retirada.<\/p>\n<p>Derecho a reclamar ante la Autoridad de Protecci\u00f3n de Datos: Usted tiene derecho a reclamar sobre la recopilaci\u00f3n y el uso que hacemos de sus datos personales. Para saber m\u00e1s, p\u00f3ngase en contacto con la Autoridad Local de Protecci\u00f3n de Datos del Espacio Econ\u00f3mico Europeo (EEE).<\/p>\n<p>Anal\u00edtica<\/p>\n<p>En therespiratorysystem , utilizamos proveedores de servicios de terceros para supervisar y tambi\u00e9n analizar el uso de nuestros servicios.<\/p>\n<p>Contacto - izikads2 (at) gmail.com<\/p>\n<p>Si tiene alguna pregunta sobre esta pol\u00edtica de privacidad, puede ponerse en contacto con nosotros.<\/p>\n<p>\u00daltimo editado el 2020-02-27<\/p>","protected":false},"excerpt":{"rendered":"<p>therespiratorysystem.com is an online blog owned and operated by Izik Brans. Home Address: Bat Yam City, Yoseftal 3th Israel Email: izikads {at} gmail {dot} com therespiratorysystem.com &#8211; Privacy Policy This privacy policy has been compiled to better serve those who are concerned with how their \u2018Personally Identifiable Information\u2019 (PII) is being used online. PII, as [&hellip;]<\/p>\n","protected":false},"author":1,"featured_media":0,"parent":0,"menu_order":0,"comment_status":"closed","ping_status":"closed","template":"","meta":{"footnotes":""},"class_list":["post-496","page","type-page","status-publish","hentry"],"yoast_head":"<!-- This site is optimized with the Yoast SEO plugin v27.4 - https:\/\/yoast.com\/product\/yoast-seo-wordpress\/ -->\n<title>Privacy Policy - The Respiratory System<\/title>\n<meta name=\"robots\" content=\"noindex, follow\" \/>\n<meta property=\"og:locale\" content=\"es_ES\" \/>\n<meta property=\"og:type\" content=\"article\" \/>\n<meta property=\"og:title\" content=\"Privacy Policy - The Respiratory System\" \/>\n<meta property=\"og:description\" content=\"therespiratorysystem.com is an online blog owned and operated by Izik Brans. Home Address: Bat Yam City, Yoseftal 3th Israel Email: izikads {at} gmail {dot} com therespiratorysystem.com &#8211; Privacy Policy This privacy policy has been compiled to better serve those who are concerned with how their \u2018Personally Identifiable Information\u2019 (PII) is being used online. PII, as [&hellip;]\" \/>\n<meta property=\"og:url\" content=\"https:\/\/www.therespiratorysystem.com\/es\/privacy-policy\/\" \/>\n<meta property=\"og:site_name\" content=\"The Respiratory System\" \/>\n<meta property=\"article:modified_time\" content=\"2020-02-27T16:11:16+00:00\" \/>\n<meta name=\"twitter:card\" content=\"summary_large_image\" \/>\n<meta name=\"twitter:label1\" content=\"Tiempo de lectura\" \/>\n\t<meta name=\"twitter:data1\" content=\"10 minutos\" \/>\n<script type=\"application\/ld+json\" class=\"yoast-schema-graph\">{\"@context\":\"https:\\\/\\\/schema.org\",\"@graph\":[{\"@type\":\"WebPage\",\"@id\":\"https:\\\/\\\/www.therespiratorysystem.com\\\/privacy-policy\\\/\",\"url\":\"https:\\\/\\\/www.therespiratorysystem.com\\\/privacy-policy\\\/\",\"name\":\"Privacy Policy - The Respiratory System\",\"isPartOf\":{\"@id\":\"https:\\\/\\\/www.therespiratorysystem.com\\\/#website\"},\"datePublished\":\"2020-02-27T16:01:15+00:00\",\"dateModified\":\"2020-02-27T16:11:16+00:00\",\"breadcrumb\":{\"@id\":\"https:\\\/\\\/www.therespiratorysystem.com\\\/privacy-policy\\\/#breadcrumb\"},\"inLanguage\":\"es\",\"potentialAction\":[{\"@type\":\"ReadAction\",\"target\":[\"https:\\\/\\\/www.therespiratorysystem.com\\\/privacy-policy\\\/\"]}]},{\"@type\":\"BreadcrumbList\",\"@id\":\"https:\\\/\\\/www.therespiratorysystem.com\\\/privacy-policy\\\/#breadcrumb\",\"itemListElement\":[{\"@type\":\"ListItem\",\"position\":1,\"name\":\"Home\",\"item\":\"https:\\\/\\\/www.therespiratorysystem.com\\\/\"},{\"@type\":\"ListItem\",\"position\":2,\"name\":\"Privacy Policy\"}]},{\"@type\":\"WebSite\",\"@id\":\"https:\\\/\\\/www.therespiratorysystem.com\\\/#website\",\"url\":\"https:\\\/\\\/www.therespiratorysystem.com\\\/\",\"name\":\"The Respiratory System\",\"description\":\"\",\"potentialAction\":[{\"@type\":\"SearchAction\",\"target\":{\"@type\":\"EntryPoint\",\"urlTemplate\":\"https:\\\/\\\/www.therespiratorysystem.com\\\/?s={search_term_string}\"},\"query-input\":{\"@type\":\"PropertyValueSpecification\",\"valueRequired\":true,\"valueName\":\"search_term_string\"}}],\"inLanguage\":\"es\"}]}<\/script>\n<!-- \/ Yoast SEO plugin. -->","yoast_head_json":{"title":"Pol\u00edtica de privacidad - El sistema respiratorio","robots":{"index":"noindex","follow":"follow"},"og_locale":"es_ES","og_type":"article","og_title":"Privacy Policy - The Respiratory System","og_description":"therespiratorysystem.com is an online blog owned and operated by Izik Brans. Home Address: Bat Yam City, Yoseftal 3th Israel Email: izikads {at} gmail {dot} com therespiratorysystem.com &#8211; Privacy Policy This privacy policy has been compiled to better serve those who are concerned with how their \u2018Personally Identifiable Information\u2019 (PII) is being used online. PII, as [&hellip;]","og_url":"https:\/\/www.therespiratorysystem.com\/es\/privacy-policy\/","og_site_name":"The Respiratory System","article_modified_time":"2020-02-27T16:11:16+00:00","twitter_card":"summary_large_image","twitter_misc":{"Tiempo de lectura":"10 minutos"},"schema":{"@context":"https:\/\/schema.org","@graph":[{"@type":"WebPage","@id":"https:\/\/www.therespiratorysystem.com\/privacy-policy\/","url":"https:\/\/www.therespiratorysystem.com\/privacy-policy\/","name":"Pol\u00edtica de privacidad - El sistema respiratorio","isPartOf":{"@id":"https:\/\/www.therespiratorysystem.com\/#website"},"datePublished":"2020-02-27T16:01:15+00:00","dateModified":"2020-02-27T16:11:16+00:00","breadcrumb":{"@id":"https:\/\/www.therespiratorysystem.com\/privacy-policy\/#breadcrumb"},"inLanguage":"es","potentialAction":[{"@type":"ReadAction","target":["https:\/\/www.therespiratorysystem.com\/privacy-policy\/"]}]},{"@type":"BreadcrumbList","@id":"https:\/\/www.therespiratorysystem.com\/privacy-policy\/#breadcrumb","itemListElement":[{"@type":"ListItem","position":1,"name":"Home","item":"https:\/\/www.therespiratorysystem.com\/"},{"@type":"ListItem","position":2,"name":"Privacy Policy"}]},{"@type":"WebSite","@id":"https:\/\/www.therespiratorysystem.com\/#website","url":"https:\/\/www.therespiratorysystem.com\/","name":"El sistema respiratorio","description":"","potentialAction":[{"@type":"SearchAction","target":{"@type":"EntryPoint","urlTemplate":"https:\/\/www.therespiratorysystem.com\/?s={search_term_string}"},"query-input":{"@type":"PropertyValueSpecification","valueRequired":true,"valueName":"search_term_string"}}],"inLanguage":"es"}]}},"_links":{"self":[{"href":"https:\/\/www.therespiratorysystem.com\/es\/wp-json\/wp\/v2\/pages\/496","targetHints":{"allow":["GET"]}}],"collection":[{"href":"https:\/\/www.therespiratorysystem.com\/es\/wp-json\/wp\/v2\/pages"}],"about":[{"href":"https:\/\/www.therespiratorysystem.com\/es\/wp-json\/wp\/v2\/types\/page"}],"author":[{"embeddable":true,"href":"https:\/\/www.therespiratorysystem.com\/es\/wp-json\/wp\/v2\/users\/1"}],"replies":[{"embeddable":true,"href":"https:\/\/www.therespiratorysystem.com\/es\/wp-json\/wp\/v2\/comments?post=496"}],"version-history":[{"count":8,"href":"https:\/\/www.therespiratorysystem.com\/es\/wp-json\/wp\/v2\/pages\/496\/revisions"}],"predecessor-version":[{"id":507,"href":"https:\/\/www.therespiratorysystem.com\/es\/wp-json\/wp\/v2\/pages\/496\/revisions\/507"}],"wp:attachment":[{"href":"https:\/\/www.therespiratorysystem.com\/es\/wp-json\/wp\/v2\/media?parent=496"}],"curies":[{"name":"wp","href":"https:\/\/api.w.org\/{rel}","templated":true}]}}