{"id":659,"date":"2022-09-17T07:34:09","date_gmt":"2022-09-17T07:34:09","guid":{"rendered":"https:\/\/www.therespiratorysystem.com\/?page_id=659"},"modified":"2022-09-17T07:35:05","modified_gmt":"2022-09-17T07:35:05","slug":"dmca","status":"publish","type":"page","link":"https:\/\/www.therespiratorysystem.com\/es\/dmca\/","title":{"rendered":"DMCA"},"content":{"rendered":"<p>\u00a1\u00a1Este sitio es s\u00f3lo para fines educativos!!<\/p>\n<p>**USO JUSTO**<\/p>\n<h2>Divulgador de la Ley de Uso Justo<\/h2>\n<p>Seg\u00fan el art\u00edculo 107 de la Ley de Derechos de Autor de 1976, se permite el \"uso justo\" para fines como la cr\u00edtica, el comentario, la informaci\u00f3n, la ense\u00f1anza, la erudici\u00f3n, la educaci\u00f3n y la investigaci\u00f3n.<\/p>\n<p>El uso justo es un uso permitido por la ley de derechos de autor que, de otro modo, podr\u00eda ser infractor.<\/p>\n<p>Sin \u00e1nimo de lucro, <strong>educativo<\/strong> o uso personal inclina la balanza a favor del uso justo.<\/p>\n<p>(Fuente: http:\/\/en.wikipedia.org\/wiki\/Fair_use)<\/p>\n<p>El uso justo es una doctrina de la ley de derechos de autor de los Estados Unidos que permite el uso limitado de material protegido por derechos de autor sin requerir el permiso de los titulares de los derechos, como por ejemplo para comentarios, cr\u00edticas, noticias, investigaci\u00f3n, ense\u00f1anza o becas. Prev\u00e9 la citaci\u00f3n o incorporaci\u00f3n legal, sin licencia, de material protegido por derechos de autor en la obra de otro autor seg\u00fan una prueba de equilibrio de cuatro factores. El t\u00e9rmino \"fair use\" tiene su origen en Estados Unidos. Un principio similar, el fair dealing, existe en algunas otras jurisdicciones de derecho com\u00fan. Las jurisdicciones de derecho civil tienen otras limitaciones y excepciones a los derechos de autor.<\/p>\n<h2><strong>Aviso de la Ley de Derechos de Autor del Milenio Digital (DMCA).<\/strong><\/h2>\n<p>Respetamos los derechos de autor. Si encuentra algo incorrecto, env\u00ede un correo electr\u00f3nico con todos los detalles a la atenci\u00f3n de \"Copyright Infringement\" a trav\u00e9s de <strong>semproz at aol com<\/strong><\/p>\n<p>Presentaci\u00f3n de un aviso de la DMCA para eliminar contenidos protegidos por derechos de autor:<br \/>\nSi cree de buena fe que su obra ha sido copiada de forma que constituya una infracci\u00f3n de los derechos de autor, facil\u00edtenos una notificaci\u00f3n por escrito con la siguiente informaci\u00f3n:<\/p>\n<p>&nbsp;<\/p>\n<ul>\n<li>Una descripci\u00f3n de la obra protegida por derechos de autor que, seg\u00fan usted, se ha infringido;<\/li>\n<li>Una descripci\u00f3n del lugar del sitio web en el que se encuentra el material que usted afirma que se est\u00e1 infringiendo, suficiente para que Africa Facts Zone pueda localizar el material (por ejemplo, la URL);<\/li>\n<li>Una declaraci\u00f3n de que usted cree de buena fe que el uso de la obra con derechos de autor no est\u00e1 autorizado por la Zona de Derechos de Autor de \u00c1frica, su agente o la ley y no es un uso justo;<\/li>\n<li>Una declaraci\u00f3n suya, BAJO PENA DE PERJURIO, de que la informaci\u00f3n contenida en su notificaci\u00f3n es exacta y de que usted es el propietario de los derechos de autor o est\u00e1 autorizado a actuar en su nombre; y<\/li>\n<li>Su firma electr\u00f3nica o f\u00edsica.<\/li>\n<\/ul>\n<h2>Presentaci\u00f3n de una contranotificaci\u00f3n de la DMCA para restaurar el contenido retirado del sitio web<\/h2>\n<p><strong>Si cree que su material ha sido eliminado por error o identificado err\u00f3neamente, proporcione a Africa Facts Zone una contranotificaci\u00f3n por escrito con la siguiente informaci\u00f3n:<\/strong><\/p>\n<ul>\n<li>Su nombre, direcci\u00f3n, n\u00famero de tel\u00e9fono y direcci\u00f3n de correo electr\u00f3nico (si la tiene);<\/li>\n<li>Una descripci\u00f3n del material retirado y la ubicaci\u00f3n en el sitio web (por ejemplo, la URL) en la que aparec\u00eda anteriormente;<\/li>\n<li>Una declaraci\u00f3n BAJO PENA DE PERJURIO de que usted cree de buena fe que el material fue retirado o inhabilitado como resultado de un error o una identificaci\u00f3n err\u00f3nea;<\/li>\n<li>Una declaraci\u00f3n de que usted acepta la jurisdicci\u00f3n del Tribunal Federal de Distrito para el distrito judicial en el que se encuentra su direcci\u00f3n, o si su direcci\u00f3n est\u00e1 fuera de los Estados Unidos, cualquier distrito judicial en el que se pueda encontrar la Zona de Hechos de \u00c1frica (que incluye el Tribunal de Distrito de los Estados Unidos para el Distrito Sur de Nueva York), y que usted aceptar\u00e1 la notificaci\u00f3n del proceso de la persona que present\u00f3 la notificaci\u00f3n original de la DMCA o un agente de esa persona;<\/li>\n<li>Su firma electr\u00f3nica o f\u00edsica.<\/li>\n<\/ul>","protected":false},"excerpt":{"rendered":"<p>This site is for educational purposes only!! **FAIR USE** Fair Use Act Disclamer Copyright Disclaimer under section 107 of the Copyright Act 1976, allowance is made for \u201cfair use\u201d for purposes such as criticism, comment, news reporting, teaching, scholarship, education and research. Fair use is a use permitted by copyright statute that might otherwise be [&hellip;]<\/p>\n","protected":false},"author":1,"featured_media":0,"parent":0,"menu_order":0,"comment_status":"closed","ping_status":"closed","template":"","meta":{"footnotes":""},"class_list":["post-659","page","type-page","status-publish","hentry"],"yoast_head":"<!-- This site is optimized with the Yoast SEO plugin v27.4 - https:\/\/yoast.com\/product\/yoast-seo-wordpress\/ -->\n<title>DMCA - The Respiratory System<\/title>\n<meta name=\"robots\" content=\"noindex, follow\" \/>\n<meta property=\"og:locale\" content=\"es_ES\" \/>\n<meta property=\"og:type\" content=\"article\" \/>\n<meta property=\"og:title\" content=\"DMCA - The Respiratory System\" \/>\n<meta property=\"og:description\" content=\"This site is for educational purposes only!! **FAIR USE** Fair Use Act Disclamer Copyright Disclaimer under section 107 of the Copyright Act 1976, allowance is made for \u201cfair use\u201d for purposes such as criticism, comment, news reporting, teaching, scholarship, education and research. Fair use is a use permitted by copyright statute that might otherwise be [&hellip;]\" \/>\n<meta property=\"og:url\" content=\"https:\/\/www.therespiratorysystem.com\/es\/dmca\/\" \/>\n<meta property=\"og:site_name\" content=\"The Respiratory System\" \/>\n<meta property=\"article:modified_time\" content=\"2022-09-17T07:35:05+00:00\" \/>\n<meta name=\"twitter:card\" content=\"summary_large_image\" \/>\n<meta name=\"twitter:label1\" content=\"Tiempo de lectura\" \/>\n\t<meta name=\"twitter:data1\" content=\"3 minutos\" \/>\n<script type=\"application\/ld+json\" class=\"yoast-schema-graph\">{\"@context\":\"https:\\\/\\\/schema.org\",\"@graph\":[{\"@type\":\"WebPage\",\"@id\":\"https:\\\/\\\/www.therespiratorysystem.com\\\/dmca\\\/\",\"url\":\"https:\\\/\\\/www.therespiratorysystem.com\\\/dmca\\\/\",\"name\":\"DMCA - The Respiratory System\",\"isPartOf\":{\"@id\":\"https:\\\/\\\/www.therespiratorysystem.com\\\/#website\"},\"datePublished\":\"2022-09-17T07:34:09+00:00\",\"dateModified\":\"2022-09-17T07:35:05+00:00\",\"breadcrumb\":{\"@id\":\"https:\\\/\\\/www.therespiratorysystem.com\\\/dmca\\\/#breadcrumb\"},\"inLanguage\":\"es\",\"potentialAction\":[{\"@type\":\"ReadAction\",\"target\":[\"https:\\\/\\\/www.therespiratorysystem.com\\\/dmca\\\/\"]}]},{\"@type\":\"BreadcrumbList\",\"@id\":\"https:\\\/\\\/www.therespiratorysystem.com\\\/dmca\\\/#breadcrumb\",\"itemListElement\":[{\"@type\":\"ListItem\",\"position\":1,\"name\":\"Home\",\"item\":\"https:\\\/\\\/www.therespiratorysystem.com\\\/\"},{\"@type\":\"ListItem\",\"position\":2,\"name\":\"DMCA\"}]},{\"@type\":\"WebSite\",\"@id\":\"https:\\\/\\\/www.therespiratorysystem.com\\\/#website\",\"url\":\"https:\\\/\\\/www.therespiratorysystem.com\\\/\",\"name\":\"The Respiratory System\",\"description\":\"\",\"potentialAction\":[{\"@type\":\"SearchAction\",\"target\":{\"@type\":\"EntryPoint\",\"urlTemplate\":\"https:\\\/\\\/www.therespiratorysystem.com\\\/?s={search_term_string}\"},\"query-input\":{\"@type\":\"PropertyValueSpecification\",\"valueRequired\":true,\"valueName\":\"search_term_string\"}}],\"inLanguage\":\"es\"}]}<\/script>\n<!-- \/ Yoast SEO plugin. -->","yoast_head_json":{"title":"DMCA - El sistema respiratorio","robots":{"index":"noindex","follow":"follow"},"og_locale":"es_ES","og_type":"article","og_title":"DMCA - The Respiratory System","og_description":"This site is for educational purposes only!! **FAIR USE** Fair Use Act Disclamer Copyright Disclaimer under section 107 of the Copyright Act 1976, allowance is made for \u201cfair use\u201d for purposes such as criticism, comment, news reporting, teaching, scholarship, education and research. Fair use is a use permitted by copyright statute that might otherwise be [&hellip;]","og_url":"https:\/\/www.therespiratorysystem.com\/es\/dmca\/","og_site_name":"The Respiratory System","article_modified_time":"2022-09-17T07:35:05+00:00","twitter_card":"summary_large_image","twitter_misc":{"Tiempo de lectura":"3 minutos"},"schema":{"@context":"https:\/\/schema.org","@graph":[{"@type":"WebPage","@id":"https:\/\/www.therespiratorysystem.com\/dmca\/","url":"https:\/\/www.therespiratorysystem.com\/dmca\/","name":"DMCA - El sistema respiratorio","isPartOf":{"@id":"https:\/\/www.therespiratorysystem.com\/#website"},"datePublished":"2022-09-17T07:34:09+00:00","dateModified":"2022-09-17T07:35:05+00:00","breadcrumb":{"@id":"https:\/\/www.therespiratorysystem.com\/dmca\/#breadcrumb"},"inLanguage":"es","potentialAction":[{"@type":"ReadAction","target":["https:\/\/www.therespiratorysystem.com\/dmca\/"]}]},{"@type":"BreadcrumbList","@id":"https:\/\/www.therespiratorysystem.com\/dmca\/#breadcrumb","itemListElement":[{"@type":"ListItem","position":1,"name":"Home","item":"https:\/\/www.therespiratorysystem.com\/"},{"@type":"ListItem","position":2,"name":"DMCA"}]},{"@type":"WebSite","@id":"https:\/\/www.therespiratorysystem.com\/#website","url":"https:\/\/www.therespiratorysystem.com\/","name":"El sistema respiratorio","description":"","potentialAction":[{"@type":"SearchAction","target":{"@type":"EntryPoint","urlTemplate":"https:\/\/www.therespiratorysystem.com\/?s={search_term_string}"},"query-input":{"@type":"PropertyValueSpecification","valueRequired":true,"valueName":"search_term_string"}}],"inLanguage":"es"}]}},"_links":{"self":[{"href":"https:\/\/www.therespiratorysystem.com\/es\/wp-json\/wp\/v2\/pages\/659","targetHints":{"allow":["GET"]}}],"collection":[{"href":"https:\/\/www.therespiratorysystem.com\/es\/wp-json\/wp\/v2\/pages"}],"about":[{"href":"https:\/\/www.therespiratorysystem.com\/es\/wp-json\/wp\/v2\/types\/page"}],"author":[{"embeddable":true,"href":"https:\/\/www.therespiratorysystem.com\/es\/wp-json\/wp\/v2\/users\/1"}],"replies":[{"embeddable":true,"href":"https:\/\/www.therespiratorysystem.com\/es\/wp-json\/wp\/v2\/comments?post=659"}],"version-history":[{"count":2,"href":"https:\/\/www.therespiratorysystem.com\/es\/wp-json\/wp\/v2\/pages\/659\/revisions"}],"predecessor-version":[{"id":662,"href":"https:\/\/www.therespiratorysystem.com\/es\/wp-json\/wp\/v2\/pages\/659\/revisions\/662"}],"wp:attachment":[{"href":"https:\/\/www.therespiratorysystem.com\/es\/wp-json\/wp\/v2\/media?parent=659"}],"curies":[{"name":"wp","href":"https:\/\/api.w.org\/{rel}","templated":true}]}}