{"id":217,"date":"2017-04-22T06:55:01","date_gmt":"2017-04-22T06:55:01","guid":{"rendered":"https:\/\/www.therespiratorysystem.com\/?page_id=217"},"modified":"2022-09-20T09:48:12","modified_gmt":"2022-09-20T09:48:12","slug":"about-us","status":"publish","type":"page","link":"https:\/\/www.therespiratorysystem.com\/fr\/about-us\/","title":{"rendered":"A propos de nous"},"content":{"rendered":"<p>La respiration est peut-\u00eatre l'un des processus biologiques les plus simples, mais comprendre le fonctionnement du syst\u00e8me respiratoire peut \u00eatre un peu plus d\u00e9licat. Sur le site TheRespiratorySystem.com, vous trouverez des articles d\u00e9taill\u00e9s, mais intelligibles, sur l'anatomie et les fonctions des voies respiratoires et de toutes les autres parties du corps qui contribuent \u00e0 la respiration. De nombreuses photos faites \u00e0 la main facilitent l'apprentissage pour tous, que vous soyez \u00e9tudiant, enseignant ou simplement int\u00e9ress\u00e9 par la physiologie humaine.<\/p>\n<p>N'h\u00e9sitez pas \u00e0 <span style=\"text-decoration: underline;\"><strong><a href=\"https:\/\/www.therespiratorysystem.com\/fr\/contact-us\/\">contactez notre \u00e9quipe ici &gt;&gt;<\/a><\/strong><\/span><\/p>\n<p>Veuillez lire notre <span style=\"text-decoration: underline;\"><strong><a href=\"https:\/\/www.therespiratorysystem.com\/fr\/privacy-policy-2\/\">politique de confidentialit\u00e9 ici &gt;&gt;<\/a><\/strong><\/span><\/p>\n<p>Les utilisateurs peuvent \u00e9galement t\u00e9l\u00e9charger leur propre contenu sur <strong><a href=\"https:\/\/www.therespiratorysystem.com\/fr\/contact-us\/\">notre site web<\/a><\/strong>!<\/p>","protected":false},"excerpt":{"rendered":"<p>Breathing may be one of the most effortless biological processes, but understanding the workings of the respiratory system can be a bit trickier. Here at TheRespiratorySystem.com, you can find detailed, yet intelligible articles on the anatomy and functions of the respiratory tract and all the other body parts that help with respiration. There are numerous [&hellip;]<\/p>\n","protected":false},"author":1,"featured_media":0,"parent":0,"menu_order":0,"comment_status":"closed","ping_status":"closed","template":"","meta":{"footnotes":""},"class_list":["post-217","page","type-page","status-publish","hentry"],"yoast_head":"<!-- This site is optimized with the Yoast SEO plugin v27.4 - https:\/\/yoast.com\/product\/yoast-seo-wordpress\/ -->\n<title>About Us - The Respiratory System<\/title>\n<meta name=\"robots\" content=\"index, follow, max-snippet:-1, max-image-preview:large, max-video-preview:-1\" \/>\n<link rel=\"canonical\" href=\"https:\/\/www.therespiratorysystem.com\/fr\/about-us\/\" \/>\n<meta property=\"og:locale\" content=\"fr_FR\" \/>\n<meta property=\"og:type\" content=\"article\" \/>\n<meta property=\"og:title\" content=\"About Us - The Respiratory System\" \/>\n<meta property=\"og:description\" content=\"Breathing may be one of the most effortless biological processes, but understanding the workings of the respiratory system can be a bit trickier. Here at TheRespiratorySystem.com, you can find detailed, yet intelligible articles on the anatomy and functions of the respiratory tract and all the other body parts that help with respiration. There are numerous [&hellip;]\" \/>\n<meta property=\"og:url\" content=\"https:\/\/www.therespiratorysystem.com\/fr\/about-us\/\" \/>\n<meta property=\"og:site_name\" content=\"The Respiratory System\" \/>\n<meta property=\"article:modified_time\" content=\"2022-09-20T09:48:12+00:00\" \/>\n<meta name=\"twitter:card\" content=\"summary_large_image\" \/>\n<meta name=\"twitter:label1\" content=\"Dur\u00e9e de lecture estim\u00e9e\" \/>\n\t<meta name=\"twitter:data1\" content=\"1 minute\" \/>\n<script type=\"application\/ld+json\" class=\"yoast-schema-graph\">{\"@context\":\"https:\\\/\\\/schema.org\",\"@graph\":[{\"@type\":\"WebPage\",\"@id\":\"https:\\\/\\\/www.therespiratorysystem.com\\\/about-us\\\/\",\"url\":\"https:\\\/\\\/www.therespiratorysystem.com\\\/about-us\\\/\",\"name\":\"About Us - The Respiratory System\",\"isPartOf\":{\"@id\":\"https:\\\/\\\/www.therespiratorysystem.com\\\/#website\"},\"datePublished\":\"2017-04-22T06:55:01+00:00\",\"dateModified\":\"2022-09-20T09:48:12+00:00\",\"breadcrumb\":{\"@id\":\"https:\\\/\\\/www.therespiratorysystem.com\\\/about-us\\\/#breadcrumb\"},\"inLanguage\":\"fr-FR\",\"potentialAction\":[{\"@type\":\"ReadAction\",\"target\":[\"https:\\\/\\\/www.therespiratorysystem.com\\\/about-us\\\/\"]}]},{\"@type\":\"BreadcrumbList\",\"@id\":\"https:\\\/\\\/www.therespiratorysystem.com\\\/about-us\\\/#breadcrumb\",\"itemListElement\":[{\"@type\":\"ListItem\",\"position\":1,\"name\":\"Home\",\"item\":\"https:\\\/\\\/www.therespiratorysystem.com\\\/\"},{\"@type\":\"ListItem\",\"position\":2,\"name\":\"About Us\"}]},{\"@type\":\"WebSite\",\"@id\":\"https:\\\/\\\/www.therespiratorysystem.com\\\/#website\",\"url\":\"https:\\\/\\\/www.therespiratorysystem.com\\\/\",\"name\":\"The Respiratory System\",\"description\":\"\",\"potentialAction\":[{\"@type\":\"SearchAction\",\"target\":{\"@type\":\"EntryPoint\",\"urlTemplate\":\"https:\\\/\\\/www.therespiratorysystem.com\\\/?s={search_term_string}\"},\"query-input\":{\"@type\":\"PropertyValueSpecification\",\"valueRequired\":true,\"valueName\":\"search_term_string\"}}],\"inLanguage\":\"fr-FR\"}]}<\/script>\n<!-- \/ Yoast SEO plugin. -->","yoast_head_json":{"title":"\u00c0 propos de nous - Le syst\u00e8me respiratoire","robots":{"index":"index","follow":"follow","max-snippet":"max-snippet:-1","max-image-preview":"max-image-preview:large","max-video-preview":"max-video-preview:-1"},"canonical":"https:\/\/www.therespiratorysystem.com\/fr\/about-us\/","og_locale":"fr_FR","og_type":"article","og_title":"About Us - The Respiratory System","og_description":"Breathing may be one of the most effortless biological processes, but understanding the workings of the respiratory system can be a bit trickier. Here at TheRespiratorySystem.com, you can find detailed, yet intelligible articles on the anatomy and functions of the respiratory tract and all the other body parts that help with respiration. There are numerous [&hellip;]","og_url":"https:\/\/www.therespiratorysystem.com\/fr\/about-us\/","og_site_name":"The Respiratory System","article_modified_time":"2022-09-20T09:48:12+00:00","twitter_card":"summary_large_image","twitter_misc":{"Dur\u00e9e de lecture estim\u00e9e":"1 minute"},"schema":{"@context":"https:\/\/schema.org","@graph":[{"@type":"WebPage","@id":"https:\/\/www.therespiratorysystem.com\/about-us\/","url":"https:\/\/www.therespiratorysystem.com\/about-us\/","name":"\u00c0 propos de nous - Le syst\u00e8me respiratoire","isPartOf":{"@id":"https:\/\/www.therespiratorysystem.com\/#website"},"datePublished":"2017-04-22T06:55:01+00:00","dateModified":"2022-09-20T09:48:12+00:00","breadcrumb":{"@id":"https:\/\/www.therespiratorysystem.com\/about-us\/#breadcrumb"},"inLanguage":"fr-FR","potentialAction":[{"@type":"ReadAction","target":["https:\/\/www.therespiratorysystem.com\/about-us\/"]}]},{"@type":"BreadcrumbList","@id":"https:\/\/www.therespiratorysystem.com\/about-us\/#breadcrumb","itemListElement":[{"@type":"ListItem","position":1,"name":"Home","item":"https:\/\/www.therespiratorysystem.com\/"},{"@type":"ListItem","position":2,"name":"About Us"}]},{"@type":"WebSite","@id":"https:\/\/www.therespiratorysystem.com\/#website","url":"https:\/\/www.therespiratorysystem.com\/","name":"Le syst\u00e8me respiratoire","description":"","potentialAction":[{"@type":"SearchAction","target":{"@type":"EntryPoint","urlTemplate":"https:\/\/www.therespiratorysystem.com\/?s={search_term_string}"},"query-input":{"@type":"PropertyValueSpecification","valueRequired":true,"valueName":"search_term_string"}}],"inLanguage":"fr-FR"}]}},"_links":{"self":[{"href":"https:\/\/www.therespiratorysystem.com\/fr\/wp-json\/wp\/v2\/pages\/217","targetHints":{"allow":["GET"]}}],"collection":[{"href":"https:\/\/www.therespiratorysystem.com\/fr\/wp-json\/wp\/v2\/pages"}],"about":[{"href":"https:\/\/www.therespiratorysystem.com\/fr\/wp-json\/wp\/v2\/types\/page"}],"author":[{"embeddable":true,"href":"https:\/\/www.therespiratorysystem.com\/fr\/wp-json\/wp\/v2\/users\/1"}],"replies":[{"embeddable":true,"href":"https:\/\/www.therespiratorysystem.com\/fr\/wp-json\/wp\/v2\/comments?post=217"}],"version-history":[{"count":5,"href":"https:\/\/www.therespiratorysystem.com\/fr\/wp-json\/wp\/v2\/pages\/217\/revisions"}],"predecessor-version":[{"id":669,"href":"https:\/\/www.therespiratorysystem.com\/fr\/wp-json\/wp\/v2\/pages\/217\/revisions\/669"}],"wp:attachment":[{"href":"https:\/\/www.therespiratorysystem.com\/fr\/wp-json\/wp\/v2\/media?parent=217"}],"curies":[{"name":"wp","href":"https:\/\/api.w.org\/{rel}","templated":true}]}}