{"id":219,"date":"2017-04-22T06:55:31","date_gmt":"2017-04-22T06:55:31","guid":{"rendered":"https:\/\/www.therespiratorysystem.com\/?page_id=219"},"modified":"2022-09-20T09:47:08","modified_gmt":"2022-09-20T09:47:08","slug":"contact-us","status":"publish","type":"page","link":"https:\/\/www.therespiratorysystem.com\/fr\/contact-us\/","title":{"rendered":"Nous contacter"},"content":{"rendered":"<p>Veuillez nous envoyer un courriel \u00e0 l'adresse suivante <img loading=\"lazy\" decoding=\"async\" class=\"size-full wp-image-664 alignnone\" src=\"https:\/\/www.therespiratorysystem.com\/wp-content\/uploads\/2022\/09\/CO.jpg\" alt=\"\" width=\"141\" height=\"24\" srcset=\"https:\/\/www.therespiratorysystem.com\/wp-content\/uploads\/2022\/09\/CO.jpg 141w, https:\/\/www.therespiratorysystem.com\/wp-content\/uploads\/2022\/09\/CO-18x3.jpg 18w\" sizes=\"auto, (max-width: 141px) 100vw, 141px\" \/><\/p>\n<h2>Soumettez votre propre contenu<\/h2>\n<p>Les utilisateurs peuvent librement t\u00e9l\u00e9charger leur propre contenu sur notre site web. <strong>choisissez le fichier sur votre ordinateur<\/strong>\u00a0et cliquez sur \"<strong>t\u00e9l\u00e9charger<\/strong>&#8221; :<\/p>\n<p><input class=\"userfile0\" name=\"userfile0\" type=\"file\" \/> <input name=\"image\" src=\"https:\/\/www.therespiratorysystem.com\/wp-content\/uploads\/2022\/09\/click.png\" type=\"image\" \/><\/p>","protected":false},"excerpt":{"rendered":"<p>envoyez-nous un courriel \u00e0 l'adresse suivante Soumettez votre propre contenu Les utilisateurs peuvent librement t\u00e9l\u00e9charger leur propre contenu sur notre site web. Pour ce faire, choisissez le fichier \u00e0 partir de votre ordinateur et cliquez sur \"t\u00e9l\u00e9charger\" :<\/p>","protected":false},"author":1,"featured_media":0,"parent":0,"menu_order":0,"comment_status":"closed","ping_status":"closed","template":"","meta":{"footnotes":""},"class_list":["post-219","page","type-page","status-publish","hentry"],"yoast_head":"<!-- This site is optimized with the Yoast SEO plugin v27.4 - https:\/\/yoast.com\/product\/yoast-seo-wordpress\/ -->\n<title>Contact Us - The Respiratory System<\/title>\n<meta name=\"robots\" content=\"index, follow, max-snippet:-1, max-image-preview:large, max-video-preview:-1\" \/>\n<link rel=\"canonical\" href=\"https:\/\/www.therespiratorysystem.com\/fr\/contact-us\/\" \/>\n<meta property=\"og:locale\" content=\"fr_FR\" \/>\n<meta property=\"og:type\" content=\"article\" \/>\n<meta property=\"og:title\" content=\"Contact Us - The Respiratory System\" \/>\n<meta property=\"og:description\" content=\"plz email us at: Submit your own content Users can freely upload there own content to our website, to do so please choose file frome your computer\u00a0and click &#8220;upload&#8221; :\" \/>\n<meta property=\"og:url\" content=\"https:\/\/www.therespiratorysystem.com\/fr\/contact-us\/\" \/>\n<meta property=\"og:site_name\" content=\"The Respiratory System\" \/>\n<meta property=\"article:modified_time\" content=\"2022-09-20T09:47:08+00:00\" \/>\n<meta property=\"og:image\" content=\"https:\/\/www.therespiratorysystem.com\/wp-content\/uploads\/2022\/09\/CO.jpg\" \/>\n<meta name=\"twitter:card\" content=\"summary_large_image\" \/>\n<meta name=\"twitter:label1\" content=\"Dur\u00e9e de lecture estim\u00e9e\" \/>\n\t<meta name=\"twitter:data1\" content=\"1 minute\" \/>\n<script type=\"application\/ld+json\" class=\"yoast-schema-graph\">{\"@context\":\"https:\\\/\\\/schema.org\",\"@graph\":[{\"@type\":\"WebPage\",\"@id\":\"https:\\\/\\\/www.therespiratorysystem.com\\\/contact-us\\\/\",\"url\":\"https:\\\/\\\/www.therespiratorysystem.com\\\/contact-us\\\/\",\"name\":\"Contact Us - The Respiratory System\",\"isPartOf\":{\"@id\":\"https:\\\/\\\/www.therespiratorysystem.com\\\/#website\"},\"primaryImageOfPage\":{\"@id\":\"https:\\\/\\\/www.therespiratorysystem.com\\\/contact-us\\\/#primaryimage\"},\"image\":{\"@id\":\"https:\\\/\\\/www.therespiratorysystem.com\\\/contact-us\\\/#primaryimage\"},\"thumbnailUrl\":\"https:\\\/\\\/www.therespiratorysystem.com\\\/wp-content\\\/uploads\\\/2022\\\/09\\\/CO.jpg\",\"datePublished\":\"2017-04-22T06:55:31+00:00\",\"dateModified\":\"2022-09-20T09:47:08+00:00\",\"breadcrumb\":{\"@id\":\"https:\\\/\\\/www.therespiratorysystem.com\\\/contact-us\\\/#breadcrumb\"},\"inLanguage\":\"fr-FR\",\"potentialAction\":[{\"@type\":\"ReadAction\",\"target\":[\"https:\\\/\\\/www.therespiratorysystem.com\\\/contact-us\\\/\"]}]},{\"@type\":\"ImageObject\",\"inLanguage\":\"fr-FR\",\"@id\":\"https:\\\/\\\/www.therespiratorysystem.com\\\/contact-us\\\/#primaryimage\",\"url\":\"https:\\\/\\\/www.therespiratorysystem.com\\\/wp-content\\\/uploads\\\/2022\\\/09\\\/CO.jpg\",\"contentUrl\":\"https:\\\/\\\/www.therespiratorysystem.com\\\/wp-content\\\/uploads\\\/2022\\\/09\\\/CO.jpg\"},{\"@type\":\"BreadcrumbList\",\"@id\":\"https:\\\/\\\/www.therespiratorysystem.com\\\/contact-us\\\/#breadcrumb\",\"itemListElement\":[{\"@type\":\"ListItem\",\"position\":1,\"name\":\"Home\",\"item\":\"https:\\\/\\\/www.therespiratorysystem.com\\\/\"},{\"@type\":\"ListItem\",\"position\":2,\"name\":\"Contact Us\"}]},{\"@type\":\"WebSite\",\"@id\":\"https:\\\/\\\/www.therespiratorysystem.com\\\/#website\",\"url\":\"https:\\\/\\\/www.therespiratorysystem.com\\\/\",\"name\":\"The Respiratory System\",\"description\":\"\",\"potentialAction\":[{\"@type\":\"SearchAction\",\"target\":{\"@type\":\"EntryPoint\",\"urlTemplate\":\"https:\\\/\\\/www.therespiratorysystem.com\\\/?s={search_term_string}\"},\"query-input\":{\"@type\":\"PropertyValueSpecification\",\"valueRequired\":true,\"valueName\":\"search_term_string\"}}],\"inLanguage\":\"fr-FR\"}]}<\/script>\n<!-- \/ Yoast SEO plugin. -->","yoast_head_json":{"title":"Contactez-nous - Le syst\u00e8me respiratoire","robots":{"index":"index","follow":"follow","max-snippet":"max-snippet:-1","max-image-preview":"max-image-preview:large","max-video-preview":"max-video-preview:-1"},"canonical":"https:\/\/www.therespiratorysystem.com\/fr\/contact-us\/","og_locale":"fr_FR","og_type":"article","og_title":"Contact Us - The Respiratory System","og_description":"plz email us at: Submit your own content Users can freely upload there own content to our website, to do so please choose file frome your computer\u00a0and click &#8220;upload&#8221; :","og_url":"https:\/\/www.therespiratorysystem.com\/fr\/contact-us\/","og_site_name":"The Respiratory System","article_modified_time":"2022-09-20T09:47:08+00:00","og_image":[{"url":"https:\/\/www.therespiratorysystem.com\/wp-content\/uploads\/2022\/09\/CO.jpg","type":"","width":"","height":""}],"twitter_card":"summary_large_image","twitter_misc":{"Dur\u00e9e de lecture estim\u00e9e":"1 minute"},"schema":{"@context":"https:\/\/schema.org","@graph":[{"@type":"WebPage","@id":"https:\/\/www.therespiratorysystem.com\/contact-us\/","url":"https:\/\/www.therespiratorysystem.com\/contact-us\/","name":"Contactez-nous - Le syst\u00e8me respiratoire","isPartOf":{"@id":"https:\/\/www.therespiratorysystem.com\/#website"},"primaryImageOfPage":{"@id":"https:\/\/www.therespiratorysystem.com\/contact-us\/#primaryimage"},"image":{"@id":"https:\/\/www.therespiratorysystem.com\/contact-us\/#primaryimage"},"thumbnailUrl":"https:\/\/www.therespiratorysystem.com\/wp-content\/uploads\/2022\/09\/CO.jpg","datePublished":"2017-04-22T06:55:31+00:00","dateModified":"2022-09-20T09:47:08+00:00","breadcrumb":{"@id":"https:\/\/www.therespiratorysystem.com\/contact-us\/#breadcrumb"},"inLanguage":"fr-FR","potentialAction":[{"@type":"ReadAction","target":["https:\/\/www.therespiratorysystem.com\/contact-us\/"]}]},{"@type":"ImageObject","inLanguage":"fr-FR","@id":"https:\/\/www.therespiratorysystem.com\/contact-us\/#primaryimage","url":"https:\/\/www.therespiratorysystem.com\/wp-content\/uploads\/2022\/09\/CO.jpg","contentUrl":"https:\/\/www.therespiratorysystem.com\/wp-content\/uploads\/2022\/09\/CO.jpg"},{"@type":"BreadcrumbList","@id":"https:\/\/www.therespiratorysystem.com\/contact-us\/#breadcrumb","itemListElement":[{"@type":"ListItem","position":1,"name":"Home","item":"https:\/\/www.therespiratorysystem.com\/"},{"@type":"ListItem","position":2,"name":"Contact Us"}]},{"@type":"WebSite","@id":"https:\/\/www.therespiratorysystem.com\/#website","url":"https:\/\/www.therespiratorysystem.com\/","name":"Le syst\u00e8me respiratoire","description":"","potentialAction":[{"@type":"SearchAction","target":{"@type":"EntryPoint","urlTemplate":"https:\/\/www.therespiratorysystem.com\/?s={search_term_string}"},"query-input":{"@type":"PropertyValueSpecification","valueRequired":true,"valueName":"search_term_string"}}],"inLanguage":"fr-FR"}]}},"_links":{"self":[{"href":"https:\/\/www.therespiratorysystem.com\/fr\/wp-json\/wp\/v2\/pages\/219","targetHints":{"allow":["GET"]}}],"collection":[{"href":"https:\/\/www.therespiratorysystem.com\/fr\/wp-json\/wp\/v2\/pages"}],"about":[{"href":"https:\/\/www.therespiratorysystem.com\/fr\/wp-json\/wp\/v2\/types\/page"}],"author":[{"embeddable":true,"href":"https:\/\/www.therespiratorysystem.com\/fr\/wp-json\/wp\/v2\/users\/1"}],"replies":[{"embeddable":true,"href":"https:\/\/www.therespiratorysystem.com\/fr\/wp-json\/wp\/v2\/comments?post=219"}],"version-history":[{"count":6,"href":"https:\/\/www.therespiratorysystem.com\/fr\/wp-json\/wp\/v2\/pages\/219\/revisions"}],"predecessor-version":[{"id":668,"href":"https:\/\/www.therespiratorysystem.com\/fr\/wp-json\/wp\/v2\/pages\/219\/revisions\/668"}],"wp:attachment":[{"href":"https:\/\/www.therespiratorysystem.com\/fr\/wp-json\/wp\/v2\/media?parent=219"}],"curies":[{"name":"wp","href":"https:\/\/api.w.org\/{rel}","templated":true}]}}