{"id":496,"date":"2020-02-27T16:01:15","date_gmt":"2020-02-27T16:01:15","guid":{"rendered":"https:\/\/www.therespiratorysystem.com\/?page_id=496"},"modified":"2020-02-27T16:11:16","modified_gmt":"2020-02-27T16:11:16","slug":"privacy-policy","status":"publish","type":"page","link":"https:\/\/www.therespiratorysystem.com\/fr\/privacy-policy\/","title":{"rendered":"Politique de confidentialit\u00e9"},"content":{"rendered":"<p><strong>therespiratorysystem.com<\/strong> est un blog en ligne d\u00e9tenu et g\u00e9r\u00e9 par Izik Brans.<\/p>\n<p>Adresse du domicile : Bat Yam City, Yoseftal 3th<br \/>\nIsra\u00ebl<br \/>\nCourriel : izikads {at} gmail {dot} com<\/p>\n<h2><strong>therespiratorysystem.com - Politique de confidentialit\u00e9<\/strong><\/h2>\n<p>Cette politique de confidentialit\u00e9 a \u00e9t\u00e9 \u00e9labor\u00e9e pour mieux servir les personnes qui s'inqui\u00e8tent de la fa\u00e7on dont leurs \"informations personnelles identifiables\" (IPI) sont utilis\u00e9es en ligne. Les IIP, telles qu'elles sont d\u00e9crites dans la l\u00e9gislation am\u00e9ricaine sur la protection de la vie priv\u00e9e et la s\u00e9curit\u00e9 de l'information, sont des informations qui peuvent \u00eatre utilis\u00e9es seules ou avec d'autres informations pour identifier, contacter ou localiser une seule personne, ou pour identifier une personne dans son contexte. Veuillez lire attentivement notre politique de confidentialit\u00e9 pour bien comprendre comment nous collectons, utilisons, prot\u00e9geons ou traitons vos informations personnellement identifiables conform\u00e9ment \u00e0 notre site Web.<\/p>\n<p><strong>Quelles informations personnelles recueillons-nous aupr\u00e8s des personnes qui visitent notre blog, notre site web ou notre application ?<\/strong><\/p>\n<p>Nous ne collectons pas d'informations aupr\u00e8s des visiteurs de notre site.<br \/>\nou d'autres d\u00e9tails pour vous aider dans votre exp\u00e9rience.<\/p>\n<p><strong>Quand recueillons-nous des informations ?<\/strong><\/p>\n<p>Nous recueillons des informations sur vous lorsque vous vous inscrivez sur notre site ou que vous saisissez des informations sur notre site.<\/p>\n<p><strong>Comment utilisons-nous vos informations ?<\/strong><\/p>\n<p>Nous pouvons utiliser les informations que nous recueillons aupr\u00e8s de vous lorsque vous vous inscrivez, effectuez un achat, vous inscrivez \u00e0 notre bulletin d'information, r\u00e9pondez \u00e0 une enqu\u00eate ou \u00e0 une communication marketing, surfez sur le site web ou utilisez certaines autres fonctionnalit\u00e9s du site de la mani\u00e8re suivante :<\/p>\n<p>- Pour am\u00e9liorer notre site web afin de mieux vous servir.<\/p>\n<p><strong>Comment prot\u00e9geons-nous vos informations ?<\/strong><\/p>\n<p>Nous n'utilisons pas de balayage de vuln\u00e9rabilit\u00e9 et\/ou de balayage selon les normes PCI.<br \/>\nNous ne fournissons que des articles et des informations. Nous ne demandons jamais de num\u00e9ros de carte de cr\u00e9dit.<br \/>\nNous effectuons r\u00e9guli\u00e8rement des analyses de logiciels malveillants.<\/p>\n<p>Nous n'utilisons pas de certificat SSL<br \/>\n- Nous ne fournissons que des articles et des informations. Nous ne demandons jamais d'informations personnelles ou priv\u00e9es comme des noms, des adresses \u00e9lectroniques ou des num\u00e9ros de carte de cr\u00e9dit.<\/p>\n<p><strong>Utilisons-nous des \"cookies\" ?<\/strong><\/p>\n<p>Oui. Les cookies sont de petits fichiers qu'un site ou son fournisseur de services transf\u00e8re sur le disque dur de votre ordinateur par le biais de votre navigateur Web (si vous l'autorisez) et qui permettent aux syst\u00e8mes du site ou du fournisseur de services de reconna\u00eetre votre navigateur et de saisir et m\u00e9moriser certaines informations. Par exemple, nous utilisons des cookies pour nous aider \u00e0 nous souvenir et \u00e0 traiter les articles de votre panier. Ils sont \u00e9galement utilis\u00e9s pour nous aider \u00e0 comprendre vos pr\u00e9f\u00e9rences en fonction de votre activit\u00e9 pr\u00e9c\u00e9dente ou actuelle sur le site, ce qui nous permet de vous fournir des services am\u00e9lior\u00e9s. Nous utilisons \u00e9galement des cookies pour nous aider \u00e0 compiler des donn\u00e9es globales sur le trafic et l'interaction sur le site, afin de pouvoir offrir de meilleures exp\u00e9riences et de meilleurs outils \u00e0 l'avenir.<\/p>\n<p>Nous utilisons des cookies pour :<br \/>\n- Comprendre et enregistrer les pr\u00e9f\u00e9rences de l'utilisateur pour de futures visites.<\/p>\n<p>Vous pouvez demander \u00e0 votre ordinateur de vous avertir chaque fois qu'un cookie est envoy\u00e9, ou vous pouvez choisir de d\u00e9sactiver tous les cookies. Vous pouvez le faire par le biais des param\u00e8tres de votre navigateur. Chaque navigateur \u00e9tant un peu diff\u00e9rent, consultez le menu d'aide de votre navigateur pour conna\u00eetre la bonne fa\u00e7on de modifier vos cookies.<\/p>\n<p>Si vous d\u00e9sactivez les cookies, certaines des fonctionnalit\u00e9s qui rendent l'exp\u00e9rience de votre site plus efficace risquent de ne pas fonctionner correctement.Cela n'affectera pas l'exp\u00e9rience de l'utilisateur qui rend l'exp\u00e9rience de votre site plus efficace et risque de ne pas fonctionner correctement.<br \/>\nDivulgation \u00e0 des tiers<\/p>\n<p>Nous ne vendons pas, n'\u00e9changeons pas et ne transf\u00e9rons pas d'une autre mani\u00e8re \u00e0 des tiers vos informations personnellement identifiables, sauf si nous en informons les utilisateurs au pr\u00e9alable. Cela n'inclut pas les partenaires d'h\u00e9bergement de sites Web et les autres parties qui nous aident \u00e0 exploiter notre site Web, \u00e0 mener nos activit\u00e9s ou \u00e0 servir nos utilisateurs, tant que ces parties acceptent de garder ces informations confidentielles. Nous pouvons \u00e9galement divulguer des informations lorsque leur divulgation est appropri\u00e9e pour se conformer \u00e0 la loi, appliquer les politiques de notre site ou prot\u00e9ger nos droits, notre propri\u00e9t\u00e9 ou notre s\u00e9curit\u00e9 ou ceux d'autres personnes.<\/p>\n<p>Toutefois, les informations relatives aux visiteurs non personnellement identifiables peuvent \u00eatre fournies \u00e0 d'autres parties \u00e0 des fins de marketing, de publicit\u00e9 ou autres.<\/p>\n<p><strong>Liens vers des tiers<\/strong><\/p>\n<p>Occasionnellement, \u00e0 notre discr\u00e9tion, nous pouvons inclure ou proposer des produits ou services de tiers sur notre site web. Ces sites tiers ont des politiques de confidentialit\u00e9 distinctes et ind\u00e9pendantes. Nous ne sommes donc pas responsables du contenu et des activit\u00e9s de ces sites. N\u00e9anmoins, nous cherchons \u00e0 prot\u00e9ger l'int\u00e9grit\u00e9 de notre site et accueillons volontiers tout commentaire sur ces sites.<\/p>\n<h2><strong>Avis de Google Adsense<\/strong><\/h2>\n<p>Les exigences de Google en mati\u00e8re de publicit\u00e9 peuvent \u00eatre r\u00e9sum\u00e9es par les Principes de publicit\u00e9 de Google. Ils sont mis en place pour offrir une exp\u00e9rience positive aux utilisateurs. <a href=\"https:\/\/support.google.com\/adwordspolicy\/answer\/1316548?hl=en\">https:\/\/support.google.com\/adwordspolicy\/answer\/1316548?hl=en<\/a><\/p>\n<p><strong>Nous utilisons la publicit\u00e9 Google AdSense sur notre site web.<\/strong><\/p>\n<p>Google, en tant que fournisseur tiers, utilise des cookies pour diffuser des annonces sur notre site. L'utilisation du cookie DART par Google lui permet de diffuser des annonces \u00e0 nos utilisateurs en fonction de leurs visites pr\u00e9c\u00e9dentes sur notre site et d'autres sites sur Internet. Les utilisateurs peuvent d\u00e9sactiver l'utilisation du cookie DART en consultant les r\u00e8gles de confidentialit\u00e9 du R\u00e9seau de contenu et d'annonces Google.<\/p>\n<p>Nous avons mis en place les \u00e9l\u00e9ments suivants :<\/p>\n<ol>\n<li><strong>\u00a0Remarketing avec Google AdSense<\/strong><\/li>\n<li><strong>\u00a0Rapport sur les impressions du r\u00e9seau Google Display<\/strong><\/li>\n<li><strong>\u00a0Rapports sur les donn\u00e9es d\u00e9mographiques et les int\u00e9r\u00eats<\/strong><\/li>\n<li><strong>\u00a0Int\u00e9gration de la plateforme DoubleClick<\/strong><\/li>\n<\/ol>\n<p>Nous, ainsi que des fournisseurs tiers tels que Google, utilisons des cookies de premi\u00e8re partie (tels que les cookies Google Analytics) et des cookies de tierce partie (tels que le cookie DoubleClick) ou d'autres identifiants de tierce partie pour compiler des donn\u00e9es concernant les interactions des utilisateurs avec les impressions d'annonces et d'autres fonctions de service d'annonces en relation avec notre site Web.<\/p>\n<p>L'option de refus :<br \/>\nLes utilisateurs peuvent d\u00e9finir leurs pr\u00e9f\u00e9rences quant \u00e0 la mani\u00e8re dont Google vous fait de la publicit\u00e9 en utilisant la page Param\u00e8tres des annonces Google. Vous pouvez \u00e9galement d\u00e9sactiver cette option en consultant la page de d\u00e9sactivation de la Network Advertising Initiative ou en utilisant le module compl\u00e9mentaire de navigateur de d\u00e9sactivation de Google Analytics.<\/p>\n<p><strong>Lire la suite sur google :<\/strong><\/p>\n<p><a href=\"https:\/\/www.google.com\/settings\/ads\">https:\/\/www.google.com\/settings\/ads<\/a><br \/>\n<a href=\"https:\/\/policies.google.com\/technologies\/ads\">https:\/\/policies.google.com\/technologies\/ads<\/a><\/p>\n<h2><span style=\"text-decoration: underline;\"><strong>Google Analytics<\/strong><\/span><\/h2>\n<p>Service d'analyse Web con\u00e7u et propos\u00e9 par Google, Google Analytics nous aide \u00e0 suivre et \u00e0 rendre compte du trafic sur le site Web. Les donn\u00e9es collect\u00e9es sont utilis\u00e9es par Google pour le suivi et la surveillance de l'utilisation de nos services. Ces informations sont ensuite partag\u00e9es avec divers autres services de Google. En outre, Google peut \u00e9galement utiliser ces informations pour contextualiser et m\u00eame personnaliser les publicit\u00e9s dans son r\u00e9seau.<\/p>\n<p>Toutefois, vous avez le droit de refuser de fournir vos donn\u00e9es et d'enregistrer votre activit\u00e9 sur le service mis \u00e0 la disposition de Google Analytics en installant simplement le module compl\u00e9mentaire de navigateur \"opt-out\" de Google-Analytics. Ce module compl\u00e9mentaire emp\u00eache Google Analytics Javascript (ga.js, dc.js et analytics.js) de partager les donn\u00e9es relatives aux activit\u00e9s de visite avec Google Analytics.<\/p>\n<p>Pour de plus amples informations sur les pratiques de Google en mati\u00e8re de confidentialit\u00e9, consultez la page Web des conditions de confidentialit\u00e9 de Google : https:\/\/www.google.com\/intl\/en\/policies\/privacy\/.<\/p>\n<p><span style=\"text-decoration: underline;\"><strong>Loi californienne sur la protection de la vie priv\u00e9e en ligne<\/strong><\/span><\/p>\n<p>La CalOPPA est la premi\u00e8re loi d'\u00c9tat du pays \u00e0 exiger que les sites Web commerciaux et les services en ligne affichent une politique de confidentialit\u00e9. La port\u00e9e de la loi s'\u00e9tend bien au-del\u00e0 de la Californie et exige que toute personne ou soci\u00e9t\u00e9 aux \u00c9tats-Unis (et probablement dans le monde entier) qui exploite des sites Web recueillant des informations personnellement identifiables aupr\u00e8s de consommateurs californiens publie sur son site Web une politique de confidentialit\u00e9 bien visible indiquant exactement les informations recueillies et les personnes ou soci\u00e9t\u00e9s avec lesquelles elles sont partag\u00e9es. - Pour en savoir plus : https:\/\/consumercal.org\/california-online-privacy-protection-act-caloppa\/#sthash.0FdRbT51.dpuf<\/p>\n<p><span style=\"text-decoration: underline;\"><strong>Selon la CalOPPA, nous acceptons ce qui suit :<\/strong><\/span><\/p>\n<p>Les utilisateurs peuvent visiter notre site de mani\u00e8re anonyme.<br \/>\nUne fois cette politique de confidentialit\u00e9 cr\u00e9\u00e9e, nous ajouterons un lien vers celle-ci sur notre page d'accueil ou, au minimum, sur la premi\u00e8re page importante apr\u00e8s avoir acc\u00e9d\u00e9 \u00e0 notre site web.<br \/>\nLe lien vers notre politique de confidentialit\u00e9 comprend le mot \"Confidentialit\u00e9\" et peut facilement \u00eatre trouv\u00e9 sur la page indiqu\u00e9e ci-dessus.<\/p>\n<p><strong>Vous serez inform\u00e9 de toute modification de la politique de confidentialit\u00e9 :<\/strong><\/p>\n<p>- Sur notre page de politique de confidentialit\u00e9<br \/>\nVous pouvez modifier vos informations personnelles :<br \/>\n- En nous envoyant un courriel<\/p>\n<p><span style=\"text-decoration: underline;\"><strong>Comment notre site traite-t-il les signaux \"Do Not Track\" ?<\/strong><\/span><\/p>\n<p>Nous respectons les signaux \"Do Not Track\" et ne suivons pas, ne plantons pas de cookies ou n'utilisons pas de publicit\u00e9 lorsqu'un m\u00e9canisme de navigation \"Do Not Track\" (DNT) est en place.<\/p>\n<p><span style=\"text-decoration: underline;\"><strong>Notre site autorise-t-il le suivi comportemental par des tiers ?<\/strong><\/span><\/p>\n<p>Il est \u00e9galement important de noter que nous n'autorisons pas le suivi comportemental par des tiers.<\/p>\n<p>COPPA (Children Online Privacy Protection Act)<\/p>\n<p>Lorsqu'il s'agit de la collecte d'informations personnelles aupr\u00e8s d'enfants de moins de 13 ans, la loi sur la protection de la vie priv\u00e9e des enfants en ligne (COPPA) donne le contr\u00f4le aux parents. La Federal Trade Commission, l'agence am\u00e9ricaine de protection des consommateurs, applique la r\u00e8gle COPPA, qui pr\u00e9cise ce que les op\u00e9rateurs de sites web et de services en ligne doivent faire pour prot\u00e9ger la vie priv\u00e9e et la s\u00e9curit\u00e9 des enfants en ligne.<\/p>\n<p>Nous ne commercialisons pas sp\u00e9cifiquement aupr\u00e8s des enfants de moins de 13 ans.<\/p>\n<p>Laissons-nous des tiers, y compris des r\u00e9seaux publicitaires ou des plug-ins, collecter les IIP d'enfants de moins de 13 ans ?<\/p>\n<p><span style=\"text-decoration: underline;\"><strong>Pratiques \u00e9quitables en mati\u00e8re d'information<\/strong><\/span><\/p>\n<p>Les Fair Information Practices Principles constituent l'\u00e9pine dorsale de la l\u00e9gislation sur la protection de la vie priv\u00e9e aux \u00c9tats-Unis et les concepts qu'ils incluent ont jou\u00e9 un r\u00f4le important dans le d\u00e9veloppement des lois sur la protection des donn\u00e9es dans le monde entier. Il est essentiel de comprendre les principes de pratiques loyales en mati\u00e8re d'information et la mani\u00e8re dont ils doivent \u00eatre mis en \u0153uvre pour se conformer aux diverses lois sur la vie priv\u00e9e qui prot\u00e8gent les informations personnelles.<\/p>\n<p>Afin d'\u00eatre en conformit\u00e9 avec les pratiques \u00e9quitables en mati\u00e8re d'information, nous prendrons les mesures suivantes en cas de violation des donn\u00e9es :<br \/>\nNous vous informerons par e-mail<br \/>\n- Dans les 7 jours ouvrables<\/p>\n<p>Nous sommes \u00e9galement d'accord avec le principe de recours individuel qui exige que les individus aient le droit de faire valoir des droits ex\u00e9cutoires contre les collecteurs et les processeurs de donn\u00e9es qui ne respectent pas la loi. Ce principe exige non seulement que les individus aient des droits ex\u00e9cutoires contre les utilisateurs de donn\u00e9es, mais aussi que les individus aient recours aux tribunaux ou aux agences gouvernementales pour enqu\u00eater et\/ou engager des poursuites en cas de non-respect de la loi par les processeurs de donn\u00e9es.<\/p>\n<p><span style=\"text-decoration: underline;\"><strong>Loi CAN SPAM<\/strong><\/span><\/p>\n<p>Le CAN-SPAM Act est une loi qui fixe les r\u00e8gles applicables au courrier \u00e9lectronique commercial, \u00e9tablit des exigences pour les messages commerciaux, donne aux destinataires le droit de faire cesser l'envoi de messages \u00e9lectroniques et pr\u00e9voit des sanctions s\u00e9v\u00e8res en cas de violation.<\/p>\n<p>Nous recueillons votre adresse \u00e9lectronique afin de :<br \/>\n- envoyer des informations, r\u00e9pondre \u00e0 des demandes de renseignements et\/ou \u00e0 d'autres demandes ou questions<\/p>\n<p>Pour \u00eatre en conformit\u00e9 avec CANSPAM, nous acceptons ce qui suit :<br \/>\n- Ne pas utiliser de sujets ou d'adresses \u00e9lectroniques faux ou trompeurs.<\/p>\n<p>Si, \u00e0 tout moment, vous souhaitez vous d\u00e9sabonner de la r\u00e9ception de futurs courriels, vous pouvez nous envoyer un courriel \u00e0 l'adresse suivante<br \/>\net nous vous retirerons rapidement de TOUTE correspondance.<\/p>\n<p>Conna\u00eetre vos droits en mati\u00e8re de protection des donn\u00e9es sur la base du r\u00e8glement g\u00e9n\u00e9ral sur la protection des donn\u00e9es (RGPD)<br \/>\nIl existe un certain nombre de droits de protection des donn\u00e9es con\u00e7us pour vous, si vous \u00eates r\u00e9sident de l'Espace \u00e9conomique europ\u00e9en (EEE). therespiratorysystem s'efforce de vous aider \u00e0 prendre des mesures raisonnables, vous permettant de modifier, corriger, supprimer et \u00e9galement limiter l'utilisation de toutes vos donn\u00e9es personnelles fournies.<\/p>\n<p>N'h\u00e9sitez pas \u00e0 nous contacter si vous souhaitez savoir quelles donn\u00e9es personnelles vous concernant sont introduites dans notre syst\u00e8me et si vous souhaitez que vos donn\u00e9es soient supprim\u00e9es de nos syst\u00e8mes.<\/p>\n<p><span style=\"text-decoration: underline;\"><strong>Vous disposez des droits de protection des donn\u00e9es mentionn\u00e9s ci-dessous dans certaines circonstances :<\/strong><\/span><\/p>\n<p>Votre droit d'utiliser, de mettre \u00e0 jour ou m\u00eame de supprimer vos informations de notre syst\u00e8me : Vous disposez d'un acc\u00e8s facile \u00e0 vos donn\u00e9es personnelles pour les mettre \u00e0 jour ou les supprimer \u00e0 partir de la section des param\u00e8tres de votre compte. Toutefois, si l'une de ces actions vous est interdite, laissez-nous vous aider dans cette proc\u00e9dure. Tout ce que vous avez \u00e0 faire est de nous contacter ICI.<\/p>\n<p>Votre droit de rectification : Conform\u00e9ment \u00e0 la r\u00e9glementation, vous avez le droit d'obtenir la rectification de vos donn\u00e9es personnelles si vous constatez qu'elles sont incompl\u00e8tes ou inexactes.<\/p>\n<p>Votre droit d'opposition : Conform\u00e9ment \u00e0 la r\u00e9glementation, vous disposez d'un droit d'opposition \u00e0 notre traitement ou \u00e0 l'utilisation de vos Donn\u00e9es Personnelles.<\/p>\n<p>Droit de restriction : Ce droit vous permet de nous demander de restreindre l'utilisation et le traitement de vos informations personnelles.<\/p>\n<p>Votre droit \u00e0 la portabilit\u00e9 des donn\u00e9es : En vertu de ce droit, vous avez le droit d'obtenir une copie des donn\u00e9es personnelles que nous d\u00e9tenons \u00e0 votre sujet dans un format lisible par machine, structur\u00e9 et normalement utilis\u00e9.<\/p>\n<p>Votre droit de retirer votre consentement : Sur la base de ce droit, vous pouvez retirer votre consentement quand vous le souhaitez dans les situations o\u00f9 therespiratorysystem d\u00e9pendait de votre consentement pour le traitement de vos donn\u00e9es personnelles.<\/p>\n<p><strong>Note<\/strong>: Nous pouvons demander la v\u00e9rification de votre identit\u00e9 avant de r\u00e9pondre \u00e0 ces demandes de retrait.<\/p>\n<p>Droit de se plaindre aupr\u00e8s de l'autorit\u00e9 de protection des donn\u00e9es : Vous avez le droit de vous plaindre de notre collecte et de notre utilisation de vos donn\u00e9es personnelles. Pour en savoir plus, contactez l'autorit\u00e9 locale de protection des donn\u00e9es dans l'Espace \u00e9conomique europ\u00e9en (EEE).<\/p>\n<p>Analytique<\/p>\n<p>Chez therespiratorysystem , nous faisons appel \u00e0 des prestataires de services tiers pour surveiller et analyser l'utilisation de nos services.<\/p>\n<p>Pour nous contacter - izikads2 (at) gmail.com<\/p>\n<p>Pour toute question concernant cette politique de confidentialit\u00e9, vous pouvez nous contacter .<\/p>\n<p>Derni\u00e8re modification le 2020-02-27<\/p>","protected":false},"excerpt":{"rendered":"<p>therespiratorysystem.com is an online blog owned and operated by Izik Brans. Home Address: Bat Yam City, Yoseftal 3th Israel Email: izikads {at} gmail {dot} com therespiratorysystem.com &#8211; Privacy Policy This privacy policy has been compiled to better serve those who are concerned with how their \u2018Personally Identifiable Information\u2019 (PII) is being used online. PII, as [&hellip;]<\/p>\n","protected":false},"author":1,"featured_media":0,"parent":0,"menu_order":0,"comment_status":"closed","ping_status":"closed","template":"","meta":{"footnotes":""},"class_list":["post-496","page","type-page","status-publish","hentry"],"yoast_head":"<!-- This site is optimized with the Yoast SEO plugin v27.4 - https:\/\/yoast.com\/product\/yoast-seo-wordpress\/ -->\n<title>Privacy Policy - The Respiratory System<\/title>\n<meta name=\"robots\" content=\"noindex, follow\" \/>\n<meta property=\"og:locale\" content=\"fr_FR\" \/>\n<meta property=\"og:type\" content=\"article\" \/>\n<meta property=\"og:title\" content=\"Privacy Policy - The Respiratory System\" \/>\n<meta property=\"og:description\" content=\"therespiratorysystem.com is an online blog owned and operated by Izik Brans. Home Address: Bat Yam City, Yoseftal 3th Israel Email: izikads {at} gmail {dot} com therespiratorysystem.com &#8211; Privacy Policy This privacy policy has been compiled to better serve those who are concerned with how their \u2018Personally Identifiable Information\u2019 (PII) is being used online. PII, as [&hellip;]\" \/>\n<meta property=\"og:url\" content=\"https:\/\/www.therespiratorysystem.com\/fr\/privacy-policy\/\" \/>\n<meta property=\"og:site_name\" content=\"The Respiratory System\" \/>\n<meta property=\"article:modified_time\" content=\"2020-02-27T16:11:16+00:00\" \/>\n<meta name=\"twitter:card\" content=\"summary_large_image\" \/>\n<meta name=\"twitter:label1\" content=\"Dur\u00e9e de lecture estim\u00e9e\" \/>\n\t<meta name=\"twitter:data1\" content=\"10 minutes\" \/>\n<script type=\"application\/ld+json\" class=\"yoast-schema-graph\">{\"@context\":\"https:\\\/\\\/schema.org\",\"@graph\":[{\"@type\":\"WebPage\",\"@id\":\"https:\\\/\\\/www.therespiratorysystem.com\\\/privacy-policy\\\/\",\"url\":\"https:\\\/\\\/www.therespiratorysystem.com\\\/privacy-policy\\\/\",\"name\":\"Privacy Policy - The Respiratory System\",\"isPartOf\":{\"@id\":\"https:\\\/\\\/www.therespiratorysystem.com\\\/#website\"},\"datePublished\":\"2020-02-27T16:01:15+00:00\",\"dateModified\":\"2020-02-27T16:11:16+00:00\",\"breadcrumb\":{\"@id\":\"https:\\\/\\\/www.therespiratorysystem.com\\\/privacy-policy\\\/#breadcrumb\"},\"inLanguage\":\"fr-FR\",\"potentialAction\":[{\"@type\":\"ReadAction\",\"target\":[\"https:\\\/\\\/www.therespiratorysystem.com\\\/privacy-policy\\\/\"]}]},{\"@type\":\"BreadcrumbList\",\"@id\":\"https:\\\/\\\/www.therespiratorysystem.com\\\/privacy-policy\\\/#breadcrumb\",\"itemListElement\":[{\"@type\":\"ListItem\",\"position\":1,\"name\":\"Home\",\"item\":\"https:\\\/\\\/www.therespiratorysystem.com\\\/\"},{\"@type\":\"ListItem\",\"position\":2,\"name\":\"Privacy Policy\"}]},{\"@type\":\"WebSite\",\"@id\":\"https:\\\/\\\/www.therespiratorysystem.com\\\/#website\",\"url\":\"https:\\\/\\\/www.therespiratorysystem.com\\\/\",\"name\":\"The Respiratory System\",\"description\":\"\",\"potentialAction\":[{\"@type\":\"SearchAction\",\"target\":{\"@type\":\"EntryPoint\",\"urlTemplate\":\"https:\\\/\\\/www.therespiratorysystem.com\\\/?s={search_term_string}\"},\"query-input\":{\"@type\":\"PropertyValueSpecification\",\"valueRequired\":true,\"valueName\":\"search_term_string\"}}],\"inLanguage\":\"fr-FR\"}]}<\/script>\n<!-- \/ Yoast SEO plugin. -->","yoast_head_json":{"title":"Politique de confidentialit\u00e9 - Le syst\u00e8me respiratoire","robots":{"index":"noindex","follow":"follow"},"og_locale":"fr_FR","og_type":"article","og_title":"Privacy Policy - The Respiratory System","og_description":"therespiratorysystem.com is an online blog owned and operated by Izik Brans. Home Address: Bat Yam City, Yoseftal 3th Israel Email: izikads {at} gmail {dot} com therespiratorysystem.com &#8211; Privacy Policy This privacy policy has been compiled to better serve those who are concerned with how their \u2018Personally Identifiable Information\u2019 (PII) is being used online. PII, as [&hellip;]","og_url":"https:\/\/www.therespiratorysystem.com\/fr\/privacy-policy\/","og_site_name":"The Respiratory System","article_modified_time":"2020-02-27T16:11:16+00:00","twitter_card":"summary_large_image","twitter_misc":{"Dur\u00e9e de lecture estim\u00e9e":"10 minutes"},"schema":{"@context":"https:\/\/schema.org","@graph":[{"@type":"WebPage","@id":"https:\/\/www.therespiratorysystem.com\/privacy-policy\/","url":"https:\/\/www.therespiratorysystem.com\/privacy-policy\/","name":"Politique de confidentialit\u00e9 - Le syst\u00e8me respiratoire","isPartOf":{"@id":"https:\/\/www.therespiratorysystem.com\/#website"},"datePublished":"2020-02-27T16:01:15+00:00","dateModified":"2020-02-27T16:11:16+00:00","breadcrumb":{"@id":"https:\/\/www.therespiratorysystem.com\/privacy-policy\/#breadcrumb"},"inLanguage":"fr-FR","potentialAction":[{"@type":"ReadAction","target":["https:\/\/www.therespiratorysystem.com\/privacy-policy\/"]}]},{"@type":"BreadcrumbList","@id":"https:\/\/www.therespiratorysystem.com\/privacy-policy\/#breadcrumb","itemListElement":[{"@type":"ListItem","position":1,"name":"Home","item":"https:\/\/www.therespiratorysystem.com\/"},{"@type":"ListItem","position":2,"name":"Privacy Policy"}]},{"@type":"WebSite","@id":"https:\/\/www.therespiratorysystem.com\/#website","url":"https:\/\/www.therespiratorysystem.com\/","name":"Le syst\u00e8me respiratoire","description":"","potentialAction":[{"@type":"SearchAction","target":{"@type":"EntryPoint","urlTemplate":"https:\/\/www.therespiratorysystem.com\/?s={search_term_string}"},"query-input":{"@type":"PropertyValueSpecification","valueRequired":true,"valueName":"search_term_string"}}],"inLanguage":"fr-FR"}]}},"_links":{"self":[{"href":"https:\/\/www.therespiratorysystem.com\/fr\/wp-json\/wp\/v2\/pages\/496","targetHints":{"allow":["GET"]}}],"collection":[{"href":"https:\/\/www.therespiratorysystem.com\/fr\/wp-json\/wp\/v2\/pages"}],"about":[{"href":"https:\/\/www.therespiratorysystem.com\/fr\/wp-json\/wp\/v2\/types\/page"}],"author":[{"embeddable":true,"href":"https:\/\/www.therespiratorysystem.com\/fr\/wp-json\/wp\/v2\/users\/1"}],"replies":[{"embeddable":true,"href":"https:\/\/www.therespiratorysystem.com\/fr\/wp-json\/wp\/v2\/comments?post=496"}],"version-history":[{"count":8,"href":"https:\/\/www.therespiratorysystem.com\/fr\/wp-json\/wp\/v2\/pages\/496\/revisions"}],"predecessor-version":[{"id":507,"href":"https:\/\/www.therespiratorysystem.com\/fr\/wp-json\/wp\/v2\/pages\/496\/revisions\/507"}],"wp:attachment":[{"href":"https:\/\/www.therespiratorysystem.com\/fr\/wp-json\/wp\/v2\/media?parent=496"}],"curies":[{"name":"wp","href":"https:\/\/api.w.org\/{rel}","templated":true}]}}