{"id":659,"date":"2022-09-17T07:34:09","date_gmt":"2022-09-17T07:34:09","guid":{"rendered":"https:\/\/www.therespiratorysystem.com\/?page_id=659"},"modified":"2022-09-17T07:35:05","modified_gmt":"2022-09-17T07:35:05","slug":"dmca","status":"publish","type":"page","link":"https:\/\/www.therespiratorysystem.com\/fr\/dmca\/","title":{"rendered":"DMCA"},"content":{"rendered":"<p>Ce site est uniquement destin\u00e9 \u00e0 des fins \u00e9ducatives !<\/p>\n<p>**FAIR USE**<\/p>\n<h2>D\u00e9claration de la loi sur l'utilisation \u00e9quitable<\/h2>\n<p>Clause de non-responsabilit\u00e9 en mati\u00e8re de droits d'auteur En vertu de l'article 107 de la loi sur les droits d'auteur de 1976, une autorisation est accord\u00e9e pour une \"utilisation \u00e9quitable\" \u00e0 des fins de critique, de commentaire, de reportage, d'enseignement, d'\u00e9rudition, d'\u00e9ducation et de recherche.<\/p>\n<p>L'utilisation \u00e9quitable est une utilisation autoris\u00e9e par la loi sur le droit d'auteur qui, autrement, pourrait constituer une infraction.<\/p>\n<p>Sans but lucratif, <strong>\u00e9ducation<\/strong> ou l'usage personnel fait pencher la balance en faveur de l'usage loyal.<\/p>\n<p>(Source : http:\/\/en.wikipedia.org\/wiki\/Fair_use)<\/p>\n<p>L'usage loyal est une doctrine de la loi am\u00e9ricaine sur le droit d'auteur qui permet une utilisation limit\u00e9e de mat\u00e9riel prot\u00e9g\u00e9 par le droit d'auteur sans exiger l'autorisation des d\u00e9tenteurs des droits, par exemple \u00e0 des fins de commentaire, de critique, de reportage, de recherche, d'enseignement ou d'\u00e9rudition. Elle pr\u00e9voit la citation ou l'incorporation l\u00e9gale, sans licence, de mat\u00e9riel prot\u00e9g\u00e9 par le droit d'auteur dans l'\u0153uvre d'un autre auteur, selon un test d'\u00e9quilibre \u00e0 quatre facteurs. Le terme \"usage loyal\" est n\u00e9 aux \u00c9tats-Unis. Un principe similaire, l'utilisation \u00e9quitable, existe dans certaines autres juridictions de common law. Les juridictions de droit civil ont d'autres limitations et exceptions au droit d'auteur.<\/p>\n<h2><strong>Avis relatif au Digital Millennium Copyright Act (DMCA).<\/strong><\/h2>\n<p>Nous respectons les droits d'auteur. Si vous trouvez que quelque chose est incorrect, veuillez envoyer un e-mail avec tous les d\u00e9tails \u00e0 l'attention de \"Copyright Infringement\" via <strong>semproz at aol com<\/strong><\/p>\n<p>D\u00e9poser un avis DMCA pour retirer un contenu prot\u00e9g\u00e9 par le droit d'auteur :<br \/>\nSi vous pensez de bonne foi que votre travail a \u00e9t\u00e9 copi\u00e9 d'une mani\u00e8re qui constitue une violation des droits d'auteur, veuillez nous fournir une notification \u00e9crite contenant les informations suivantes :<\/p>\n<p>&nbsp;<\/p>\n<ul>\n<li>Une description de l'\u0153uvre prot\u00e9g\u00e9e par des droits d'auteur qui, selon vous, a \u00e9t\u00e9 viol\u00e9e ;<\/li>\n<li>Une description de l'endroit o\u00f9 se trouve sur le site Web le mat\u00e9riel que vous pr\u00e9tendez \u00eatre en infraction, suffisante pour permettre \u00e0 Africa Facts Zone de localiser ce mat\u00e9riel (par exemple, l'URL) ;<\/li>\n<li>Une d\u00e9claration indiquant que vous pensez de bonne foi que l'utilisation de l'\u0153uvre prot\u00e9g\u00e9e par des droits d'auteur n'est pas autoris\u00e9e par Africa Facts Zone, son agent ou la loi et ne constitue pas une utilisation \u00e9quitable ;<\/li>\n<li>Une d\u00e9claration de votre part, sous peine de parjure, indiquant que les informations contenues dans votre notification sont exactes et que vous \u00eates le titulaire du droit d'auteur ou autoris\u00e9 \u00e0 agir au nom du titulaire du droit d'auteur ; et<\/li>\n<li>Votre signature \u00e9lectronique ou physique.<\/li>\n<\/ul>\n<h2>D\u00e9p\u00f4t d'un contre-avis DMCA pour restaurer le contenu supprim\u00e9 du site web<\/h2>\n<p><strong>Si vous pensez que votre mat\u00e9riel a \u00e9t\u00e9 retir\u00e9 par erreur ou mal identifi\u00e9, veuillez fournir \u00e0 Africa Facts Zone une contre-notification \u00e9crite contenant les informations suivantes :<\/strong><\/p>\n<ul>\n<li>Votre nom, votre adresse, votre num\u00e9ro de t\u00e9l\u00e9phone et votre adresse \u00e9lectronique (le cas \u00e9ch\u00e9ant) ;<\/li>\n<li>Une description du mat\u00e9riel qui a \u00e9t\u00e9 retir\u00e9 et l'emplacement sur le site Web (par exemple, l'URL) o\u00f9 il apparaissait pr\u00e9c\u00e9demment ;<\/li>\n<li>Une d\u00e9claration sous peine de parjure indiquant que vous pensez de bonne foi que le mat\u00e9riel a \u00e9t\u00e9 retir\u00e9 ou d\u00e9sactiv\u00e9 \u00e0 la suite d'une erreur ou d'une mauvaise identification ;<\/li>\n<li>Une d\u00e9claration selon laquelle vous acceptez la juridiction du tribunal f\u00e9d\u00e9ral de district pour le district judiciaire dans lequel se trouve votre adresse, ou si votre adresse est en dehors des \u00c9tats-Unis, tout district judiciaire dans lequel se trouve Africa Facts Zone (ce qui inclut le tribunal de district des \u00c9tats-Unis pour le district sud de New York), et que vous accepterez la signification de la proc\u00e9dure par la personne qui a d\u00e9pos\u00e9 la notification DMCA originale ou un agent de cette personne ;<\/li>\n<li>Votre signature \u00e9lectronique ou physique.<\/li>\n<\/ul>","protected":false},"excerpt":{"rendered":"<p>This site is for educational purposes only!! **FAIR USE** Fair Use Act Disclamer Copyright Disclaimer under section 107 of the Copyright Act 1976, allowance is made for \u201cfair use\u201d for purposes such as criticism, comment, news reporting, teaching, scholarship, education and research. Fair use is a use permitted by copyright statute that might otherwise be [&hellip;]<\/p>\n","protected":false},"author":1,"featured_media":0,"parent":0,"menu_order":0,"comment_status":"closed","ping_status":"closed","template":"","meta":{"footnotes":""},"class_list":["post-659","page","type-page","status-publish","hentry"],"yoast_head":"<!-- This site is optimized with the Yoast SEO plugin v27.3 - https:\/\/yoast.com\/product\/yoast-seo-wordpress\/ -->\n<title>DMCA - The Respiratory System<\/title>\n<meta name=\"robots\" content=\"noindex, follow\" \/>\n<meta property=\"og:locale\" content=\"fr_FR\" \/>\n<meta property=\"og:type\" content=\"article\" \/>\n<meta property=\"og:title\" content=\"DMCA - The Respiratory System\" \/>\n<meta property=\"og:description\" content=\"This site is for educational purposes only!! **FAIR USE** Fair Use Act Disclamer Copyright Disclaimer under section 107 of the Copyright Act 1976, allowance is made for \u201cfair use\u201d for purposes such as criticism, comment, news reporting, teaching, scholarship, education and research. Fair use is a use permitted by copyright statute that might otherwise be [&hellip;]\" \/>\n<meta property=\"og:url\" content=\"https:\/\/www.therespiratorysystem.com\/fr\/dmca\/\" \/>\n<meta property=\"og:site_name\" content=\"The Respiratory System\" \/>\n<meta property=\"article:modified_time\" content=\"2022-09-17T07:35:05+00:00\" \/>\n<meta name=\"twitter:card\" content=\"summary_large_image\" \/>\n<meta name=\"twitter:label1\" content=\"Dur\u00e9e de lecture estim\u00e9e\" \/>\n\t<meta name=\"twitter:data1\" content=\"3 minutes\" \/>\n<script type=\"application\/ld+json\" class=\"yoast-schema-graph\">{\"@context\":\"https:\\\/\\\/schema.org\",\"@graph\":[{\"@type\":\"WebPage\",\"@id\":\"https:\\\/\\\/www.therespiratorysystem.com\\\/dmca\\\/\",\"url\":\"https:\\\/\\\/www.therespiratorysystem.com\\\/dmca\\\/\",\"name\":\"DMCA - The Respiratory System\",\"isPartOf\":{\"@id\":\"https:\\\/\\\/www.therespiratorysystem.com\\\/#website\"},\"datePublished\":\"2022-09-17T07:34:09+00:00\",\"dateModified\":\"2022-09-17T07:35:05+00:00\",\"breadcrumb\":{\"@id\":\"https:\\\/\\\/www.therespiratorysystem.com\\\/dmca\\\/#breadcrumb\"},\"inLanguage\":\"fr-FR\",\"potentialAction\":[{\"@type\":\"ReadAction\",\"target\":[\"https:\\\/\\\/www.therespiratorysystem.com\\\/dmca\\\/\"]}]},{\"@type\":\"BreadcrumbList\",\"@id\":\"https:\\\/\\\/www.therespiratorysystem.com\\\/dmca\\\/#breadcrumb\",\"itemListElement\":[{\"@type\":\"ListItem\",\"position\":1,\"name\":\"Home\",\"item\":\"https:\\\/\\\/www.therespiratorysystem.com\\\/\"},{\"@type\":\"ListItem\",\"position\":2,\"name\":\"DMCA\"}]},{\"@type\":\"WebSite\",\"@id\":\"https:\\\/\\\/www.therespiratorysystem.com\\\/#website\",\"url\":\"https:\\\/\\\/www.therespiratorysystem.com\\\/\",\"name\":\"The Respiratory System\",\"description\":\"\",\"potentialAction\":[{\"@type\":\"SearchAction\",\"target\":{\"@type\":\"EntryPoint\",\"urlTemplate\":\"https:\\\/\\\/www.therespiratorysystem.com\\\/?s={search_term_string}\"},\"query-input\":{\"@type\":\"PropertyValueSpecification\",\"valueRequired\":true,\"valueName\":\"search_term_string\"}}],\"inLanguage\":\"fr-FR\"}]}<\/script>\n<!-- \/ Yoast SEO plugin. -->","yoast_head_json":{"title":"DMCA - Le syst\u00e8me respiratoire","robots":{"index":"noindex","follow":"follow"},"og_locale":"fr_FR","og_type":"article","og_title":"DMCA - The Respiratory System","og_description":"This site is for educational purposes only!! **FAIR USE** Fair Use Act Disclamer Copyright Disclaimer under section 107 of the Copyright Act 1976, allowance is made for \u201cfair use\u201d for purposes such as criticism, comment, news reporting, teaching, scholarship, education and research. Fair use is a use permitted by copyright statute that might otherwise be [&hellip;]","og_url":"https:\/\/www.therespiratorysystem.com\/fr\/dmca\/","og_site_name":"The Respiratory System","article_modified_time":"2022-09-17T07:35:05+00:00","twitter_card":"summary_large_image","twitter_misc":{"Dur\u00e9e de lecture estim\u00e9e":"3 minutes"},"schema":{"@context":"https:\/\/schema.org","@graph":[{"@type":"WebPage","@id":"https:\/\/www.therespiratorysystem.com\/dmca\/","url":"https:\/\/www.therespiratorysystem.com\/dmca\/","name":"DMCA - Le syst\u00e8me respiratoire","isPartOf":{"@id":"https:\/\/www.therespiratorysystem.com\/#website"},"datePublished":"2022-09-17T07:34:09+00:00","dateModified":"2022-09-17T07:35:05+00:00","breadcrumb":{"@id":"https:\/\/www.therespiratorysystem.com\/dmca\/#breadcrumb"},"inLanguage":"fr-FR","potentialAction":[{"@type":"ReadAction","target":["https:\/\/www.therespiratorysystem.com\/dmca\/"]}]},{"@type":"BreadcrumbList","@id":"https:\/\/www.therespiratorysystem.com\/dmca\/#breadcrumb","itemListElement":[{"@type":"ListItem","position":1,"name":"Home","item":"https:\/\/www.therespiratorysystem.com\/"},{"@type":"ListItem","position":2,"name":"DMCA"}]},{"@type":"WebSite","@id":"https:\/\/www.therespiratorysystem.com\/#website","url":"https:\/\/www.therespiratorysystem.com\/","name":"Le syst\u00e8me respiratoire","description":"","potentialAction":[{"@type":"SearchAction","target":{"@type":"EntryPoint","urlTemplate":"https:\/\/www.therespiratorysystem.com\/?s={search_term_string}"},"query-input":{"@type":"PropertyValueSpecification","valueRequired":true,"valueName":"search_term_string"}}],"inLanguage":"fr-FR"}]}},"_links":{"self":[{"href":"https:\/\/www.therespiratorysystem.com\/fr\/wp-json\/wp\/v2\/pages\/659","targetHints":{"allow":["GET"]}}],"collection":[{"href":"https:\/\/www.therespiratorysystem.com\/fr\/wp-json\/wp\/v2\/pages"}],"about":[{"href":"https:\/\/www.therespiratorysystem.com\/fr\/wp-json\/wp\/v2\/types\/page"}],"author":[{"embeddable":true,"href":"https:\/\/www.therespiratorysystem.com\/fr\/wp-json\/wp\/v2\/users\/1"}],"replies":[{"embeddable":true,"href":"https:\/\/www.therespiratorysystem.com\/fr\/wp-json\/wp\/v2\/comments?post=659"}],"version-history":[{"count":2,"href":"https:\/\/www.therespiratorysystem.com\/fr\/wp-json\/wp\/v2\/pages\/659\/revisions"}],"predecessor-version":[{"id":662,"href":"https:\/\/www.therespiratorysystem.com\/fr\/wp-json\/wp\/v2\/pages\/659\/revisions\/662"}],"wp:attachment":[{"href":"https:\/\/www.therespiratorysystem.com\/fr\/wp-json\/wp\/v2\/media?parent=659"}],"curies":[{"name":"wp","href":"https:\/\/api.w.org\/{rel}","templated":true}]}}