{"id":402,"date":"2018-01-16T12:39:03","date_gmt":"2018-01-16T12:39:03","guid":{"rendered":"https:\/\/www.therespiratorysystem.com\/?page_id=402"},"modified":"2022-09-16T16:57:49","modified_gmt":"2022-09-16T16:57:49","slug":"nostrils","status":"publish","type":"page","link":"https:\/\/www.therespiratorysystem.com\/pt\/glossary\/nostrils\/","title":{"rendered":"Nostrils"},"content":{"rendered":"<h2>What are Nostrils (External Nares)<\/h2>\n<p>Nostril is the common name for the two anterior nares <sup>[1]<\/sup> (singular: naris) \u2013 the external openings in human nose that leads to the nasal cavity <sup>[2]<\/sup>. They are the connection between air in the environment and the airways, through the posterior or internal nares, the inner opening of the nasal cavity into the pharynx <sup>[9]<\/sup>.<\/p>\n Nostrils\n<h2>Anatomy of the Nostrils<\/h2>\n<p>The septal cartilage or septum forms the wall between the two external nares <sup>[3]<\/sup>, with the separation visible from the outside. The greater alar cartilage forms the lateral and medial boundaries of the nostrils, also being responsible, along with the lesser alar cartilage, for their overall shape <sup>[3, 4]<\/sup>.<\/p>\n<div id=\"attachment_408\" style=\"width: 556px\" class=\"wp-caption aligncenter\"><a href=\"https:\/\/www.therespiratorysystem.com\/wp-content\/uploads\/2018\/01\/Nostrils-Anatomy.jpg\"><img loading=\"lazy\" decoding=\"async\" aria-describedby=\"caption-attachment-408\" class=\" wp-image-408\" src=\"https:\/\/www.therespiratorysystem.com\/wp-content\/uploads\/2018\/01\/Nostrils-Anatomy.jpg\" alt=\"\" width=\"546\" height=\"384\" \/><\/a><p id=\"caption-attachment-408\" class=\"wp-caption-text\">Nostrils Anatomy<\/p><\/div>\n<p>Usually, the two nostrils are of the same shape and size. However, in some individuals the septum may be a little uneven, causing the nostrils to be of different sizes. Such unevenness, in a severe form, is known as deviated septum <sup>[5]<\/sup>.<\/p>\n<h2>Nostril Functions: What do They Do<\/h2>\n<p>The primary purpose of the external nares is to let air enter the nasal cavities so it can be purified and sent to the next parts of the respiratory tract. It also allows different scents to enter the nose and reach the olfactory region of the nose <sup>[6]<\/sup>.<\/p>\n<h2>Why Do We Have Two Nostrils<\/h2>\n<p>The way humans have two eyes to help perceive the depth of images, and two ears to determine the location and distance of the origin of sounds, the two nasal cavities also have a crucial purpose to serve \u2013 helping the nose to remain clean.<\/p>\n<p>Due to the purification of the inhaled air within the nasal cavities, all the impurities remain stuck in the nasal mucus, making it more swollen on one side. So, it has less space for air passage. As it gets rid of the dust and impurities, the second nasal cavity then takes over the task of purifying the air and carrying it down the airways. By the time the former is all cleared up, the mucus layer of the other nasal cavity swells up and needs time to clean up. So the first side again starts to actively cleanse the air, and the nasal cycle continues. This is more evident when you have a cold, and your left and right nose takes turns to remain clogged, especially when you lie down <sup>[7]<\/sup>.<\/p>\n<p>Having two nostrils is believed to enhance the sense of smell in the same manner, as one of the cavities always works better than the other in picking up smell <sup>[8]<\/sup>.<\/p>\n<div class=\"accordion\">\n\t<h3 class=\"panel-title\">References <\/h3>\n<div class=\"panel-content\"><ol><\/p>\n<ol>\n<li>https:\/\/www.getbodysmart.com\/nasal-cavity\/nose-anatomy-physiology<\/li>\n<li><a href=\"https:\/\/www.medicinenet.com\/script\/main\/art.asp?articlekey=25481\">https:\/\/www.medicinenet.com\/script\/main\/art.asp?articlekey=25481<\/a><\/li>\n<li><a href=\"https:\/\/www.healthline.com\/human-body-maps\/nasal-cartilages\">https:\/\/www.healthline.com\/human-body-maps\/nasal-cartilages<\/a><\/li>\n<li>https:\/\/www.getbodysmart.com\/nasal-cavity\/nasal-cartilages<\/li>\n<li><a href=\"https:\/\/www.healthline.com\/health\/deviated-septum\">https:\/\/www.healthline.com\/health\/deviated-septum<\/a><\/li>\n<li><a href=\"http:\/\/kidshealth.org\/en\/kids\/nose.html\">http:\/\/kidshealth.org\/en\/kids\/nose.html<\/a><\/li>\n<li><a href=\"http:\/\/www.odotech.com\/en\/2-nostrils-special-guest-author-edition\/\">http:\/\/www.odotech.com\/en\/2-nostrils-special-guest-author-edition\/<\/a><\/li>\n<li><a href=\"https:\/\/www.cbsnews.com\/news\/watch-why-do-humans-have-two-nostrils\/\">https:\/\/www.cbsnews.com\/news\/watch-why-do-humans-have-two-nostrils\/<\/a><\/li>\n<li>https:\/\/inside.ucumberlands.edu\/academics\/biology\/faculty\/kuss\/courses\/Respiratory%20system\/HumanNasalPassages.htm<\/li>\n<\/ol>\n<p><\/ol>\n<\/div>\n<\/div>\n","protected":false},"excerpt":{"rendered":"<p>What are Nostrils (External Nares) Nostril is the common name for the two anterior nares [1] (singular: naris) \u2013 the external openings in human nose that leads to the nasal cavity [2]. They are the connection between air in the environment and the airways, through the posterior or internal nares, the inner opening of the [&hellip;]<\/p>\n","protected":false},"author":1,"featured_media":408,"parent":367,"menu_order":0,"comment_status":"closed","ping_status":"closed","template":"","meta":{"footnotes":""},"class_list":["post-402","page","type-page","status-publish","has-post-thumbnail","hentry"],"yoast_head":"<!-- This site is optimized with the Yoast SEO plugin v27.4 - https:\/\/yoast.com\/product\/yoast-seo-wordpress\/ -->\n<title>Nostrils: Definition, Functions, Anatomy, Pictures<\/title>\n<meta name=\"description\" content=\"What are nostrils or external nares (naris) definition, functions what do they do, anatomy, diagram, why do we have two nostrils\" \/>\n<meta name=\"robots\" content=\"index, follow, max-snippet:-1, max-image-preview:large, max-video-preview:-1\" \/>\n<link rel=\"canonical\" href=\"https:\/\/www.therespiratorysystem.com\/pt\/glossary\/nostrils\/\" \/>\n<meta property=\"og:locale\" content=\"pt_BR\" \/>\n<meta property=\"og:type\" content=\"article\" \/>\n<meta property=\"og:title\" content=\"Nostrils: Definition, Functions, Anatomy, Pictures\" \/>\n<meta property=\"og:description\" content=\"What are nostrils or external nares (naris) definition, functions what do they do, anatomy, diagram, why do we have two nostrils\" \/>\n<meta property=\"og:url\" content=\"https:\/\/www.therespiratorysystem.com\/pt\/glossary\/nostrils\/\" \/>\n<meta property=\"og:site_name\" content=\"The Respiratory System\" \/>\n<meta property=\"article:modified_time\" content=\"2022-09-16T16:57:49+00:00\" \/>\n<meta property=\"og:image\" content=\"https:\/\/www.therespiratorysystem.com\/wp-content\/uploads\/2018\/01\/Nostrils-Anatomy.jpg\" \/>\n\t<meta property=\"og:image:width\" content=\"800\" \/>\n\t<meta property=\"og:image:height\" content=\"530\" \/>\n\t<meta property=\"og:image:type\" content=\"image\/jpeg\" \/>\n<meta name=\"twitter:card\" content=\"summary_large_image\" \/>\n<meta name=\"twitter:label1\" content=\"Est. tempo de leitura\" \/>\n\t<meta name=\"twitter:data1\" content=\"2 minutos\" \/>\n<script type=\"application\/ld+json\" class=\"yoast-schema-graph\">{\"@context\":\"https:\\\/\\\/schema.org\",\"@graph\":[{\"@type\":\"WebPage\",\"@id\":\"https:\\\/\\\/www.therespiratorysystem.com\\\/glossary\\\/nostrils\\\/\",\"url\":\"https:\\\/\\\/www.therespiratorysystem.com\\\/glossary\\\/nostrils\\\/\",\"name\":\"Nostrils: Definition, Functions, Anatomy, Pictures\",\"isPartOf\":{\"@id\":\"https:\\\/\\\/www.therespiratorysystem.com\\\/#website\"},\"primaryImageOfPage\":{\"@id\":\"https:\\\/\\\/www.therespiratorysystem.com\\\/glossary\\\/nostrils\\\/#primaryimage\"},\"image\":{\"@id\":\"https:\\\/\\\/www.therespiratorysystem.com\\\/glossary\\\/nostrils\\\/#primaryimage\"},\"thumbnailUrl\":\"https:\\\/\\\/www.therespiratorysystem.com\\\/wp-content\\\/uploads\\\/2018\\\/01\\\/Nostrils-Anatomy.jpg\",\"datePublished\":\"2018-01-16T12:39:03+00:00\",\"dateModified\":\"2022-09-16T16:57:49+00:00\",\"description\":\"What are nostrils or external nares (naris) definition, functions what do they do, anatomy, diagram, why do we have two nostrils\",\"breadcrumb\":{\"@id\":\"https:\\\/\\\/www.therespiratorysystem.com\\\/glossary\\\/nostrils\\\/#breadcrumb\"},\"inLanguage\":\"pt-BR\",\"potentialAction\":[{\"@type\":\"ReadAction\",\"target\":[\"https:\\\/\\\/www.therespiratorysystem.com\\\/glossary\\\/nostrils\\\/\"]}]},{\"@type\":\"ImageObject\",\"inLanguage\":\"pt-BR\",\"@id\":\"https:\\\/\\\/www.therespiratorysystem.com\\\/glossary\\\/nostrils\\\/#primaryimage\",\"url\":\"https:\\\/\\\/www.therespiratorysystem.com\\\/wp-content\\\/uploads\\\/2018\\\/01\\\/Nostrils-Anatomy.jpg\",\"contentUrl\":\"https:\\\/\\\/www.therespiratorysystem.com\\\/wp-content\\\/uploads\\\/2018\\\/01\\\/Nostrils-Anatomy.jpg\",\"width\":800,\"height\":530,\"caption\":\"Nostrils Anatomy\"},{\"@type\":\"BreadcrumbList\",\"@id\":\"https:\\\/\\\/www.therespiratorysystem.com\\\/glossary\\\/nostrils\\\/#breadcrumb\",\"itemListElement\":[{\"@type\":\"ListItem\",\"position\":1,\"name\":\"Home\",\"item\":\"https:\\\/\\\/www.therespiratorysystem.com\\\/\"},{\"@type\":\"ListItem\",\"position\":2,\"name\":\"Glossary\",\"item\":\"https:\\\/\\\/www.therespiratorysystem.com\\\/glossary\\\/\"},{\"@type\":\"ListItem\",\"position\":3,\"name\":\"Nostrils\"}]},{\"@type\":\"WebSite\",\"@id\":\"https:\\\/\\\/www.therespiratorysystem.com\\\/#website\",\"url\":\"https:\\\/\\\/www.therespiratorysystem.com\\\/\",\"name\":\"The Respiratory System\",\"description\":\"\",\"potentialAction\":[{\"@type\":\"SearchAction\",\"target\":{\"@type\":\"EntryPoint\",\"urlTemplate\":\"https:\\\/\\\/www.therespiratorysystem.com\\\/?s={search_term_string}\"},\"query-input\":{\"@type\":\"PropertyValueSpecification\",\"valueRequired\":true,\"valueName\":\"search_term_string\"}}],\"inLanguage\":\"pt-BR\"}]}<\/script>\n<!-- \/ Yoast SEO plugin. -->","yoast_head_json":{"title":"Nostrils: Defini\u00e7\u00e3o, Fun\u00e7\u00f5es, Anatomia, Fotos","description":"O que s\u00e3o narinas ou defini\u00e7\u00e3o de nariz (naris), fun\u00e7\u00f5es, o que fazem, anatomia, diagrama, por que temos duas narinas","robots":{"index":"index","follow":"follow","max-snippet":"max-snippet:-1","max-image-preview":"max-image-preview:large","max-video-preview":"max-video-preview:-1"},"canonical":"https:\/\/www.therespiratorysystem.com\/pt\/glossary\/nostrils\/","og_locale":"pt_BR","og_type":"article","og_title":"Nostrils: Definition, Functions, Anatomy, Pictures","og_description":"What are nostrils or external nares (naris) definition, functions what do they do, anatomy, diagram, why do we have two nostrils","og_url":"https:\/\/www.therespiratorysystem.com\/pt\/glossary\/nostrils\/","og_site_name":"The Respiratory System","article_modified_time":"2022-09-16T16:57:49+00:00","og_image":[{"width":800,"height":530,"url":"https:\/\/www.therespiratorysystem.com\/wp-content\/uploads\/2018\/01\/Nostrils-Anatomy.jpg","type":"image\/jpeg"}],"twitter_card":"summary_large_image","twitter_misc":{"Est. tempo de leitura":"2 minutos"},"schema":{"@context":"https:\/\/schema.org","@graph":[{"@type":"WebPage","@id":"https:\/\/www.therespiratorysystem.com\/glossary\/nostrils\/","url":"https:\/\/www.therespiratorysystem.com\/glossary\/nostrils\/","name":"Nostrils: Defini\u00e7\u00e3o, Fun\u00e7\u00f5es, Anatomia, Fotos","isPartOf":{"@id":"https:\/\/www.therespiratorysystem.com\/#website"},"primaryImageOfPage":{"@id":"https:\/\/www.therespiratorysystem.com\/glossary\/nostrils\/#primaryimage"},"image":{"@id":"https:\/\/www.therespiratorysystem.com\/glossary\/nostrils\/#primaryimage"},"thumbnailUrl":"https:\/\/www.therespiratorysystem.com\/wp-content\/uploads\/2018\/01\/Nostrils-Anatomy.jpg","datePublished":"2018-01-16T12:39:03+00:00","dateModified":"2022-09-16T16:57:49+00:00","description":"O que s\u00e3o narinas ou defini\u00e7\u00e3o de nariz (naris), fun\u00e7\u00f5es, o que fazem, anatomia, diagrama, por que temos duas narinas","breadcrumb":{"@id":"https:\/\/www.therespiratorysystem.com\/glossary\/nostrils\/#breadcrumb"},"inLanguage":"pt-BR","potentialAction":[{"@type":"ReadAction","target":["https:\/\/www.therespiratorysystem.com\/glossary\/nostrils\/"]}]},{"@type":"ImageObject","inLanguage":"pt-BR","@id":"https:\/\/www.therespiratorysystem.com\/glossary\/nostrils\/#primaryimage","url":"https:\/\/www.therespiratorysystem.com\/wp-content\/uploads\/2018\/01\/Nostrils-Anatomy.jpg","contentUrl":"https:\/\/www.therespiratorysystem.com\/wp-content\/uploads\/2018\/01\/Nostrils-Anatomy.jpg","width":800,"height":530,"caption":"Nostrils Anatomy"},{"@type":"BreadcrumbList","@id":"https:\/\/www.therespiratorysystem.com\/glossary\/nostrils\/#breadcrumb","itemListElement":[{"@type":"ListItem","position":1,"name":"Home","item":"https:\/\/www.therespiratorysystem.com\/"},{"@type":"ListItem","position":2,"name":"Glossary","item":"https:\/\/www.therespiratorysystem.com\/glossary\/"},{"@type":"ListItem","position":3,"name":"Nostrils"}]},{"@type":"WebSite","@id":"https:\/\/www.therespiratorysystem.com\/#website","url":"https:\/\/www.therespiratorysystem.com\/","name":"O Sistema Respirat\u00f3rio","description":"","potentialAction":[{"@type":"SearchAction","target":{"@type":"EntryPoint","urlTemplate":"https:\/\/www.therespiratorysystem.com\/?s={search_term_string}"},"query-input":{"@type":"PropertyValueSpecification","valueRequired":true,"valueName":"search_term_string"}}],"inLanguage":"pt-BR"}]}},"_links":{"self":[{"href":"https:\/\/www.therespiratorysystem.com\/pt\/wp-json\/wp\/v2\/pages\/402","targetHints":{"allow":["GET"]}}],"collection":[{"href":"https:\/\/www.therespiratorysystem.com\/pt\/wp-json\/wp\/v2\/pages"}],"about":[{"href":"https:\/\/www.therespiratorysystem.com\/pt\/wp-json\/wp\/v2\/types\/page"}],"author":[{"embeddable":true,"href":"https:\/\/www.therespiratorysystem.com\/pt\/wp-json\/wp\/v2\/users\/1"}],"replies":[{"embeddable":true,"href":"https:\/\/www.therespiratorysystem.com\/pt\/wp-json\/wp\/v2\/comments?post=402"}],"version-history":[{"count":10,"href":"https:\/\/www.therespiratorysystem.com\/pt\/wp-json\/wp\/v2\/pages\/402\/revisions"}],"predecessor-version":[{"id":657,"href":"https:\/\/www.therespiratorysystem.com\/pt\/wp-json\/wp\/v2\/pages\/402\/revisions\/657"}],"up":[{"embeddable":true,"href":"https:\/\/www.therespiratorysystem.com\/pt\/wp-json\/wp\/v2\/pages\/367"}],"wp:featuredmedia":[{"embeddable":true,"href":"https:\/\/www.therespiratorysystem.com\/pt\/wp-json\/wp\/v2\/media\/408"}],"wp:attachment":[{"href":"https:\/\/www.therespiratorysystem.com\/pt\/wp-json\/wp\/v2\/media?parent=402"}],"curies":[{"name":"wp","href":"https:\/\/api.w.org\/{rel}","templated":true}]}}