{"id":425,"date":"2018-02-16T06:59:07","date_gmt":"2018-02-16T06:59:07","guid":{"rendered":"https:\/\/www.therespiratorysystem.com\/?page_id=425"},"modified":"2022-09-16T16:57:49","modified_gmt":"2022-09-16T16:57:49","slug":"nasopharynx","status":"publish","type":"page","link":"https:\/\/www.therespiratorysystem.com\/pt\/glossary\/nasopharynx\/","title":{"rendered":"Nasopharynx"},"content":{"rendered":"<h2>What is the Nasopharynx<\/h2>\n<p>The nasopharynx is the first of the three sections forming the pharynx <sup>[1]<\/sup>, the other two being the oropharynx and laryngopharynx.<\/p>\n<h2>Where is the Nasopharynx Located<\/h2>\n<p>The superior or uppermost part of the throat, the nasopharynx is the hollow space lying at the skull base <sup>[2]<\/sup>, above the oral cavity, extending after the <a href=\"https:\/\/www.therespiratorysystem.com\/glossary\/choanae\/\">choanae<\/a> or posterior openings of the nasal cavities <sup>[3]<\/sup>.<\/p>\n<h2>Nasopharynx Structure and Anatomy<\/h2>\n<div id=\"attachment_432\" style=\"width: 573px\" class=\"wp-caption aligncenter\"><a href=\"https:\/\/www.therespiratorysystem.com\/wp-content\/uploads\/2018\/02\/Nasopharynx.jpg\"><img loading=\"lazy\" decoding=\"async\" aria-describedby=\"caption-attachment-432\" class=\" wp-image-432\" src=\"https:\/\/www.therespiratorysystem.com\/wp-content\/uploads\/2018\/02\/Nasopharynx.jpg\" alt=\"\" width=\"563\" height=\"377\" \/><\/a><p id=\"caption-attachment-432\" class=\"wp-caption-text\">Nasopharynx<\/p><\/div>\n<h3>Walls and Boundaries of the Nasopharynx<\/h3>\n<p>In the front, it has the posterior nares and the back part of the nasal septum <sup>[4]<\/sup>. Inferiorly, the soft palate marks the boundary between the nasopharynx and the following section of the pharynx, oropharynx <sup>[1]<\/sup>.<\/p>\n<p>The nasopharynx is primarily lined by two types of epithelia, with the stratified squamous epithelium comprising around 60% of its inner walls <sup>[5]<\/sup>. The nasopharynx is also the only section of the pharynx to have pseudostratified columnar respiratory epithelium <sup>[6]<\/sup>, the specialized epithelium (ciliated and containing goblet cells) for the respiratory tract <sup>[7]<\/sup>. These two epithelia have a sharp interphase between them, except for certain areas where an intermediate epithelium intervenes. The respiratory and intermediate epithelia together form the rest of the (40%) nasopharyngeal epithelium.<\/p>\n<p>The <strong>adenoids<\/strong>, also called the<strong> pharyngeal tonsils <\/strong><sup>[7]<\/sup> (collection of lymphoid tissues) are located in the walls and roof of the back of the nasopharynx <sup>[8]<\/sup>, while there are small lymphocytes accumulating in various places beneath the mucous membrane <sup>[6]<\/sup>.<\/p>\n<h3>Openings from the Nasopharynx<\/h3>\n<p>The openings to the <strong>Eustachian tubes<\/strong>, the two auditory tubes that serve as the channel between the middle ears and the nasopharynx are located in the center of the lateral nasopharyngeal wall <sup>[9, 4]<\/sup>.<\/p>\n<h3>Blood Supply<\/h3>\n<p>The arterial supply is carried out by the ascending pharyngeal, palatine, facial, and cervical arteries, as well as the maxillary artery. The pterygoid and pharyngeal plexus are responsible for the venous supply to the nasopharynx <sup>[4]<\/sup>.<\/p>\n<h3>Innervation<\/h3>\n<p>The maxillary nerve or CN V2 provides the nerve supply in this area <sup>[2]<\/sup>.<\/p>\n<h2>Functions of the Nasopharynx<\/h2>\n<p><strong>In Respiration:<\/strong> It is the part of the pharynx involved in respiration, working with the nasal cavity, larynx and the rest of the airways during breathing. Due to the presence of the ciliated respiratory epithelium, the nasopharynx also plays a role in purifying and conditioning the inhaled air <sup>[2]<\/sup> before letting it move further down the respiratory tract <sup>[10]<\/sup>.<\/p>\n<p><strong>For Fighting Infections:<\/strong> The lymphatic tissues and adenoids in the nasopharynx function as part of the immune system, with white blood cells circulating through them to fight infections and harmful foreign particles <sup>[1, 11]<\/sup>.<\/p>\n<p><strong>As a Drainage System:<\/strong> The middle ear communicates with the nasopharynx through the Eustachian tube <sup>[12]<\/sup>, which drains all middle ear secretions into the latter. The nasopharynx also serves as the drainage channel for lymphatic fluids produced due to the purification of air, and from the functioning of the adenoids <sup>[1]<\/sup>.<\/p>\n<h2>Associated Conditions<\/h2>\n<p><strong>Nasopharyngeal Cancer:<\/strong> Also known as nasopharyngeal carcinoma, it is a rare type of cancer characterized by lumpy feeling in the neck, persistent painful or sore throat, blurry or double vision, hearing loss along with recurrent ear infections, and stuffy nose. Though its causes are not clearly known yet, it has been associated with an Epstein-Barr virus infection; however, this does not mean that the infection leads to cancer in everyone. Research is going on to find some genetic connection between EBV and the cancer <sup>[13]<\/sup>.<\/p>\n<div class=\"accordion\">\n\t<h3 class=\"panel-title\">References <\/h3>\n<div class=\"panel-content\"><ol><\/p>\n<ol>\n<li><a href=\"https:\/\/www.healthline.com\/human-body-maps\/nasopharynx#1\">https:\/\/www.healthline.com\/human-body-maps\/nasopharynx#1<\/a><\/li>\n<li><a href=\"http:\/\/teachmeanatomy.info\/neck\/viscera\/pharynx\/\">http:\/\/teachmeanatomy.info\/neck\/viscera\/pharynx\/<\/a><\/li>\n<li>https:\/\/inside.ucumberlands.edu\/academics\/biology\/faculty\/kuss\/courses\/Respiratory%20system\/HumanNasalPassages.htm<\/li>\n<li><a href=\"https:\/\/radiopaedia.org\/articles\/nasopharynx\">https:\/\/radiopaedia.org\/articles\/nasopharynx<\/a><\/li>\n<li><a href=\"https:\/\/www.proteinatlas.org\/learn\/dictionary\/normal\/nasopharynx\">https:\/\/www.proteinatlas.org\/learn\/dictionary\/normal\/nasopharynx<\/a><\/li>\n<li><a href=\"http:\/\/www.lab.anhb.uwa.edu.au\/mb140\/CorePages\/Respiratory\/respir.htm\">http:\/\/www.lab.anhb.uwa.edu.au\/mb140\/CorePages\/Respiratory\/respir.htm<\/a><\/li>\n<li><a href=\"http:\/\/www.siumed.edu\/~dking2\/crr\/rsguide.htm\">http:\/\/www.siumed.edu\/~dking2\/crr\/rsguide.htm<\/a><\/li>\n<li><a href=\"https:\/\/www.ncbi.nlm.nih.gov\/books\/NBK238\/\">https:\/\/www.ncbi.nlm.nih.gov\/books\/NBK238\/<\/a><\/li>\n<li><a href=\"http:\/\/www.elcamino.edu\/faculty\/rsidhu\/Anat-32\/Respiratory%20System.pdf\">http:\/\/www.elcamino.edu\/faculty\/rsidhu\/Anat-32\/Respiratory%20System.pdf<\/a><\/li>\n<li><a href=\"https:\/\/study.com\/academy\/lesson\/pharynx-anatomy-definition-quiz.html\">https:\/\/study.com\/academy\/lesson\/pharynx-anatomy-definition-quiz.html<\/a><\/li>\n<li><a href=\"https:\/\/www.webmd.com\/children\/picture-of-the-adenoids\">https:\/\/www.webmd.com\/children\/picture-of-the-adenoids<\/a><\/li>\n<li><a href=\"https:\/\/emedicine.medscape.com\/article\/874348-overview\">https:\/\/emedicine.medscape.com\/article\/874348-overview<\/a><\/li>\n<li><a href=\"https:\/\/www.webmd.com\/cancer\/nasopharyngeal-cancer#1\">https:\/\/www.webmd.com\/cancer\/nasopharyngeal-cancer#1<\/a><\/li>\n<\/ol>\n<p><\/ol>\n<\/div>\n<\/div>\n","protected":false},"excerpt":{"rendered":"<p>What is the Nasopharynx The nasopharynx is the first of the three sections forming the pharynx [1], the other two being the oropharynx and laryngopharynx. Where is the Nasopharynx Located The superior or uppermost part of the throat, the nasopharynx is the hollow space lying at the skull base [2], above the oral cavity, extending [&hellip;]<\/p>\n","protected":false},"author":1,"featured_media":432,"parent":367,"menu_order":0,"comment_status":"closed","ping_status":"closed","template":"","meta":{"footnotes":""},"class_list":["post-425","page","type-page","status-publish","has-post-thumbnail","hentry"],"yoast_head":"<!-- This site is optimized with the Yoast SEO plugin v27.3 - https:\/\/yoast.com\/product\/yoast-seo-wordpress\/ -->\n<title>Nasopharynx Definition, Anatomy, Function, Diagram<\/title>\n<meta name=\"description\" content=\"What is the nasopharynx location, anatomy, and structure (boundaries, openings, blood supply, innervation), what does the nasopharynx do, images\" \/>\n<meta name=\"robots\" content=\"index, follow, max-snippet:-1, max-image-preview:large, max-video-preview:-1\" \/>\n<link rel=\"canonical\" href=\"https:\/\/www.therespiratorysystem.com\/pt\/glossary\/nasopharynx\/\" \/>\n<meta property=\"og:locale\" content=\"pt_BR\" \/>\n<meta property=\"og:type\" content=\"article\" \/>\n<meta property=\"og:title\" content=\"Nasopharynx Definition, Anatomy, Function, Diagram\" \/>\n<meta property=\"og:description\" content=\"What is the nasopharynx location, anatomy, and structure (boundaries, openings, blood supply, innervation), what does the nasopharynx do, images\" \/>\n<meta property=\"og:url\" content=\"https:\/\/www.therespiratorysystem.com\/pt\/glossary\/nasopharynx\/\" \/>\n<meta property=\"og:site_name\" content=\"The Respiratory System\" \/>\n<meta property=\"article:modified_time\" content=\"2022-09-16T16:57:49+00:00\" \/>\n<meta property=\"og:image\" content=\"https:\/\/www.therespiratorysystem.com\/wp-content\/uploads\/2018\/02\/Nasopharynx.jpg\" \/>\n\t<meta property=\"og:image:width\" content=\"850\" \/>\n\t<meta property=\"og:image:height\" content=\"577\" \/>\n\t<meta property=\"og:image:type\" content=\"image\/jpeg\" \/>\n<meta name=\"twitter:card\" content=\"summary_large_image\" \/>\n<meta name=\"twitter:label1\" content=\"Est. tempo de leitura\" \/>\n\t<meta name=\"twitter:data1\" content=\"3 minutos\" \/>\n<script type=\"application\/ld+json\" class=\"yoast-schema-graph\">{\"@context\":\"https:\\\/\\\/schema.org\",\"@graph\":[{\"@type\":\"WebPage\",\"@id\":\"https:\\\/\\\/www.therespiratorysystem.com\\\/glossary\\\/nasopharynx\\\/\",\"url\":\"https:\\\/\\\/www.therespiratorysystem.com\\\/glossary\\\/nasopharynx\\\/\",\"name\":\"Nasopharynx Definition, Anatomy, Function, Diagram\",\"isPartOf\":{\"@id\":\"https:\\\/\\\/www.therespiratorysystem.com\\\/#website\"},\"primaryImageOfPage\":{\"@id\":\"https:\\\/\\\/www.therespiratorysystem.com\\\/glossary\\\/nasopharynx\\\/#primaryimage\"},\"image\":{\"@id\":\"https:\\\/\\\/www.therespiratorysystem.com\\\/glossary\\\/nasopharynx\\\/#primaryimage\"},\"thumbnailUrl\":\"https:\\\/\\\/www.therespiratorysystem.com\\\/wp-content\\\/uploads\\\/2018\\\/02\\\/Nasopharynx.jpg\",\"datePublished\":\"2018-02-16T06:59:07+00:00\",\"dateModified\":\"2022-09-16T16:57:49+00:00\",\"description\":\"What is the nasopharynx location, anatomy, and structure (boundaries, openings, blood supply, innervation), what does the nasopharynx do, images\",\"breadcrumb\":{\"@id\":\"https:\\\/\\\/www.therespiratorysystem.com\\\/glossary\\\/nasopharynx\\\/#breadcrumb\"},\"inLanguage\":\"pt-BR\",\"potentialAction\":[{\"@type\":\"ReadAction\",\"target\":[\"https:\\\/\\\/www.therespiratorysystem.com\\\/glossary\\\/nasopharynx\\\/\"]}]},{\"@type\":\"ImageObject\",\"inLanguage\":\"pt-BR\",\"@id\":\"https:\\\/\\\/www.therespiratorysystem.com\\\/glossary\\\/nasopharynx\\\/#primaryimage\",\"url\":\"https:\\\/\\\/www.therespiratorysystem.com\\\/wp-content\\\/uploads\\\/2018\\\/02\\\/Nasopharynx.jpg\",\"contentUrl\":\"https:\\\/\\\/www.therespiratorysystem.com\\\/wp-content\\\/uploads\\\/2018\\\/02\\\/Nasopharynx.jpg\",\"width\":850,\"height\":577,\"caption\":\"Nasopharynx\"},{\"@type\":\"BreadcrumbList\",\"@id\":\"https:\\\/\\\/www.therespiratorysystem.com\\\/glossary\\\/nasopharynx\\\/#breadcrumb\",\"itemListElement\":[{\"@type\":\"ListItem\",\"position\":1,\"name\":\"Home\",\"item\":\"https:\\\/\\\/www.therespiratorysystem.com\\\/\"},{\"@type\":\"ListItem\",\"position\":2,\"name\":\"Glossary\",\"item\":\"https:\\\/\\\/www.therespiratorysystem.com\\\/glossary\\\/\"},{\"@type\":\"ListItem\",\"position\":3,\"name\":\"Nasopharynx\"}]},{\"@type\":\"WebSite\",\"@id\":\"https:\\\/\\\/www.therespiratorysystem.com\\\/#website\",\"url\":\"https:\\\/\\\/www.therespiratorysystem.com\\\/\",\"name\":\"The Respiratory System\",\"description\":\"\",\"potentialAction\":[{\"@type\":\"SearchAction\",\"target\":{\"@type\":\"EntryPoint\",\"urlTemplate\":\"https:\\\/\\\/www.therespiratorysystem.com\\\/?s={search_term_string}\"},\"query-input\":{\"@type\":\"PropertyValueSpecification\",\"valueRequired\":true,\"valueName\":\"search_term_string\"}}],\"inLanguage\":\"pt-BR\"}]}<\/script>\n<!-- \/ Yoast SEO plugin. -->","yoast_head_json":{"title":"Defini\u00e7\u00e3o de Nasofaringe, Anatomia, Fun\u00e7\u00e3o, Diagrama","description":"Qual \u00e9 a localiza\u00e7\u00e3o, anatomia e estrutura da nasofaringe (limites, aberturas, suprimento de sangue, inerva\u00e7\u00e3o), o que faz a nasofaringe, imagens","robots":{"index":"index","follow":"follow","max-snippet":"max-snippet:-1","max-image-preview":"max-image-preview:large","max-video-preview":"max-video-preview:-1"},"canonical":"https:\/\/www.therespiratorysystem.com\/pt\/glossary\/nasopharynx\/","og_locale":"pt_BR","og_type":"article","og_title":"Nasopharynx Definition, Anatomy, Function, Diagram","og_description":"What is the nasopharynx location, anatomy, and structure (boundaries, openings, blood supply, innervation), what does the nasopharynx do, images","og_url":"https:\/\/www.therespiratorysystem.com\/pt\/glossary\/nasopharynx\/","og_site_name":"The Respiratory System","article_modified_time":"2022-09-16T16:57:49+00:00","og_image":[{"width":850,"height":577,"url":"https:\/\/www.therespiratorysystem.com\/wp-content\/uploads\/2018\/02\/Nasopharynx.jpg","type":"image\/jpeg"}],"twitter_card":"summary_large_image","twitter_misc":{"Est. tempo de leitura":"3 minutos"},"schema":{"@context":"https:\/\/schema.org","@graph":[{"@type":"WebPage","@id":"https:\/\/www.therespiratorysystem.com\/glossary\/nasopharynx\/","url":"https:\/\/www.therespiratorysystem.com\/glossary\/nasopharynx\/","name":"Defini\u00e7\u00e3o de Nasofaringe, Anatomia, Fun\u00e7\u00e3o, Diagrama","isPartOf":{"@id":"https:\/\/www.therespiratorysystem.com\/#website"},"primaryImageOfPage":{"@id":"https:\/\/www.therespiratorysystem.com\/glossary\/nasopharynx\/#primaryimage"},"image":{"@id":"https:\/\/www.therespiratorysystem.com\/glossary\/nasopharynx\/#primaryimage"},"thumbnailUrl":"https:\/\/www.therespiratorysystem.com\/wp-content\/uploads\/2018\/02\/Nasopharynx.jpg","datePublished":"2018-02-16T06:59:07+00:00","dateModified":"2022-09-16T16:57:49+00:00","description":"Qual \u00e9 a localiza\u00e7\u00e3o, anatomia e estrutura da nasofaringe (limites, aberturas, suprimento de sangue, inerva\u00e7\u00e3o), o que faz a nasofaringe, imagens","breadcrumb":{"@id":"https:\/\/www.therespiratorysystem.com\/glossary\/nasopharynx\/#breadcrumb"},"inLanguage":"pt-BR","potentialAction":[{"@type":"ReadAction","target":["https:\/\/www.therespiratorysystem.com\/glossary\/nasopharynx\/"]}]},{"@type":"ImageObject","inLanguage":"pt-BR","@id":"https:\/\/www.therespiratorysystem.com\/glossary\/nasopharynx\/#primaryimage","url":"https:\/\/www.therespiratorysystem.com\/wp-content\/uploads\/2018\/02\/Nasopharynx.jpg","contentUrl":"https:\/\/www.therespiratorysystem.com\/wp-content\/uploads\/2018\/02\/Nasopharynx.jpg","width":850,"height":577,"caption":"Nasopharynx"},{"@type":"BreadcrumbList","@id":"https:\/\/www.therespiratorysystem.com\/glossary\/nasopharynx\/#breadcrumb","itemListElement":[{"@type":"ListItem","position":1,"name":"Home","item":"https:\/\/www.therespiratorysystem.com\/"},{"@type":"ListItem","position":2,"name":"Glossary","item":"https:\/\/www.therespiratorysystem.com\/glossary\/"},{"@type":"ListItem","position":3,"name":"Nasopharynx"}]},{"@type":"WebSite","@id":"https:\/\/www.therespiratorysystem.com\/#website","url":"https:\/\/www.therespiratorysystem.com\/","name":"O Sistema Respirat\u00f3rio","description":"","potentialAction":[{"@type":"SearchAction","target":{"@type":"EntryPoint","urlTemplate":"https:\/\/www.therespiratorysystem.com\/?s={search_term_string}"},"query-input":{"@type":"PropertyValueSpecification","valueRequired":true,"valueName":"search_term_string"}}],"inLanguage":"pt-BR"}]}},"_links":{"self":[{"href":"https:\/\/www.therespiratorysystem.com\/pt\/wp-json\/wp\/v2\/pages\/425","targetHints":{"allow":["GET"]}}],"collection":[{"href":"https:\/\/www.therespiratorysystem.com\/pt\/wp-json\/wp\/v2\/pages"}],"about":[{"href":"https:\/\/www.therespiratorysystem.com\/pt\/wp-json\/wp\/v2\/types\/page"}],"author":[{"embeddable":true,"href":"https:\/\/www.therespiratorysystem.com\/pt\/wp-json\/wp\/v2\/users\/1"}],"replies":[{"embeddable":true,"href":"https:\/\/www.therespiratorysystem.com\/pt\/wp-json\/wp\/v2\/comments?post=425"}],"version-history":[{"count":7,"href":"https:\/\/www.therespiratorysystem.com\/pt\/wp-json\/wp\/v2\/pages\/425\/revisions"}],"predecessor-version":[{"id":656,"href":"https:\/\/www.therespiratorysystem.com\/pt\/wp-json\/wp\/v2\/pages\/425\/revisions\/656"}],"up":[{"embeddable":true,"href":"https:\/\/www.therespiratorysystem.com\/pt\/wp-json\/wp\/v2\/pages\/367"}],"wp:featuredmedia":[{"embeddable":true,"href":"https:\/\/www.therespiratorysystem.com\/pt\/wp-json\/wp\/v2\/media\/432"}],"wp:attachment":[{"href":"https:\/\/www.therespiratorysystem.com\/pt\/wp-json\/wp\/v2\/media?parent=425"}],"curies":[{"name":"wp","href":"https:\/\/api.w.org\/{rel}","templated":true}]}}