{"id":496,"date":"2020-02-27T16:01:15","date_gmt":"2020-02-27T16:01:15","guid":{"rendered":"https:\/\/www.therespiratorysystem.com\/?page_id=496"},"modified":"2020-02-27T16:11:16","modified_gmt":"2020-02-27T16:11:16","slug":"privacy-policy","status":"publish","type":"page","link":"https:\/\/www.therespiratorysystem.com\/pt\/privacy-policy\/","title":{"rendered":"Pol\u00edtica de Privacidade"},"content":{"rendered":"<p><strong>therespiratorysystem.com<\/strong> \u00e9 um blog online de propriedade e operado pela Izik Brans.<\/p>\n<p>Endere\u00e7o residencial: Bat Yam City, Yoseftal 3th<br \/>\nIsrael<br \/>\nE-mail: izikads {at} gmail {dot} com<\/p>\n<h2><strong>therespiratorysystem.com - Pol\u00edtica de Privacidade<\/strong><\/h2>\n<p>Esta pol\u00edtica de privacidade foi compilada para melhor servir \u00e0queles que est\u00e3o preocupados com a forma como suas \"Informa\u00e7\u00f5es Pessoais Identific\u00e1veis\" (IPI) est\u00e3o sendo utilizadas on-line. As IPI, conforme descritas na lei de privacidade e seguran\u00e7a da informa\u00e7\u00e3o dos EUA, s\u00e3o informa\u00e7\u00f5es que podem ser usadas por si s\u00f3 ou com outras informa\u00e7\u00f5es para identificar, contatar ou localizar uma \u00fanica pessoa, ou para identificar um indiv\u00edduo no contexto. Por favor, leia atentamente nossa pol\u00edtica de privacidade para obter uma compreens\u00e3o clara de como coletamos, usamos, protegemos ou tratamos suas Informa\u00e7\u00f5es de Identifica\u00e7\u00e3o Pessoal de acordo com nosso website.<\/p>\n<p><strong>Que informa\u00e7\u00f5es pessoais coletamos das pessoas que visitam nosso blog, website ou aplicativo?<\/strong><\/p>\n<p>N\u00f3s n\u00e3o coletamos informa\u00e7\u00f5es dos visitantes de nosso site.<br \/>\nou outros detalhes para ajudar voc\u00ea com sua experi\u00eancia.<\/p>\n<p><strong>Quando coletamos informa\u00e7\u00f5es?<\/strong><\/p>\n<p>Coletamos informa\u00e7\u00f5es de voc\u00ea quando voc\u00ea se cadastra em nosso site ou digita informa\u00e7\u00f5es em nosso site.<\/p>\n<p><strong>Como utilizamos suas informa\u00e7\u00f5es?<\/strong><\/p>\n<p>Podemos utilizar as informa\u00e7\u00f5es que coletamos de voc\u00ea quando voc\u00ea se registra, faz uma compra, assina nosso boletim informativo, responde a uma pesquisa ou comunica\u00e7\u00e3o de marketing, navega no site ou utiliza algumas outras caracter\u00edsticas do site das seguintes maneiras:<\/p>\n<p>- Para melhorar nosso site a fim de melhor atend\u00ea-lo.<\/p>\n<p><strong>Como protegemos suas informa\u00e7\u00f5es?<\/strong><\/p>\n<p>N\u00e3o usamos varredura de vulnerabilidades e\/ou varredura de acordo com as normas PCI.<br \/>\nFornecemos apenas artigos e informa\u00e7\u00f5es. Nunca pedimos n\u00fameros de cart\u00e3o de cr\u00e9dito.<br \/>\nUtilizamos a varredura regular de malwares.<\/p>\n<p>N\u00e3o utilizamos um certificado SSL<br \/>\n- Fornecemos apenas artigos e informa\u00e7\u00f5es. Nunca pedimos informa\u00e7\u00f5es pessoais ou privadas como nomes, endere\u00e7os de e-mail ou n\u00fameros de cart\u00e3o de cr\u00e9dito.<\/p>\n<p><strong>Usamos 'cookies'?<\/strong><\/p>\n<p>Sim. Cookies s\u00e3o pequenos arquivos que um site ou seu provedor de servi\u00e7os transfere para o disco r\u00edgido de seu computador atrav\u00e9s de seu navegador (se voc\u00ea permitir) que permite que os sistemas do site ou do provedor de servi\u00e7os reconhe\u00e7am seu navegador e capturem e lembrem-se de certas informa\u00e7\u00f5es. Por exemplo, usamos cookies para nos ajudar a lembrar e processar os itens em seu carrinho de compras. Eles tamb\u00e9m s\u00e3o usados para nos ajudar a entender suas prefer\u00eancias com base na atividade anterior ou atual do site, o que nos permite fornecer-lhe servi\u00e7os melhorados. Tamb\u00e9m usamos cookies para nos ajudar a compilar dados agregados sobre o tr\u00e1fego e intera\u00e7\u00e3o do site para que possamos oferecer melhores experi\u00eancias e ferramentas no site no futuro.<\/p>\n<p>N\u00f3s usamos cookies para:<br \/>\n- Compreender e salvar as prefer\u00eancias dos usu\u00e1rios para visitas futuras.<\/p>\n<p>Voc\u00ea pode escolher que seu computador o avise cada vez que um cookie for enviado, ou voc\u00ea pode optar por desligar todos os cookies. Voc\u00ea faz isso atrav\u00e9s das configura\u00e7\u00f5es de seu navegador. Como o navegador \u00e9 um pouco diferente, consulte o Menu de Ajuda do seu navegador para aprender a maneira correta de modificar seus cookies.<\/p>\n<p>Se voc\u00ea desligar os cookies, algumas das caracter\u00edsticas que tornam sua experi\u00eancia no site mais eficiente podem n\u00e3o funcionar corretamente. N\u00e3o afetar\u00e1 a experi\u00eancia do usu\u00e1rio que torna sua experi\u00eancia no site mais eficiente e pode n\u00e3o funcionar corretamente.<br \/>\nDivulga\u00e7\u00e3o por terceiros<\/p>\n<p>N\u00e3o vendemos, trocamos ou transferimos para terceiros suas Informa\u00e7\u00f5es Pessoais Identific\u00e1veis, a menos que avisemos os usu\u00e1rios com anteced\u00eancia. Isto n\u00e3o inclui parceiros de hospedagem de websites e outras partes que nos ajudam a operar nosso website, conduzir nossos neg\u00f3cios ou servir nossos usu\u00e1rios, desde que essas partes concordem em manter essas informa\u00e7\u00f5es confidenciais. Tamb\u00e9m podemos divulgar informa\u00e7\u00f5es quando sua divulga\u00e7\u00e3o for apropriada para cumprir a lei, fazer cumprir nossas pol\u00edticas do site, ou proteger nossos direitos, propriedade ou seguran\u00e7a ou de terceiros.<\/p>\n<p>Entretanto, informa\u00e7\u00f5es de visitantes n\u00e3o identific\u00e1veis pessoalmente podem ser fornecidas a outras partes para marketing, publicidade ou outros usos.<\/p>\n<p><strong>Links de terceiros<\/strong><\/p>\n<p>Ocasionalmente, a nosso crit\u00e9rio, podemos incluir ou oferecer produtos ou servi\u00e7os de terceiros em nosso website. Esses sites de terceiros t\u00eam pol\u00edticas de privacidade separadas e independentes. Portanto, n\u00e3o temos nenhuma responsabilidade ou obriga\u00e7\u00e3o pelo conte\u00fado e atividades desses sites vinculados. No entanto, procuramos proteger a integridade de nosso site e agradecemos qualquer feedback sobre esses sites.<\/p>\n<h2><strong>Aviso do Google Adsense<\/strong><\/h2>\n<p>Os requisitos de publicidade do Google podem ser resumidos pelos Princ\u00edpios de Publicidade do Google. Eles s\u00e3o colocados em pr\u00e1tica para proporcionar uma experi\u00eancia positiva para os usu\u00e1rios. <a href=\"https:\/\/support.google.com\/adwordspolicy\/answer\/1316548?hl=en\">https:\/\/support.google.com\/adwordspolicy\/answer\/1316548?hl=en<\/a><\/p>\n<p><strong>Utilizamos a publicidade do Google AdSense em nosso website.<\/strong><\/p>\n<p>O Google, como fornecedor terceirizado, utiliza cookies para veicular an\u00fancios em nosso site. O uso do cookie DART pelo Google permite que ele apresente an\u00fancios a nossos usu\u00e1rios com base em visitas anteriores ao nosso site e a outros sites na Internet. Os usu\u00e1rios podem optar por n\u00e3o utilizar o cookie DART visitando a pol\u00edtica de privacidade do Google Ad e Content Network.<\/p>\n<p>Implementamos o seguinte:<\/p>\n<ol>\n<li><strong>\u00a0Remarketing com Google AdSense<\/strong><\/li>\n<li><strong>\u00a0Google Display Network Impression Reporting<\/strong><\/li>\n<li><strong>\u00a0Relat\u00f3rios Demogr\u00e1ficos e de Interesses<\/strong><\/li>\n<li><strong>\u00a0Integra\u00e7\u00e3o da Plataforma DoubleClick<\/strong><\/li>\n<\/ol>\n<p>N\u00f3s, juntamente com fornecedores de terceiros como o Google, usamos cookies de primeira m\u00e3o (como os cookies do Google Analytics) e cookies de terceiros (como o cookie DoubleClick) ou outros identificadores de terceiros para compilar dados relativos \u00e0s intera\u00e7\u00f5es do usu\u00e1rio com impress\u00f5es de an\u00fancios e outras fun\u00e7\u00f5es de servi\u00e7o de an\u00fancios, conforme se relacionam com nosso website.<\/p>\n<p>Optando por sair:<br \/>\nOs usu\u00e1rios podem definir prefer\u00eancias sobre como o Google anuncia a voc\u00ea usando a p\u00e1gina Configura\u00e7\u00f5es de an\u00fancios do Google. Alternativamente, voc\u00ea pode optar por n\u00e3o participar visitando a p\u00e1gina Network Advertising Initiative Opt Out ou usando o Google Analytics Opt Out Browser add on.<\/p>\n<p><strong>Leia mais no google:<\/strong><\/p>\n<p><a href=\"https:\/\/www.google.com\/settings\/ads\">https:\/\/www.google.com\/settings\/ads<\/a><br \/>\n<a href=\"https:\/\/policies.google.com\/technologies\/ads\">https:\/\/policies.google.com\/technologies\/ads<\/a><\/p>\n<h2><span style=\"text-decoration: underline;\"><strong>Google Analytics<\/strong><\/span><\/h2>\n<p>Servi\u00e7o de an\u00e1lise da web projetado e oferecido pelo Google, o Google Analytics nos ajuda a rastrear e relatar o tr\u00e1fego do site. Os dados coletados, s\u00e3o utilizados pelo Google para rastrear e tamb\u00e9m monitorar o amplo uso de nossos servi\u00e7os. Esta informa\u00e7\u00e3o \u00e9 ent\u00e3o compartilhada com v\u00e1rios outros servi\u00e7os do Google. Al\u00e9m disso, o Google tamb\u00e9m pode utilizar estas informa\u00e7\u00f5es para contextualizar e at\u00e9 mesmo personalizar as propagandas em sua rede.<\/p>\n<p>Entretanto, voc\u00ea tem o direito de optar por n\u00e3o fornecer seus dados e registrar sua atividade no Servi\u00e7o disponibilizado ao Google Analytics, simplesmente instalando o add-on de navegador Google-Analytics opt-out. Este add-on barra o Google Analytics Javascript (ga.js, dc.js e analytics.js) de compartilhar os dados desta atividade de visita com o Google Analytics.<\/p>\n<p>Para obter mais informa\u00e7\u00f5es sobre as Pr\u00e1ticas de Privacidade do Google, visite a p\u00e1gina web do Google Privacy Terms: https:\/\/www.google.com\/intl\/en\/policies\/privacy\/<\/p>\n<p><span style=\"text-decoration: underline;\"><strong>Lei de Prote\u00e7\u00e3o de Privacidade Online da Calif\u00f3rnia<\/strong><\/span><\/p>\n<p>A CalOPPA \u00e9 a primeira lei estadual do pa\u00eds a exigir websites comerciais e servi\u00e7os on-line para postar uma pol\u00edtica de privacidade. O alcance da lei vai muito al\u00e9m da Calif\u00f3rnia para exigir que qualquer pessoa ou empresa nos Estados Unidos (e possivelmente no mundo) que opera websites que coletam informa\u00e7\u00f5es pessoalmente identific\u00e1veis de consumidores da Calif\u00f3rnia poste uma pol\u00edtica de privacidade consp\u00edcua em seu website declarando exatamente as informa\u00e7\u00f5es que est\u00e3o sendo coletadas e aqueles indiv\u00edduos ou empresas com quem elas est\u00e3o sendo compartilhadas. - Veja mais em: https:\/\/consumercal.org\/california-online-privacy-protection-act-caloppa\/#sthash.0FdRbT51.dpuf<\/p>\n<p><span style=\"text-decoration: underline;\"><strong>Segundo a CalOPPA, concordamos com o seguinte:<\/strong><\/span><\/p>\n<p>Os usu\u00e1rios podem visitar nosso site de forma an\u00f4nima.<br \/>\nUma vez criada esta pol\u00edtica de privacidade, adicionaremos um link para ela em nossa p\u00e1gina inicial ou, no m\u00ednimo, na primeira p\u00e1gina significativa ap\u00f3s entrar em nosso site.<br \/>\nNosso link da Pol\u00edtica de Privacidade inclui a palavra \"Privacidade\" e pode ser facilmente encontrado na p\u00e1gina especificada acima.<\/p>\n<p><strong>Voc\u00ea ser\u00e1 notificado de qualquer mudan\u00e7a na Pol\u00edtica de Privacidade:<\/strong><\/p>\n<p>- Em nossa p\u00e1gina de Pol\u00edtica de Privacidade<br \/>\nPode alterar suas informa\u00e7\u00f5es pessoais:<br \/>\n- Enviando-nos um e-mail<\/p>\n<p><span style=\"text-decoration: underline;\"><strong>Como nosso site lida com N\u00e3o rastrear sinais?<\/strong><\/span><\/p>\n<p>Honramos N\u00e3o Rastrear sinais e N\u00e3o Rastrear, plantar cookies, ou usar publicidade quando um mecanismo de navegador N\u00e3o Rastrear (DNT) est\u00e1 em vigor.<\/p>\n<p><span style=\"text-decoration: underline;\"><strong>Nosso site permite o acompanhamento comportamental de terceiros?<\/strong><\/span><\/p>\n<p>Tamb\u00e9m \u00e9 importante notar que n\u00e3o permitimos o rastreamento comportamental de terceiros<\/p>\n<p>COPPA (Children Online Privacy Protection Act)<\/p>\n<p>Quando se trata da coleta de informa\u00e7\u00f5es pessoais de crian\u00e7as com menos de 13 anos de idade, a Lei de Prote\u00e7\u00e3o de Privacidade Online de Crian\u00e7as (COPPA) coloca os pais no controle. A Comiss\u00e3o Federal de Com\u00e9rcio, ag\u00eancia de prote\u00e7\u00e3o ao consumidor dos Estados Unidos, faz cumprir a regra COPPA, que especifica o que os operadores de websites e servi\u00e7os on-line devem fazer para proteger a privacidade e a seguran\u00e7a das crian\u00e7as on-line.<\/p>\n<p>N\u00e3o comercializamos especificamente para crian\u00e7as menores de 13 anos de idade.<\/p>\n<p>Deixamos terceiros, incluindo redes de an\u00fancios ou plug-ins coletar PII de crian\u00e7as menores de 13 anos?<\/p>\n<p><span style=\"text-decoration: underline;\"><strong>Pr\u00e1ticas justas de informa\u00e7\u00e3o<\/strong><\/span><\/p>\n<p>Os Princ\u00edpios de Pr\u00e1ticas Justas de Informa\u00e7\u00e3o formam a espinha dorsal da lei de privacidade nos Estados Unidos e os conceitos que eles incluem t\u00eam desempenhado um papel significativo no desenvolvimento de leis de prote\u00e7\u00e3o de dados em todo o mundo. A compreens\u00e3o dos Princ\u00edpios de Pr\u00e1ticas Justas de Informa\u00e7\u00e3o e como eles devem ser implementados \u00e9 fundamental para cumprir as v\u00e1rias leis de privacidade que protegem as informa\u00e7\u00f5es pessoais.<\/p>\n<p>A fim de estarmos alinhados com as Pr\u00e1ticas Justas de Informa\u00e7\u00e3o, tomaremos as seguintes medidas de resposta, caso ocorra uma viola\u00e7\u00e3o de dados:<br \/>\nN\u00f3s o notificaremos via e-mail<br \/>\n- Dentro de 7 dias \u00fateis<\/p>\n<p>Tamb\u00e9m concordamos com o Princ\u00edpio da Reparti\u00e7\u00e3o Individual que exige que os indiv\u00edduos tenham o direito de perseguir legalmente direitos execut\u00f3rios contra coletores e processadores de dados que n\u00e3o aderem \u00e0 lei. Este princ\u00edpio exige n\u00e3o apenas que os indiv\u00edduos tenham direitos execut\u00e1veis contra os usu\u00e1rios de dados, mas tamb\u00e9m que os indiv\u00edduos recorram aos tribunais ou ag\u00eancias governamentais para investigar e\/ou processar a n\u00e3o conformidade dos processadores de dados.<\/p>\n<p><span style=\"text-decoration: underline;\"><strong>Lei CAN SPAM<\/strong><\/span><\/p>\n<p>A Lei CAN-SPAM \u00e9 uma lei que estabelece as regras para e-mails comerciais, estabelece requisitos para mensagens comerciais, d\u00e1 aos destinat\u00e1rios o direito de que os e-mails deixem de ser enviados a eles e estabelece penalidades duras para viola\u00e7\u00f5es.<\/p>\n<p>Coletamos seu endere\u00e7o de e-mail a fim de:<br \/>\n- Enviar informa\u00e7\u00f5es, responder a consultas, e\/ou outras solicita\u00e7\u00f5es ou perguntas<\/p>\n<p>Para estar de acordo com o CANSPAM, concordamos com o seguinte:<br \/>\n- N\u00e3o utilizar assuntos falsos ou enganosos ou endere\u00e7os de e-mail.<\/p>\n<p>Se a qualquer momento voc\u00ea quiser cancelar sua inscri\u00e7\u00e3o para n\u00e3o receber futuros e-mails, voc\u00ea pode nos enviar um e-mail para<br \/>\ne n\u00f3s o removeremos imediatamente de TODAS as correspond\u00eancias.<\/p>\n<p>Conhe\u00e7a seus direitos de prote\u00e7\u00e3o de dados com base no Regulamento Geral de Prote\u00e7\u00e3o de Dados (GDPR)<br \/>\nExiste um certo conjunto de direitos de prote\u00e7\u00e3o de dados projetados para voc\u00ea, se voc\u00ea \u00e9 residente no Espa\u00e7o Econ\u00f4mico Europeu (EEA). o therespiratorysystem se esfor\u00e7a para ajud\u00e1-lo a tomar medidas razo\u00e1veis, permitindo-lhe alterar, corrigir, apagar e tamb\u00e9m limitar o uso de todos os seus Dados Pessoais fornecidos.<\/p>\n<p>Sinta-se \u00e0 vontade para entrar em contato conosco, se desejar saber quais dados pessoais s\u00e3o inseridos em nosso sistema a seu respeito e se desejar que seus dados sejam removidos de nossos sistemas.<\/p>\n<p><span style=\"text-decoration: underline;\"><strong>Voc\u00ea tem os direitos de prote\u00e7\u00e3o de dados mencionados abaixo para determinadas circunst\u00e2ncias:<\/strong><\/span><\/p>\n<p>Seu direito de usar, atualizar ou at\u00e9 mesmo excluir suas informa\u00e7\u00f5es de nosso sistema: Voc\u00ea tem acesso f\u00e1cil aos seus pr\u00f3prios dados pessoais para atualiza\u00e7\u00e3o ou para apagar seus dados pessoais da se\u00e7\u00e3o de configura\u00e7\u00f5es de sua conta. No entanto, caso voc\u00ea esteja proibido de tomar qualquer uma destas a\u00e7\u00f5es, por favor, deixe-nos ajud\u00e1-lo no procedimento. Tudo o que voc\u00ea precisa fazer \u00e9 entrar em contato conosco AQUI.<\/p>\n<p>Seu direito \u00e0 retifica\u00e7\u00e3o: Com base nas regras, voc\u00ea tem o direito de obter a retifica\u00e7\u00e3o de seus pr\u00f3prios dados pessoais, caso encontre seus dados incompletos ou inexatos.<\/p>\n<p>Seu direito de obje\u00e7\u00e3o: Conforme o regulamento, voc\u00ea tem o direito de obje\u00e7\u00e3o ao nosso processamento ou uso de seus dados pessoais.<\/p>\n<p>Direito de Restri\u00e7\u00e3o: Este direito permite que voc\u00ea nos pe\u00e7a para restringir o uso e o processamento de suas informa\u00e7\u00f5es pessoais.<\/p>\n<p>Seu direito \u00e0 portabilidade dos dados: De acordo com este direito, voc\u00ea tem a autoridade de ter uma c\u00f3pia dos dados pessoais que temos sobre voc\u00ea em formato leg\u00edvel por m\u00e1quina, estruturado e normalmente utilizado.<\/p>\n<p>Seu direito de retirar seu consentimento: Com base neste direito, voc\u00ea pode retirar seu consentimento sempre que desejar em situa\u00e7\u00f5es em que o sistemaespiratorysystem dependesse de voc\u00ea para seu consentimento para processar seus dados pessoais.<\/p>\n<p><strong>Nota<\/strong>: Podemos solicitar a verifica\u00e7\u00e3o de sua identidade antes de responder a tais pedidos de retirada.<\/p>\n<p>Direito de Reclama\u00e7\u00e3o junto \u00e0 Autoridade de Prote\u00e7\u00e3o de Dados: Voc\u00ea tem o direito de reclamar sobre nossa coleta e uso de seus dados pessoais. Para saber mais, entre em contato com a Autoridade Local de Prote\u00e7\u00e3o de Dados no Espa\u00e7o Econ\u00f4mico Europeu (EEA).<\/p>\n<p>Anal\u00edticos<\/p>\n<p>No Therespiratorysystem, utilizamos prestadores de servi\u00e7os de terceiros para monitorar e tamb\u00e9m analisar o uso de nossos servi\u00e7os.<\/p>\n<p>Contatando-nos - izikads2 (at) gmail.com<\/p>\n<p>Se houver alguma d\u00favida a respeito desta pol\u00edtica de privacidade, voc\u00ea pode entrar em contato conosco.<\/p>\n<p>\u00daltima edi\u00e7\u00e3o em 2020-02-27<\/p>","protected":false},"excerpt":{"rendered":"<p>therespiratorysystem.com is an online blog owned and operated by Izik Brans. Home Address: Bat Yam City, Yoseftal 3th Israel Email: izikads {at} gmail {dot} com therespiratorysystem.com &#8211; Privacy Policy This privacy policy has been compiled to better serve those who are concerned with how their \u2018Personally Identifiable Information\u2019 (PII) is being used online. PII, as [&hellip;]<\/p>\n","protected":false},"author":1,"featured_media":0,"parent":0,"menu_order":0,"comment_status":"closed","ping_status":"closed","template":"","meta":{"footnotes":""},"class_list":["post-496","page","type-page","status-publish","hentry"],"yoast_head":"<!-- This site is optimized with the Yoast SEO plugin v27.4 - https:\/\/yoast.com\/product\/yoast-seo-wordpress\/ -->\n<title>Privacy Policy - The Respiratory System<\/title>\n<meta name=\"robots\" content=\"noindex, follow\" \/>\n<meta property=\"og:locale\" content=\"pt_BR\" \/>\n<meta property=\"og:type\" content=\"article\" \/>\n<meta property=\"og:title\" content=\"Privacy Policy - The Respiratory System\" \/>\n<meta property=\"og:description\" content=\"therespiratorysystem.com is an online blog owned and operated by Izik Brans. Home Address: Bat Yam City, Yoseftal 3th Israel Email: izikads {at} gmail {dot} com therespiratorysystem.com &#8211; Privacy Policy This privacy policy has been compiled to better serve those who are concerned with how their \u2018Personally Identifiable Information\u2019 (PII) is being used online. PII, as [&hellip;]\" \/>\n<meta property=\"og:url\" content=\"https:\/\/www.therespiratorysystem.com\/pt\/privacy-policy\/\" \/>\n<meta property=\"og:site_name\" content=\"The Respiratory System\" \/>\n<meta property=\"article:modified_time\" content=\"2020-02-27T16:11:16+00:00\" \/>\n<meta name=\"twitter:card\" content=\"summary_large_image\" \/>\n<meta name=\"twitter:label1\" content=\"Est. tempo de leitura\" \/>\n\t<meta name=\"twitter:data1\" content=\"10 minutos\" \/>\n<script type=\"application\/ld+json\" class=\"yoast-schema-graph\">{\"@context\":\"https:\\\/\\\/schema.org\",\"@graph\":[{\"@type\":\"WebPage\",\"@id\":\"https:\\\/\\\/www.therespiratorysystem.com\\\/privacy-policy\\\/\",\"url\":\"https:\\\/\\\/www.therespiratorysystem.com\\\/privacy-policy\\\/\",\"name\":\"Privacy Policy - The Respiratory System\",\"isPartOf\":{\"@id\":\"https:\\\/\\\/www.therespiratorysystem.com\\\/#website\"},\"datePublished\":\"2020-02-27T16:01:15+00:00\",\"dateModified\":\"2020-02-27T16:11:16+00:00\",\"breadcrumb\":{\"@id\":\"https:\\\/\\\/www.therespiratorysystem.com\\\/privacy-policy\\\/#breadcrumb\"},\"inLanguage\":\"pt-BR\",\"potentialAction\":[{\"@type\":\"ReadAction\",\"target\":[\"https:\\\/\\\/www.therespiratorysystem.com\\\/privacy-policy\\\/\"]}]},{\"@type\":\"BreadcrumbList\",\"@id\":\"https:\\\/\\\/www.therespiratorysystem.com\\\/privacy-policy\\\/#breadcrumb\",\"itemListElement\":[{\"@type\":\"ListItem\",\"position\":1,\"name\":\"Home\",\"item\":\"https:\\\/\\\/www.therespiratorysystem.com\\\/\"},{\"@type\":\"ListItem\",\"position\":2,\"name\":\"Privacy Policy\"}]},{\"@type\":\"WebSite\",\"@id\":\"https:\\\/\\\/www.therespiratorysystem.com\\\/#website\",\"url\":\"https:\\\/\\\/www.therespiratorysystem.com\\\/\",\"name\":\"The Respiratory System\",\"description\":\"\",\"potentialAction\":[{\"@type\":\"SearchAction\",\"target\":{\"@type\":\"EntryPoint\",\"urlTemplate\":\"https:\\\/\\\/www.therespiratorysystem.com\\\/?s={search_term_string}\"},\"query-input\":{\"@type\":\"PropertyValueSpecification\",\"valueRequired\":true,\"valueName\":\"search_term_string\"}}],\"inLanguage\":\"pt-BR\"}]}<\/script>\n<!-- \/ Yoast SEO plugin. -->","yoast_head_json":{"title":"Pol\u00edtica de Privacidade - O Sistema Respirat\u00f3rio","robots":{"index":"noindex","follow":"follow"},"og_locale":"pt_BR","og_type":"article","og_title":"Privacy Policy - The Respiratory System","og_description":"therespiratorysystem.com is an online blog owned and operated by Izik Brans. Home Address: Bat Yam City, Yoseftal 3th Israel Email: izikads {at} gmail {dot} com therespiratorysystem.com &#8211; Privacy Policy This privacy policy has been compiled to better serve those who are concerned with how their \u2018Personally Identifiable Information\u2019 (PII) is being used online. PII, as [&hellip;]","og_url":"https:\/\/www.therespiratorysystem.com\/pt\/privacy-policy\/","og_site_name":"The Respiratory System","article_modified_time":"2020-02-27T16:11:16+00:00","twitter_card":"summary_large_image","twitter_misc":{"Est. tempo de leitura":"10 minutos"},"schema":{"@context":"https:\/\/schema.org","@graph":[{"@type":"WebPage","@id":"https:\/\/www.therespiratorysystem.com\/privacy-policy\/","url":"https:\/\/www.therespiratorysystem.com\/privacy-policy\/","name":"Pol\u00edtica de Privacidade - O Sistema Respirat\u00f3rio","isPartOf":{"@id":"https:\/\/www.therespiratorysystem.com\/#website"},"datePublished":"2020-02-27T16:01:15+00:00","dateModified":"2020-02-27T16:11:16+00:00","breadcrumb":{"@id":"https:\/\/www.therespiratorysystem.com\/privacy-policy\/#breadcrumb"},"inLanguage":"pt-BR","potentialAction":[{"@type":"ReadAction","target":["https:\/\/www.therespiratorysystem.com\/privacy-policy\/"]}]},{"@type":"BreadcrumbList","@id":"https:\/\/www.therespiratorysystem.com\/privacy-policy\/#breadcrumb","itemListElement":[{"@type":"ListItem","position":1,"name":"Home","item":"https:\/\/www.therespiratorysystem.com\/"},{"@type":"ListItem","position":2,"name":"Privacy Policy"}]},{"@type":"WebSite","@id":"https:\/\/www.therespiratorysystem.com\/#website","url":"https:\/\/www.therespiratorysystem.com\/","name":"O Sistema Respirat\u00f3rio","description":"","potentialAction":[{"@type":"SearchAction","target":{"@type":"EntryPoint","urlTemplate":"https:\/\/www.therespiratorysystem.com\/?s={search_term_string}"},"query-input":{"@type":"PropertyValueSpecification","valueRequired":true,"valueName":"search_term_string"}}],"inLanguage":"pt-BR"}]}},"_links":{"self":[{"href":"https:\/\/www.therespiratorysystem.com\/pt\/wp-json\/wp\/v2\/pages\/496","targetHints":{"allow":["GET"]}}],"collection":[{"href":"https:\/\/www.therespiratorysystem.com\/pt\/wp-json\/wp\/v2\/pages"}],"about":[{"href":"https:\/\/www.therespiratorysystem.com\/pt\/wp-json\/wp\/v2\/types\/page"}],"author":[{"embeddable":true,"href":"https:\/\/www.therespiratorysystem.com\/pt\/wp-json\/wp\/v2\/users\/1"}],"replies":[{"embeddable":true,"href":"https:\/\/www.therespiratorysystem.com\/pt\/wp-json\/wp\/v2\/comments?post=496"}],"version-history":[{"count":8,"href":"https:\/\/www.therespiratorysystem.com\/pt\/wp-json\/wp\/v2\/pages\/496\/revisions"}],"predecessor-version":[{"id":507,"href":"https:\/\/www.therespiratorysystem.com\/pt\/wp-json\/wp\/v2\/pages\/496\/revisions\/507"}],"wp:attachment":[{"href":"https:\/\/www.therespiratorysystem.com\/pt\/wp-json\/wp\/v2\/media?parent=496"}],"curies":[{"name":"wp","href":"https:\/\/api.w.org\/{rel}","templated":true}]}}