{"id":659,"date":"2022-09-17T07:34:09","date_gmt":"2022-09-17T07:34:09","guid":{"rendered":"https:\/\/www.therespiratorysystem.com\/?page_id=659"},"modified":"2022-09-17T07:35:05","modified_gmt":"2022-09-17T07:35:05","slug":"dmca","status":"publish","type":"page","link":"https:\/\/www.therespiratorysystem.com\/pt\/dmca\/","title":{"rendered":"DMCA"},"content":{"rendered":"<p>Este site \u00e9 apenas para fins educacionais!!<\/p>\n<p>**UTILIZA\u00c7\u00c3O DE FERRAMENTAS***<\/p>\n<h2>Disclamador da Lei de Uso Justo<\/h2>\n<p>A isen\u00e7\u00e3o de direitos autorais sob a se\u00e7\u00e3o 107 da Lei de Direitos Autorais de 1976, \u00e9 permitida a \"utiliza\u00e7\u00e3o justa\" para fins como cr\u00edtica, coment\u00e1rio, reportagem de not\u00edcias, ensino, bolsas de estudo, educa\u00e7\u00e3o e pesquisa.<\/p>\n<p>O uso justo \u00e9 um uso permitido pelo estatuto de direitos autorais que, de outra forma, poderia estar infringindo.<\/p>\n<p>Sem fins lucrativos, <strong>educacional<\/strong> ou de uso pessoal, d\u00e1 dicas para o equil\u00edbrio a favor do uso justo.<\/p>\n<p>(Fonte: http:\/\/en.wikipedia.org\/wiki\/Fair_use)<\/p>\n<p>O uso justo \u00e9 uma doutrina da lei de direitos autorais dos Estados Unidos que permite o uso limitado de material protegido por direitos autorais sem exigir permiss\u00e3o dos detentores dos direitos, tais como para coment\u00e1rios, cr\u00edticas, reportagens, pesquisas, ensino ou bolsas de estudo. Ela prev\u00ea a cita\u00e7\u00e3o legal, n\u00e3o licenciada ou a incorpora\u00e7\u00e3o de material protegido por direitos autorais no trabalho de outro autor, sob um teste de equil\u00edbrio de quatro fatores. O termo \"uso justo\" teve origem nos Estados Unidos. Um princ\u00edpio semelhante, a negocia\u00e7\u00e3o justa, existe em algumas outras jurisdi\u00e7\u00f5es de direito comum. As jurisdi\u00e7\u00f5es de direito civil t\u00eam outras limita\u00e7\u00f5es e exce\u00e7\u00f5es aos direitos autorais.<\/p>\n<h2><strong>Aviso da Lei Digital Millennium Copyright Act (DMCA).<\/strong><\/h2>\n<p>N\u00f3s respeitamos os direitos autorais. Se voc\u00ea descobrir que algo est\u00e1 errado, por favor envie um e-mail com todos os detalhes para a aten\u00e7\u00e3o da \"Viola\u00e7\u00e3o de Direitos Autorais\" via <strong>semproz at aol com<\/strong><\/p>\n<p>Preencher um Aviso DMCA para Remover Conte\u00fado Protegido por Direitos Autorais:<br \/>\nSe voc\u00ea acredita de boa f\u00e9 que seu trabalho foi copiado de uma forma que constitua viola\u00e7\u00e3o de direitos autorais, favor nos fornecer um aviso por escrito contendo as seguintes informa\u00e7\u00f5es:<\/p>\n<p>&nbsp;<\/p>\n<ul>\n<li>Uma descri\u00e7\u00e3o do trabalho protegido por direitos autorais que voc\u00ea alega ter sido infringido;<\/li>\n<li>Uma descri\u00e7\u00e3o de onde no Website o material que voc\u00ea alega estar infringindo pode ser encontrado, suficiente para que a Africa Facts Zone localize o material (por exemplo, o URL);<\/li>\n<li>Uma declara\u00e7\u00e3o de que voc\u00ea acredita de boa f\u00e9 que o uso do trabalho protegido por direitos autorais n\u00e3o \u00e9 autorizado pela Africa Facts Zone, seu agente, ou pela lei e n\u00e3o \u00e9 um uso justo;<\/li>\n<li>Uma declara\u00e7\u00e3o sua, EM PENALIDADE DE PERJU\u00cdZO, de que as informa\u00e7\u00f5es em sua notifica\u00e7\u00e3o s\u00e3o precisas e que voc\u00ea \u00e9 o propriet\u00e1rio dos direitos autorais ou est\u00e1 autorizado a agir em nome do propriet\u00e1rio dos direitos autorais; e<\/li>\n<li>Sua assinatura eletr\u00f4nica ou f\u00edsica.<\/li>\n<\/ul>\n<h2>Arquivamento de uma contra-notifica\u00e7\u00e3o DMCA para restaurar o conte\u00fado removido do site<\/h2>\n<p><strong>Se voc\u00ea acredita que seu material foi removido por engano ou mal identificado, favor fornecer \u00e0 Africa Facts Zone uma contra-notifica\u00e7\u00e3o escrita contendo as seguintes informa\u00e7\u00f5es:<\/strong><\/p>\n<ul>\n<li>Seu nome, endere\u00e7o, n\u00famero de telefone e endere\u00e7o de e-mail (se houver);<\/li>\n<li>Uma descri\u00e7\u00e3o do material que foi removido e a localiza\u00e7\u00e3o no site (por exemplo, o URL) onde ele apareceu anteriormente;<\/li>\n<li>Uma declara\u00e7\u00e3o, EM PENALIDADE DE PERJU\u00cdZO, de que voc\u00ea acredita de boa f\u00e9 que o material foi removido ou desativado como resultado de erro ou identifica\u00e7\u00e3o incorreta;<\/li>\n<li>Uma declara\u00e7\u00e3o de que voc\u00ea consente com a jurisdi\u00e7\u00e3o da Corte do Distrito Federal para o distrito judicial no qual seu endere\u00e7o est\u00e1 localizado, ou se seu endere\u00e7o estiver fora dos Estados Unidos, qualquer distrito judicial no qual a Africa Facts Zone possa ser encontrada (que inclui a Corte Distrital dos Estados Unidos para o Distrito Sul de Nova Iorque), e que voc\u00ea aceitar\u00e1 o servi\u00e7o de processo da pessoa que arquivou o aviso DMCA original ou de um agente dessa pessoa;<\/li>\n<li>Sua assinatura eletr\u00f4nica ou f\u00edsica.<\/li>\n<\/ul>","protected":false},"excerpt":{"rendered":"<p>This site is for educational purposes only!! **FAIR USE** Fair Use Act Disclamer Copyright Disclaimer under section 107 of the Copyright Act 1976, allowance is made for \u201cfair use\u201d for purposes such as criticism, comment, news reporting, teaching, scholarship, education and research. Fair use is a use permitted by copyright statute that might otherwise be [&hellip;]<\/p>\n","protected":false},"author":1,"featured_media":0,"parent":0,"menu_order":0,"comment_status":"closed","ping_status":"closed","template":"","meta":{"footnotes":""},"class_list":["post-659","page","type-page","status-publish","hentry"],"yoast_head":"<!-- This site is optimized with the Yoast SEO plugin v27.4 - https:\/\/yoast.com\/product\/yoast-seo-wordpress\/ -->\n<title>DMCA - The Respiratory System<\/title>\n<meta name=\"robots\" content=\"noindex, follow\" \/>\n<meta property=\"og:locale\" content=\"pt_BR\" \/>\n<meta property=\"og:type\" content=\"article\" \/>\n<meta property=\"og:title\" content=\"DMCA - The Respiratory System\" \/>\n<meta property=\"og:description\" content=\"This site is for educational purposes only!! **FAIR USE** Fair Use Act Disclamer Copyright Disclaimer under section 107 of the Copyright Act 1976, allowance is made for \u201cfair use\u201d for purposes such as criticism, comment, news reporting, teaching, scholarship, education and research. Fair use is a use permitted by copyright statute that might otherwise be [&hellip;]\" \/>\n<meta property=\"og:url\" content=\"https:\/\/www.therespiratorysystem.com\/pt\/dmca\/\" \/>\n<meta property=\"og:site_name\" content=\"The Respiratory System\" \/>\n<meta property=\"article:modified_time\" content=\"2022-09-17T07:35:05+00:00\" \/>\n<meta name=\"twitter:card\" content=\"summary_large_image\" \/>\n<meta name=\"twitter:label1\" content=\"Est. tempo de leitura\" \/>\n\t<meta name=\"twitter:data1\" content=\"3 minutos\" \/>\n<script type=\"application\/ld+json\" class=\"yoast-schema-graph\">{\"@context\":\"https:\\\/\\\/schema.org\",\"@graph\":[{\"@type\":\"WebPage\",\"@id\":\"https:\\\/\\\/www.therespiratorysystem.com\\\/dmca\\\/\",\"url\":\"https:\\\/\\\/www.therespiratorysystem.com\\\/dmca\\\/\",\"name\":\"DMCA - The Respiratory System\",\"isPartOf\":{\"@id\":\"https:\\\/\\\/www.therespiratorysystem.com\\\/#website\"},\"datePublished\":\"2022-09-17T07:34:09+00:00\",\"dateModified\":\"2022-09-17T07:35:05+00:00\",\"breadcrumb\":{\"@id\":\"https:\\\/\\\/www.therespiratorysystem.com\\\/dmca\\\/#breadcrumb\"},\"inLanguage\":\"pt-BR\",\"potentialAction\":[{\"@type\":\"ReadAction\",\"target\":[\"https:\\\/\\\/www.therespiratorysystem.com\\\/dmca\\\/\"]}]},{\"@type\":\"BreadcrumbList\",\"@id\":\"https:\\\/\\\/www.therespiratorysystem.com\\\/dmca\\\/#breadcrumb\",\"itemListElement\":[{\"@type\":\"ListItem\",\"position\":1,\"name\":\"Home\",\"item\":\"https:\\\/\\\/www.therespiratorysystem.com\\\/\"},{\"@type\":\"ListItem\",\"position\":2,\"name\":\"DMCA\"}]},{\"@type\":\"WebSite\",\"@id\":\"https:\\\/\\\/www.therespiratorysystem.com\\\/#website\",\"url\":\"https:\\\/\\\/www.therespiratorysystem.com\\\/\",\"name\":\"The Respiratory System\",\"description\":\"\",\"potentialAction\":[{\"@type\":\"SearchAction\",\"target\":{\"@type\":\"EntryPoint\",\"urlTemplate\":\"https:\\\/\\\/www.therespiratorysystem.com\\\/?s={search_term_string}\"},\"query-input\":{\"@type\":\"PropertyValueSpecification\",\"valueRequired\":true,\"valueName\":\"search_term_string\"}}],\"inLanguage\":\"pt-BR\"}]}<\/script>\n<!-- \/ Yoast SEO plugin. -->","yoast_head_json":{"title":"DMCA - O Sistema Respirat\u00f3rio","robots":{"index":"noindex","follow":"follow"},"og_locale":"pt_BR","og_type":"article","og_title":"DMCA - The Respiratory System","og_description":"This site is for educational purposes only!! **FAIR USE** Fair Use Act Disclamer Copyright Disclaimer under section 107 of the Copyright Act 1976, allowance is made for \u201cfair use\u201d for purposes such as criticism, comment, news reporting, teaching, scholarship, education and research. Fair use is a use permitted by copyright statute that might otherwise be [&hellip;]","og_url":"https:\/\/www.therespiratorysystem.com\/pt\/dmca\/","og_site_name":"The Respiratory System","article_modified_time":"2022-09-17T07:35:05+00:00","twitter_card":"summary_large_image","twitter_misc":{"Est. tempo de leitura":"3 minutos"},"schema":{"@context":"https:\/\/schema.org","@graph":[{"@type":"WebPage","@id":"https:\/\/www.therespiratorysystem.com\/dmca\/","url":"https:\/\/www.therespiratorysystem.com\/dmca\/","name":"DMCA - O Sistema Respirat\u00f3rio","isPartOf":{"@id":"https:\/\/www.therespiratorysystem.com\/#website"},"datePublished":"2022-09-17T07:34:09+00:00","dateModified":"2022-09-17T07:35:05+00:00","breadcrumb":{"@id":"https:\/\/www.therespiratorysystem.com\/dmca\/#breadcrumb"},"inLanguage":"pt-BR","potentialAction":[{"@type":"ReadAction","target":["https:\/\/www.therespiratorysystem.com\/dmca\/"]}]},{"@type":"BreadcrumbList","@id":"https:\/\/www.therespiratorysystem.com\/dmca\/#breadcrumb","itemListElement":[{"@type":"ListItem","position":1,"name":"Home","item":"https:\/\/www.therespiratorysystem.com\/"},{"@type":"ListItem","position":2,"name":"DMCA"}]},{"@type":"WebSite","@id":"https:\/\/www.therespiratorysystem.com\/#website","url":"https:\/\/www.therespiratorysystem.com\/","name":"O Sistema Respirat\u00f3rio","description":"","potentialAction":[{"@type":"SearchAction","target":{"@type":"EntryPoint","urlTemplate":"https:\/\/www.therespiratorysystem.com\/?s={search_term_string}"},"query-input":{"@type":"PropertyValueSpecification","valueRequired":true,"valueName":"search_term_string"}}],"inLanguage":"pt-BR"}]}},"_links":{"self":[{"href":"https:\/\/www.therespiratorysystem.com\/pt\/wp-json\/wp\/v2\/pages\/659","targetHints":{"allow":["GET"]}}],"collection":[{"href":"https:\/\/www.therespiratorysystem.com\/pt\/wp-json\/wp\/v2\/pages"}],"about":[{"href":"https:\/\/www.therespiratorysystem.com\/pt\/wp-json\/wp\/v2\/types\/page"}],"author":[{"embeddable":true,"href":"https:\/\/www.therespiratorysystem.com\/pt\/wp-json\/wp\/v2\/users\/1"}],"replies":[{"embeddable":true,"href":"https:\/\/www.therespiratorysystem.com\/pt\/wp-json\/wp\/v2\/comments?post=659"}],"version-history":[{"count":2,"href":"https:\/\/www.therespiratorysystem.com\/pt\/wp-json\/wp\/v2\/pages\/659\/revisions"}],"predecessor-version":[{"id":662,"href":"https:\/\/www.therespiratorysystem.com\/pt\/wp-json\/wp\/v2\/pages\/659\/revisions\/662"}],"wp:attachment":[{"href":"https:\/\/www.therespiratorysystem.com\/pt\/wp-json\/wp\/v2\/media?parent=659"}],"curies":[{"name":"wp","href":"https:\/\/api.w.org\/{rel}","templated":true}]}}