{"id":706,"date":"2026-02-08T09:54:15","date_gmt":"2026-02-08T09:54:15","guid":{"rendered":"https:\/\/www.therespiratorysystem.com\/?page_id=706"},"modified":"2026-02-08T10:03:57","modified_gmt":"2026-02-08T10:03:57","slug":"sitemap","status":"publish","type":"page","link":"https:\/\/www.therespiratorysystem.com\/pt\/sitemap\/","title":{"rendered":"SiteMap"},"content":{"rendered":"<br \/>\n<h1>HTML Sitemap<\/h1>\n<div class=\"meta\">English pages only (no \/de\/, \/es\/, \/fr\/, \/ru\/, \/pt\/, \/nl\/)<\/div>\n<h2>Main<\/h2>\n<ul>\n<li><a href=\"https:\/\/www.therespiratorysystem.com\/pt\/\">In\u00edcio<\/a><\/li>\n<li><a href=\"https:\/\/www.therespiratorysystem.com\/pt\/about-us\/\">Sobre n\u00f3s<\/a><\/li>\n<li><a href=\"https:\/\/www.therespiratorysystem.com\/pt\/contact-us\/\">Contate-nos<\/a><\/li>\n<li><a href=\"https:\/\/www.therespiratorysystem.com\/pt\/privacy-policy-2\/\">Pol\u00edtica de Privacidade<\/a><\/li>\n<li><a href=\"https:\/\/www.therespiratorysystem.com\/pt\/sitemap\/\">Sitemap<\/a><\/li>\n<\/ul>\n<h2>Categories<\/h2>\n<ul>\n<li><a href=\"https:\/\/www.therespiratorysystem.com\/pt\/respiratory-diseases\/\">Respiratory Diseases<\/a><\/li>\n<li><a href=\"https:\/\/www.therespiratorysystem.com\/pt\/glossary\/\">Gloss\u00e1rio<\/a><\/li>\n<li><a href=\"https:\/\/www.therespiratorysystem.com\/pt\/other-articles\/\">Other Articles<\/a><\/li>\n<li><a href=\"https:\/\/www.therespiratorysystem.com\/pt\/respiratory-system-functions\/\">Fun\u00e7\u00f5es do Sistema Respirat\u00f3rio<\/a><\/li>\n<\/ul>\n<h2>Anatomy Pages<\/h2>\n<ul>\n<li><a href=\"https:\/\/www.therespiratorysystem.com\/pt\/middle-nasal-concha\/\">Concha Nasal M\u00e9dia<\/a><\/li>\n<li><a href=\"https:\/\/www.therespiratorysystem.com\/pt\/inferior-nasal-concha\/\">Concha Nasal Inferior<\/a><\/li>\n<li><a href=\"https:\/\/www.therespiratorysystem.com\/pt\/nasal-conchae-nasal-turbinates\/\">Nasal Conchae (Turbinatos Nasais)<\/a><\/li>\n<li><a href=\"https:\/\/www.therespiratorysystem.com\/pt\/nasal-meatus\/\">Meato Nasal<\/a><\/li>\n<li><a href=\"https:\/\/www.therespiratorysystem.com\/pt\/superior-nasal-concha\/\">Concha Nasal Superior<\/a><\/li>\n<li><a href=\"https:\/\/www.therespiratorysystem.com\/pt\/nasal-cavity\/\">Cavidade Nasal<\/a><\/li>\n<li><a href=\"https:\/\/www.therespiratorysystem.com\/pt\/nose\/\">Nariz<\/a><\/li>\n<li><a href=\"https:\/\/www.therespiratorysystem.com\/pt\/paranasal-sinuses\/\">Seios paranasais<\/a><\/li>\n<li><a href=\"https:\/\/www.therespiratorysystem.com\/pt\/pharynx\/\">Pharynx<\/a><\/li>\n<li><a href=\"https:\/\/www.therespiratorysystem.com\/pt\/larynx\/\">Laringe<\/a><\/li>\n<li><a href=\"https:\/\/www.therespiratorysystem.com\/pt\/epiglottis\/\">Epiglottis<\/a><\/li>\n<li><a href=\"https:\/\/www.therespiratorysystem.com\/pt\/trachea\/\">Traqu\u00e9ia<\/a><\/li>\n<li><a href=\"https:\/\/www.therespiratorysystem.com\/pt\/bronchi\/\">Bronchi<\/a><\/li>\n<li><a href=\"https:\/\/www.therespiratorysystem.com\/pt\/bronchioles\/\">Bronchioles<\/a><\/li>\n<li><a href=\"https:\/\/www.therespiratorysystem.com\/pt\/alveoli\/\">Alveoli<\/a><\/li>\n<li><a href=\"https:\/\/www.therespiratorysystem.com\/pt\/lungs\/\">Pulm\u00f5es<\/a><\/li>\n<li><a href=\"https:\/\/www.therespiratorysystem.com\/pt\/diaphragm\/\">Diafragma<\/a><\/li>\n<\/ul>\n<h2>Glossary Entries<\/h2>\n<ul>\n<li><a href=\"https:\/\/www.therespiratorysystem.com\/pt\/glossary\/lung-lobes\/\">L\u00f3bulos Pulmonares<\/a><\/li>\n<li><a href=\"https:\/\/www.therespiratorysystem.com\/pt\/glossary\/oral-cavity\/\">Cavidade oral<\/a><\/li>\n<li><a href=\"https:\/\/www.therespiratorysystem.com\/pt\/glossary\/intercostal-muscles\/\">M\u00fasculos intercostais<\/a><\/li>\n<li><a href=\"https:\/\/www.therespiratorysystem.com\/pt\/glossary\/nostrils\/\">Nostrils<\/a><\/li>\n<li><a href=\"https:\/\/www.therespiratorysystem.com\/pt\/glossary\/choanae\/\">Choanae<\/a><\/li>\n<li><a href=\"https:\/\/www.therespiratorysystem.com\/pt\/glossary\/nasopharynx\/\">Nasopharynx<\/a><\/li>\n<\/ul>\n<h2>Site Web Section<\/h2>\n<ul>\n<li><a href=\"https:\/\/www.therespiratorysystem.com\/pt\/web\/\">Web<\/a><\/li>\n<li><a href=\"https:\/\/www.therespiratorysystem.com\/pt\/web\/search\/\">Web Search<\/a><\/li>\n<\/ul>","protected":false},"excerpt":{"rendered":"<p>HTML Sitemap English pages only (no \/de\/, \/es\/, \/fr\/, \/ru\/, \/pt\/, \/nl\/) Main Home About Us Contact Us Privacy Policy Sitemap Categories Respiratory Diseases Glossary Other Articles Respiratory System Functions Anatomy Pages Middle Nasal Concha Inferior Nasal Concha Nasal Conchae (Nasal Turbinates) Nasal Meatus Superior Nasal Concha Nasal Cavity Nose Paranasal Sinuses Pharynx Larynx Epiglottis [&hellip;]<\/p>\n","protected":false},"author":1,"featured_media":0,"parent":0,"menu_order":0,"comment_status":"closed","ping_status":"closed","template":"","meta":{"footnotes":""},"class_list":["post-706","page","type-page","status-publish","hentry"],"yoast_head":"<!-- This site is optimized with the Yoast SEO plugin v27.5 - https:\/\/yoast.com\/product\/yoast-seo-wordpress\/ -->\n<title>SiteMap - The Respiratory System<\/title>\n<meta name=\"robots\" content=\"index, follow, max-snippet:-1, max-image-preview:large, max-video-preview:-1\" \/>\n<link rel=\"canonical\" href=\"https:\/\/www.therespiratorysystem.com\/pt\/sitemap\/\" \/>\n<meta property=\"og:locale\" content=\"pt_BR\" \/>\n<meta property=\"og:type\" content=\"article\" \/>\n<meta property=\"og:title\" content=\"SiteMap - The Respiratory System\" \/>\n<meta property=\"og:description\" content=\"HTML Sitemap English pages only (no \/de\/, \/es\/, \/fr\/, \/ru\/, \/pt\/, \/nl\/) Main Home About Us Contact Us Privacy Policy Sitemap Categories Respiratory Diseases Glossary Other Articles Respiratory System Functions Anatomy Pages Middle Nasal Concha Inferior Nasal Concha Nasal Conchae (Nasal Turbinates) Nasal Meatus Superior Nasal Concha Nasal Cavity Nose Paranasal Sinuses Pharynx Larynx Epiglottis [&hellip;]\" \/>\n<meta property=\"og:url\" content=\"https:\/\/www.therespiratorysystem.com\/pt\/sitemap\/\" \/>\n<meta property=\"og:site_name\" content=\"The Respiratory System\" \/>\n<meta property=\"article:modified_time\" content=\"2026-02-08T10:03:57+00:00\" \/>\n<meta name=\"twitter:card\" content=\"summary_large_image\" \/>\n<meta name=\"twitter:label1\" content=\"Est. tempo de leitura\" \/>\n\t<meta name=\"twitter:data1\" content=\"1 minuto\" \/>\n<script type=\"application\/ld+json\" class=\"yoast-schema-graph\">{\"@context\":\"https:\\\/\\\/schema.org\",\"@graph\":[{\"@type\":\"WebPage\",\"@id\":\"https:\\\/\\\/www.therespiratorysystem.com\\\/pt\\\/sitemap\\\/\",\"url\":\"https:\\\/\\\/www.therespiratorysystem.com\\\/pt\\\/sitemap\\\/\",\"name\":\"SiteMap - The Respiratory System\",\"isPartOf\":{\"@id\":\"https:\\\/\\\/www.therespiratorysystem.com\\\/#website\"},\"datePublished\":\"2026-02-08T09:54:15+00:00\",\"dateModified\":\"2026-02-08T10:03:57+00:00\",\"breadcrumb\":{\"@id\":\"https:\\\/\\\/www.therespiratorysystem.com\\\/pt\\\/sitemap\\\/#breadcrumb\"},\"inLanguage\":\"pt-BR\",\"potentialAction\":[{\"@type\":\"ReadAction\",\"target\":[\"https:\\\/\\\/www.therespiratorysystem.com\\\/pt\\\/sitemap\\\/\"]}]},{\"@type\":\"BreadcrumbList\",\"@id\":\"https:\\\/\\\/www.therespiratorysystem.com\\\/pt\\\/sitemap\\\/#breadcrumb\",\"itemListElement\":[{\"@type\":\"ListItem\",\"position\":1,\"name\":\"Home\",\"item\":\"https:\\\/\\\/www.therespiratorysystem.com\\\/\"},{\"@type\":\"ListItem\",\"position\":2,\"name\":\"SiteMap\"}]},{\"@type\":\"WebSite\",\"@id\":\"https:\\\/\\\/www.therespiratorysystem.com\\\/#website\",\"url\":\"https:\\\/\\\/www.therespiratorysystem.com\\\/\",\"name\":\"The Respiratory System\",\"description\":\"\",\"potentialAction\":[{\"@type\":\"SearchAction\",\"target\":{\"@type\":\"EntryPoint\",\"urlTemplate\":\"https:\\\/\\\/www.therespiratorysystem.com\\\/?s={search_term_string}\"},\"query-input\":{\"@type\":\"PropertyValueSpecification\",\"valueRequired\":true,\"valueName\":\"search_term_string\"}}],\"inLanguage\":\"pt-BR\"}]}<\/script>\n<!-- \/ Yoast SEO plugin. -->","yoast_head_json":{"title":"SiteMap - The Respiratory System","robots":{"index":"index","follow":"follow","max-snippet":"max-snippet:-1","max-image-preview":"max-image-preview:large","max-video-preview":"max-video-preview:-1"},"canonical":"https:\/\/www.therespiratorysystem.com\/pt\/sitemap\/","og_locale":"pt_BR","og_type":"article","og_title":"SiteMap - The Respiratory System","og_description":"HTML Sitemap English pages only (no \/de\/, \/es\/, \/fr\/, \/ru\/, \/pt\/, \/nl\/) Main Home About Us Contact Us Privacy Policy Sitemap Categories Respiratory Diseases Glossary Other Articles Respiratory System Functions Anatomy Pages Middle Nasal Concha Inferior Nasal Concha Nasal Conchae (Nasal Turbinates) Nasal Meatus Superior Nasal Concha Nasal Cavity Nose Paranasal Sinuses Pharynx Larynx Epiglottis [&hellip;]","og_url":"https:\/\/www.therespiratorysystem.com\/pt\/sitemap\/","og_site_name":"The Respiratory System","article_modified_time":"2026-02-08T10:03:57+00:00","twitter_card":"summary_large_image","twitter_misc":{"Est. tempo de leitura":"1 minuto"},"schema":{"@context":"https:\/\/schema.org","@graph":[{"@type":"WebPage","@id":"https:\/\/www.therespiratorysystem.com\/pt\/sitemap\/","url":"https:\/\/www.therespiratorysystem.com\/pt\/sitemap\/","name":"SiteMap - The Respiratory System","isPartOf":{"@id":"https:\/\/www.therespiratorysystem.com\/#website"},"datePublished":"2026-02-08T09:54:15+00:00","dateModified":"2026-02-08T10:03:57+00:00","breadcrumb":{"@id":"https:\/\/www.therespiratorysystem.com\/pt\/sitemap\/#breadcrumb"},"inLanguage":"pt-BR","potentialAction":[{"@type":"ReadAction","target":["https:\/\/www.therespiratorysystem.com\/pt\/sitemap\/"]}]},{"@type":"BreadcrumbList","@id":"https:\/\/www.therespiratorysystem.com\/pt\/sitemap\/#breadcrumb","itemListElement":[{"@type":"ListItem","position":1,"name":"Home","item":"https:\/\/www.therespiratorysystem.com\/"},{"@type":"ListItem","position":2,"name":"SiteMap"}]},{"@type":"WebSite","@id":"https:\/\/www.therespiratorysystem.com\/#website","url":"https:\/\/www.therespiratorysystem.com\/","name":"O Sistema Respirat\u00f3rio","description":"","potentialAction":[{"@type":"SearchAction","target":{"@type":"EntryPoint","urlTemplate":"https:\/\/www.therespiratorysystem.com\/?s={search_term_string}"},"query-input":{"@type":"PropertyValueSpecification","valueRequired":true,"valueName":"search_term_string"}}],"inLanguage":"pt-BR"}]}},"_links":{"self":[{"href":"https:\/\/www.therespiratorysystem.com\/pt\/wp-json\/wp\/v2\/pages\/706","targetHints":{"allow":["GET"]}}],"collection":[{"href":"https:\/\/www.therespiratorysystem.com\/pt\/wp-json\/wp\/v2\/pages"}],"about":[{"href":"https:\/\/www.therespiratorysystem.com\/pt\/wp-json\/wp\/v2\/types\/page"}],"author":[{"embeddable":true,"href":"https:\/\/www.therespiratorysystem.com\/pt\/wp-json\/wp\/v2\/users\/1"}],"replies":[{"embeddable":true,"href":"https:\/\/www.therespiratorysystem.com\/pt\/wp-json\/wp\/v2\/comments?post=706"}],"version-history":[{"count":7,"href":"https:\/\/www.therespiratorysystem.com\/pt\/wp-json\/wp\/v2\/pages\/706\/revisions"}],"predecessor-version":[{"id":713,"href":"https:\/\/www.therespiratorysystem.com\/pt\/wp-json\/wp\/v2\/pages\/706\/revisions\/713"}],"wp:attachment":[{"href":"https:\/\/www.therespiratorysystem.com\/pt\/wp-json\/wp\/v2\/media?parent=706"}],"curies":[{"name":"wp","href":"https:\/\/api.w.org\/{rel}","templated":true}]}}